{"id":88,"date":"2020-05-26T14:30:39","date_gmt":"2020-05-26T12:30:39","guid":{"rendered":"http:\/\/saintaubindesbois.fr\/?page_id=88"},"modified":"2021-10-17T22:53:22","modified_gmt":"2021-10-17T20:53:22","slug":"chartres-metropole","status":"publish","type":"page","link":"https:\/\/saintaubindesbois.fr\/index.php\/chartres-metropole\/","title":{"rendered":"Chartres m\u00e9tropole<!-- wp:image {\"id\":194,\"sizeSlug\":\"large\"} --> <figure class=\"wp-block-image size-large\"><img src=\"http:\/\/saintaubindesbois.fr\/wp-content\/uploads\/2020\/05\/chartres_metropole.png\" alt=\"\" class=\"wp-image-194\"\/><\/figure> <!-- \/wp:image -->"},"content":{"rendered":"\n<figure class=\"wp-block-image size-large is-resized\"><a href=\"http:\/\/saintaubindesbois.fr\/wp-content\/uploads\/2020\/06\/chartres_metropole_carte.png\" target=\"_blank\" rel=\"noopener noreferrer\"><img loading=\"lazy\" decoding=\"async\" src=\"http:\/\/saintaubindesbois.fr\/wp-content\/uploads\/2020\/06\/chartres_metropole_carte.png\" alt=\"\" class=\"wp-image-679\" width=\"179\" height=\"216\" srcset=\"https:\/\/saintaubindesbois.fr\/wp-content\/uploads\/2020\/06\/chartres_metropole_carte.png 280w, https:\/\/saintaubindesbois.fr\/wp-content\/uploads\/2020\/06\/chartres_metropole_carte-249x300.png 249w\" sizes=\"auto, (max-width: 179px) 100vw, 179px\" \/><\/a><\/figure>\n\n\n\n<ul class=\"wp-block-list\"><li>Le point noir sur la carte ci-dessus est Saint-Aubin des Bois.<\/li><\/ul>\n\n\n\n<hr class=\"wp-block-separator is-style-default\"\/>\n\n\n\n<p>Provenant du dossier de r\u00e9vision du Sch\u00e9ma de Coh\u00e9rence Territoriale (SCoT) de&nbsp; Chartres M\u00e9tropole qui a fait objet d\u2019une enqu\u00eate publique du 17 octobre au 20 novembre 2019, quelques statistiques non exhaustives sur la communaut\u00e9 d\u2019agglom\u00e9ration dont fait partie la commune de Saint Aubin des Bois depuis le 1<sup>er<\/sup> janvier 2012.<\/p>\n\n\n\n<p><strong>Le territoire actuel du SCoT<\/strong><\/p>\n\n\n\n<p>Chartres M\u00e9tropole regroupe <strong>66 communes<\/strong> dont 9 communes composent <strong>le p\u00f4le urbain<\/strong> (Barjouville, Champhol, Chartres, L\u00e8ves, Le Coudray, Luc\u00e9, Luisant, Mainvilliers et Morancez).<\/p>\n\n\n\n<p>Ces 66 communes viennent en tout ou partie des communaut\u00e9s de communes de l\u2019Or\u00e9e de Chartres, du Val de l\u2019Eure, de l\u2019ancienne Chartres M\u00e9tropole cr\u00e9\u00e9e en 2000 avec les 7 communes historiques (Chartres, Luc\u00e9, Mainvilliers, Luisant, L\u00e8ves, Le Coudray et Champhol), du Bois Gueslin, du Bonnevalais, des Portes Eur\u00e9liennes d\u2019Ile de France, de C\u0153ur de Beauce au sud est, de la CC de Courville.&nbsp;&nbsp;<\/p>\n\n\n\n<div class=\"wp-block-group\"><div class=\"wp-block-group__inner-container is-layout-flow wp-block-group-is-layout-flow\">\n<p>&nbsp;Chartres M\u00e9tropole couvre une superficie de pr\u00e8s de&nbsp; 86&nbsp;376 hectares se d\u00e9clinant ainsi&nbsp;:<\/p>\n\n\n\n<div class=\"wp-block-group\"><div class=\"wp-block-group__inner-container is-layout-flow wp-block-group-is-layout-flow\">\n<div class=\"wp-block-group\"><div class=\"wp-block-group__inner-container is-layout-flow wp-block-group-is-layout-flow\">\n<p>&nbsp;&nbsp;&nbsp;&nbsp;&nbsp;&nbsp;&nbsp;&nbsp;&nbsp;&nbsp;&nbsp; 85,6% d\u2019espaces agricoles (73&nbsp;959 ha)<\/p>\n\n\n\n<p>&nbsp;&nbsp;&nbsp;&nbsp;&nbsp;&nbsp;&nbsp;&nbsp;&nbsp;&nbsp;&nbsp; 8,3% d\u2019espaces artificialis\u00e9s (7&nbsp;203 ha)<\/p>\n\n\n\n<p>&nbsp;&nbsp;&nbsp;&nbsp;&nbsp;&nbsp;&nbsp;&nbsp;&nbsp;&nbsp;&nbsp; 5,8% de for\u00eats et milieux semi-naturels (5&nbsp;036 ha)<\/p>\n\n\n\n<p>&nbsp;&nbsp;&nbsp;&nbsp;&nbsp;&nbsp;&nbsp;&nbsp;&nbsp;&nbsp;&nbsp; 0,2% de surfaces en eau et zones humides (178 ha)<\/p>\n<\/div><\/div>\n<\/div><\/div>\n\n\n\n<p>Saint Aubin des Bois regroupe 1&nbsp;338 ha de territoires agricoles, 74 ha d\u2019espaces&nbsp; artificialis\u00e9s, 410 ha de for\u00eats et milieux semi-naturels, 0 ha de surfaces en eau et zones humides pour une superficie totale d\u2019environ 1&nbsp;822 ha.<\/p>\n<\/div><\/div>\n\n\n\n<p>Chartres M\u00e9tropole accueille 136 375 habitants (INSEE 2016), soit 31% de la population d\u2019Eure et Loir,&nbsp; se r\u00e9partissant entre 2\/3 r\u00e9sidant au sein du p\u00f4le urbain et 1\/3 dans les autres communes du territoire.&nbsp;La croissance d\u00e9mographique&nbsp; avoisine les 0,3%.<\/p>\n\n\n\n<p>41&nbsp;300 actifs vivent et travaillent au sein de l\u2019agglom\u00e9ration (70% des actifs) alors que &nbsp;&nbsp;&nbsp;17&nbsp;400 actifs vont travailler chaque jour hors du territoire, parmi lesquels 22% dans les Yvelines et 14 % \u00e0 Paris.<\/p>\n\n\n\n<p>65&nbsp;200 logements dont 59&nbsp;270 r\u00e9sidences principales (91 %), 1&nbsp;310 r\u00e9sidences secondaires &nbsp;&nbsp;&nbsp;(2 %) et 4&nbsp;640 logements vacants (7 %).<\/p>\n\n\n\n<p>57&nbsp;861 emplois en 2016 localis\u00e9s au sein de Chartres M\u00e9tropole dont 28&nbsp;820 dans la commune de Chartres, soit pr\u00e8s de la moiti\u00e9. C\u2019est le troisi\u00e8me p\u00f4le d\u2019emploi de la r\u00e9gion Centre Val de Loire derri\u00e8re les m\u00e9tropoles de Tours et Orl\u00e9ans. On d\u00e9nombre une trentaine de parcs d\u2019activit\u00e9s concentr\u00e9s en majorit\u00e9 le long de la rocade et \u00e0 proximit\u00e9 de l\u2019autoroute A11. L\u2019industrie du parfum et de la cosm\u00e9tique est un important pourvoyeur d\u2019emplois avec la pr\u00e9sence de la&nbsp;\u00ab&nbsp;Cosmetic Valley&nbsp;\u00bb.<\/p>\n\n\n\n<p>65&nbsp;800 actifs et 7&nbsp;780 ch\u00f4meurs soit un taux de ch\u00f4mage de 11,8 %<\/p>\n\n\n\n<p>Pr\u00e8s de 620 exploitations agricoles, et une surface agricole totale de 68&nbsp;520 hectares. 740 emplois agricoles (soit 1 % de l\u2019emploi total). Le territoire comporte 9 gares.<\/p>\n\n\n\n<div class=\"wp-block-group\"><div class=\"wp-block-group__inner-container is-layout-flow wp-block-group-is-layout-flow\">\n<p>Consommation des espaces naturels et agricoles&nbsp;: les surfaces consomm\u00e9es au cours de la p\u00e9riode 2008-2018 sont estim\u00e9es \u00e0 356 ha soit 35,6 hectares par an, r\u00e9partis comme suit&nbsp;:<\/p>\n\n\n\n<p>-188 hectares pour l\u2019habitat<\/p>\n\n\n\n<p>-141 hectares pour le d\u00e9veloppement \u00e9conomique<\/p>\n\n\n\n<p>-27 hectares pour les \u00e9quipements hors infrastructures supra-SCoT<\/p>\n<\/div><\/div>\n\n\n\n<p>Plus de la moiti\u00e9 de cette consommation fonci\u00e8re est localis\u00e9e au sein du p\u00f4le urbain et plus particuli\u00e8rement \u00e0 proximit\u00e9 de la rocade. Toutefois les surfaces consomm\u00e9es pour l\u2019habitat sont surtout situ\u00e9es en dehors du p\u00f4le urbain (71%) alors que les surfaces consomm\u00e9es par les activit\u00e9s \u00e9conomiques sont localis\u00e9es majoritairement (62%) au sein du p\u00f4le urbain&nbsp;\u00bb.<\/p>\n\n\n\n<p><strong>Pr\u00e9visions&nbsp;:<\/strong><\/p>\n\n\n\n<p>\u00ab&nbsp;Le projet de Scot pr\u00e9voit l\u2019accueil de 21&nbsp;600 habitants suppl\u00e9mentaires afin d\u2019atteindre 160&nbsp;000 habitants \u00e0 l\u2019horizon 2040 soit une croissance d\u00e9mographique de 0,7% par an. Dans cette perspective il envisage la r\u00e9alisation de 15&nbsp;256 logements suppl\u00e9mentaires dont 66% au sein du p\u00f4le urbain et 34 % dans les 57 autres communes,&nbsp; engendrant une arriv\u00e9e de pr\u00e8s de 1&nbsp;000 personnes par an pour une croissance globale d\u2019environ 7% et nntra\u00eenant une augmentation de consommation en eau potable.<\/p>\n\n\n\n<p>La densit\u00e9 de 20 logements \u00e0 l\u2019hectare est pr\u00e9vue en zone rurale.<\/p>\n\n\n\n<p>En outre le Scot vise \u00e0 renforcer le dynamisme \u00e9conomique local et l\u2019attractivit\u00e9 du territoire, en valorisant les ressources locales et en d\u00e9veloppant l\u2019offre de transports, d\u2019\u00e9quipements et de services&nbsp;;&nbsp; Il entend favoriser la cr\u00e9ation d\u2019environ 14&nbsp;000 emplois d\u2019ici 2040, soit en moyenne 639 emplois par an. Il pr\u00e9voit notamment l\u2019extension des parcs d\u2019activit\u00e9s du Jardin d\u2019entreprises \u00e0 Chartres-Gellainville, du P\u00f4le ouest \u00e0 Amilly-Mainvilliers et du Bois Gueslin \u00e0 Migni\u00e8res ainsi que la cr\u00e9ation d\u2019un nouveau parc d\u2019activit\u00e9s et de loisirs de 200 hectares au nord du P\u00f4le urbain. Le Scot identifie plusieurs projets d\u2019infrastructures et d\u2019\u00e9quipements dont en particulier le p\u00f4le gare de Chartres, la future autoroute A154 avec le contournement est de l\u2019agglom\u00e9ration, le bus \u00e0 haut niveau de service BHNS au sein du p\u00f4le urbain et le nouveau parc des expositions (Chartrexpo)&nbsp;\u00bb.<\/p>\n\n\n\n<p>L\u2019ensemble du p\u00e9rim\u00e8tre du SCoT est concern\u00e9 par l\u2019enjeu de pr\u00e9servation des vues sur la cath\u00e9drale de Chartres.<\/p>\n\n\n\n<div class=\"wp-block-group\"><div class=\"wp-block-group__inner-container is-layout-flow wp-block-group-is-layout-flow\">\n<div class=\"wp-block-group\"><div class=\"wp-block-group__inner-container is-layout-flow wp-block-group-is-layout-flow\">\n<p>Pr\u00e9vision maximale de consommation d\u2019espaces en extension de 636 hectares \u00e0 l\u2019horizon 2040 r\u00e9partis comme suit&nbsp;:<\/p>\n\n\n\n<p>-231 hectares \u00e0 destination de l\u2019habitat<\/p>\n\n\n\n<p>-385 hectares \u00e0 des fins de d\u00e9veloppement d\u2019activit\u00e9s \u00e9conomiques<\/p>\n\n\n\n<p>-20 hectares pour les projets d\u2019\u00e9quipement<\/p>\n<\/div><\/div>\n<\/div><\/div>\n\n\n\n<p>Concernant l\u2019habitat la consommation d\u2019espaces est fix\u00e9e dans le SCOT \u00e0 11,6 ha\/an en moyenne (40 logements\/ha dans le p\u00f4le urbain et 20 logements\/ha hors p\u00f4le urbain.<\/p>\n\n\n\n<p>Concernant les activit\u00e9s \u00e9conomiques, le SCoT pr\u00e9voit une consommation d\u2019espace \u00e0 hauteur de 19,3 ha\/an en moyenne (+37%). Cr\u00e9ation d\u2019un parc d\u2019activit\u00e9s de 200 ha \u00e0 L\u00e8ves connect\u00e9 \u00e0 la future desserte autorouti\u00e8re au nord de l\u2019agglom\u00e9ration dont 150 ha d\u00e9di\u00e9s \u00e0 un parc de loisirs de \u00ab&nbsp;rayonnement national&nbsp;\u00bb (parc m\u00e9di\u00e9val).<\/p>\n\n\n\n<p>Il est pr\u00e9vu une extension de 70 ha du parc du Jardin d\u2019entreprises \u00e0 Chartres-Gellainville, une extension de 70 ha du p\u00f4le ouest \u00e0 Amilly-Mainvilliers, une extension de 20 ha du parc d\u2019activit\u00e9s du Bois Gueslin \u00e0 Migni\u00e8res, un agrandissement de la zone commerciale de la Torche \u00e0 Barjouville sur 15 ha.<\/p>\n\n\n\n<p>Des \u00e9tudes plus pr\u00e9cises sont recommand\u00e9es par l\u2019autorit\u00e9 environnementale en ce qui concerne les masses d\u2019eau souterraines, la qualit\u00e9 de l\u2019air, les nuisances sonores, les consommations d\u2019\u00e9nergie et le potentiel de d\u00e9veloppement des \u00e9nergies renouvelables.<\/p>\n\n\n\n<p>Lors de l\u2019\u00e9laboration de leurs documents d\u2019urbanisme locaux, les collectivit\u00e9s locales devront prendre en compte les capacit\u00e9s de d\u00e9veloppement rendues disponibles par leur r\u00e9seau d\u2019assainissement et par la disponibilit\u00e9 r\u00e9siduelle de la ressource en eau potable pour \u00e9tablir leur projet de d\u00e9veloppement.<\/p>\n\n\n\n<p>Sont pris en compte aussi les ressources en eau, le patrimoine architectural et paysager, la sant\u00e9 (nitrates, pesticides, la pollution de l\u2019air, les nuisances sonores, la biodiversit\u00e9 et les continuit\u00e9s \u00e9cologiques, les risques naturels.<\/p>\n\n\n\n<p>(D\u2019apr\u00e8s l\u2019avis d\u00e9lib\u00e9r\u00e9 de la Mission R\u00e9gionale d\u2019Autorit\u00e9 Environnementale, Centre Val de Loire)<\/p>\n\n\n\n<p>Chaque commune de Chartres M\u00e9tropole \u00e9tait invit\u00e9e \u00e0 donner son avis sur le projet de SCoT&nbsp;; parmi ceux qu\u2019il nous a \u00e9t\u00e9 donn\u00e9 de consulter, en voici un qui ne manque pas de logique \u00e0 une \u00e9poque o\u00f9 l\u2019on parle beaucoup des distances tampon entre champ et zone b\u00e2tie&nbsp;: &nbsp;\u00ab&nbsp;<em>Le Conseil Municipal souhaite qu\u2019il soit ajout\u00e9 que les nouvelles zones \u00e9conomiques, commerciales, artisanales ou urbaines qui s\u2019implanteront devront imp\u00e9rativement s\u2019implanter en se prot\u00e9geant de l\u2019agriculture et en respectant les distances de s\u00e9curit\u00e9 n\u00e9cessaires et non l\u2019inverse. Puisque ce sont ces zones qui viennent consommer des terres agricoles, ce ne sera pas aux agriculteurs riverains de s\u2019\u00e9loigner<\/em>&nbsp;\u00bb.<\/p>\n\n\n\n<hr class=\"wp-block-separator\"\/>\n\n\n\n<div class=\"wp-block-file\"><a href=\"https:\/\/saintaubindesbois.fr\/wp-content\/uploads\/2021\/08\/028001686_FONTAINE-LA-GUYON.pdf\">ANALYSE EAU POTABLE 2020<\/a><a href=\"https:\/\/saintaubindesbois.fr\/wp-content\/uploads\/2021\/08\/028001686_FONTAINE-LA-GUYON.pdf\" class=\"wp-block-file__button\" download>T\u00e9l\u00e9charger<\/a><\/div>\n\n\n\n<div class=\"wp-block-group\"><div class=\"wp-block-group__inner-container is-layout-flow wp-block-group-is-layout-flow\">\n<div class=\"wp-block-file\"><a href=\"https:\/\/saintaubindesbois.fr\/wp-content\/uploads\/2021\/10\/72_84343-00112702-1.pdf\">ANALYSE EAU POTABLE 2021<\/a><a href=\"https:\/\/saintaubindesbois.fr\/wp-content\/uploads\/2021\/10\/72_84343-00112702-1.pdf\" class=\"wp-block-file__button\" download>T\u00e9l\u00e9charger<\/a><\/div>\n\n\n\n<div class=\"wp-block-file\"><a href=\"https:\/\/saintaubindesbois.fr\/wp-content\/uploads\/2021\/10\/30_84346-00112891-1.pdf\">ANALYSE EAU POTABLE 2021<\/a><a href=\"https:\/\/saintaubindesbois.fr\/wp-content\/uploads\/2021\/10\/30_84346-00112891-1.pdf\" class=\"wp-block-file__button\" download>T\u00e9l\u00e9charger<\/a><\/div>\n\n\n\n<p><\/p>\n<\/div><\/div>\n\n\n\n<p><\/p>\n","protected":false},"excerpt":{"rendered":"<p>Le point noir sur la carte ci-dessus est Saint-Aubin des Bois. Provenant du dossier de r\u00e9vision du Sch\u00e9ma de Coh\u00e9rence Territoriale (SCoT) de&nbsp; Chartres M\u00e9tropole qui a fait objet d\u2019une &hellip; <\/p>\n<p class=\"link-more\"><a href=\"https:\/\/saintaubindesbois.fr\/index.php\/chartres-metropole\/\" class=\"more-link\">Continuer la lecture<span class=\"screen-reader-text\"> de &laquo;&nbsp;Chartres m\u00e9tropole<!-- wp:image {\"id\":194,\"sizeSlug\":\"large\"} --> <\/p>\n<figure class=\"wp-block-image size-large\"><img loading=\"lazy\" decoding=\"async\" width=\"300\" height=\"121\" src=\"http:\/\/saintaubindesbois.fr\/wp-content\/uploads\/2020\/05\/chartres_metropole.png\" alt=\"\" class=\"wp-image-194\"\/><\/figure>\n<p> <!-- \/wp:image -->&nbsp;&raquo;<\/span><\/a><\/p>\n","protected":false},"author":1,"featured_media":0,"parent":0,"menu_order":0,"comment_status":"closed","ping_status":"closed","template":"","meta":{"footnotes":""},"class_list":["post-88","page","type-page","status-publish","hentry"],"yoast_head":"<!-- This site is optimized with the Yoast SEO plugin v26.6 - https:\/\/yoast.com\/wordpress\/plugins\/seo\/ -->\n<title>Chartres m\u00e9tropole   &#8211; Saint Aubin des Bois<\/title>\n<meta name=\"robots\" content=\"index, follow, max-snippet:-1, max-image-preview:large, max-video-preview:-1\" \/>\n<link rel=\"canonical\" href=\"https:\/\/saintaubindesbois.fr\/index.php\/chartres-metropole\/\" \/>\n<meta property=\"og:locale\" content=\"fr_FR\" \/>\n<meta property=\"og:type\" content=\"article\" \/>\n<meta property=\"og:title\" content=\"Chartres m\u00e9tropole   &#8211; Saint Aubin des Bois\" \/>\n<meta property=\"og:description\" content=\"Le point noir sur la carte ci-dessus est Saint-Aubin des Bois. Provenant du dossier de r\u00e9vision du Sch\u00e9ma de Coh\u00e9rence Territoriale (SCoT) de&nbsp; Chartres M\u00e9tropole qui a fait objet d\u2019une &hellip; Continuer la lecture de &laquo;&nbsp;Chartres m\u00e9tropole &nbsp;&raquo;\" \/>\n<meta property=\"og:url\" content=\"https:\/\/saintaubindesbois.fr\/index.php\/chartres-metropole\/\" \/>\n<meta property=\"og:site_name\" content=\"Saint Aubin des Bois\" \/>\n<meta property=\"article:modified_time\" content=\"2021-10-17T20:53:22+00:00\" \/>\n<meta property=\"og:image\" content=\"http:\/\/saintaubindesbois.fr\/wp-content\/uploads\/2020\/06\/chartres_metropole_carte.png\" \/>\n<meta name=\"twitter:card\" content=\"summary_large_image\" \/>\n<meta name=\"twitter:label1\" content=\"Dur\u00e9e de lecture estim\u00e9e\" \/>\n\t<meta name=\"twitter:data1\" content=\"6 minutes\" \/>\n<script type=\"application\/ld+json\" class=\"yoast-schema-graph\">{\"@context\":\"https:\/\/schema.org\",\"@graph\":[{\"@type\":\"WebPage\",\"@id\":\"https:\/\/saintaubindesbois.fr\/index.php\/chartres-metropole\/\",\"url\":\"https:\/\/saintaubindesbois.fr\/index.php\/chartres-metropole\/\",\"name\":\"Chartres m\u00e9tropole &#8211; Saint Aubin des Bois\",\"isPartOf\":{\"@id\":\"https:\/\/saintaubindesbois.fr\/#website\"},\"primaryImageOfPage\":{\"@id\":\"https:\/\/saintaubindesbois.fr\/index.php\/chartres-metropole\/#primaryimage\"},\"image\":{\"@id\":\"https:\/\/saintaubindesbois.fr\/index.php\/chartres-metropole\/#primaryimage\"},\"thumbnailUrl\":\"http:\/\/saintaubindesbois.fr\/wp-content\/uploads\/2020\/06\/chartres_metropole_carte.png\",\"datePublished\":\"2020-05-26T12:30:39+00:00\",\"dateModified\":\"2021-10-17T20:53:22+00:00\",\"breadcrumb\":{\"@id\":\"https:\/\/saintaubindesbois.fr\/index.php\/chartres-metropole\/#breadcrumb\"},\"inLanguage\":\"fr-FR\",\"potentialAction\":[{\"@type\":\"ReadAction\",\"target\":[\"https:\/\/saintaubindesbois.fr\/index.php\/chartres-metropole\/\"]}]},{\"@type\":\"ImageObject\",\"inLanguage\":\"fr-FR\",\"@id\":\"https:\/\/saintaubindesbois.fr\/index.php\/chartres-metropole\/#primaryimage\",\"url\":\"https:\/\/saintaubindesbois.fr\/wp-content\/uploads\/2020\/06\/chartres_metropole_carte.png\",\"contentUrl\":\"https:\/\/saintaubindesbois.fr\/wp-content\/uploads\/2020\/06\/chartres_metropole_carte.png\",\"width\":280,\"height\":337},{\"@type\":\"BreadcrumbList\",\"@id\":\"https:\/\/saintaubindesbois.fr\/index.php\/chartres-metropole\/#breadcrumb\",\"itemListElement\":[{\"@type\":\"ListItem\",\"position\":1,\"name\":\"Accueil\",\"item\":\"https:\/\/saintaubindesbois.fr\/\"},{\"@type\":\"ListItem\",\"position\":2,\"name\":\"Chartres m\u00e9tropole\"}]},{\"@type\":\"WebSite\",\"@id\":\"https:\/\/saintaubindesbois.fr\/#website\",\"url\":\"https:\/\/saintaubindesbois.fr\/\",\"name\":\"Saint Aubin des Bois\",\"description\":\"28300\",\"publisher\":{\"@id\":\"https:\/\/saintaubindesbois.fr\/#organization\"},\"potentialAction\":[{\"@type\":\"SearchAction\",\"target\":{\"@type\":\"EntryPoint\",\"urlTemplate\":\"https:\/\/saintaubindesbois.fr\/?s={search_term_string}\"},\"query-input\":{\"@type\":\"PropertyValueSpecification\",\"valueRequired\":true,\"valueName\":\"search_term_string\"}}],\"inLanguage\":\"fr-FR\"},{\"@type\":\"Organization\",\"@id\":\"https:\/\/saintaubindesbois.fr\/#organization\",\"name\":\"Saint Aubin des Bois\",\"url\":\"https:\/\/saintaubindesbois.fr\/\",\"logo\":{\"@type\":\"ImageObject\",\"inLanguage\":\"fr-FR\",\"@id\":\"https:\/\/saintaubindesbois.fr\/#\/schema\/logo\/image\/\",\"url\":\"https:\/\/saintaubindesbois.fr\/wp-content\/uploads\/2020\/05\/LogoMairie.jpg\",\"contentUrl\":\"https:\/\/saintaubindesbois.fr\/wp-content\/uploads\/2020\/05\/LogoMairie.jpg\",\"width\":128,\"height\":90,\"caption\":\"Saint Aubin des Bois\"},\"image\":{\"@id\":\"https:\/\/saintaubindesbois.fr\/#\/schema\/logo\/image\/\"}}]}<\/script>\n<!-- \/ Yoast SEO plugin. -->","yoast_head_json":{"title":"Chartres m\u00e9tropole   &#8211; Saint Aubin des Bois","robots":{"index":"index","follow":"follow","max-snippet":"max-snippet:-1","max-image-preview":"max-image-preview:large","max-video-preview":"max-video-preview:-1"},"canonical":"https:\/\/saintaubindesbois.fr\/index.php\/chartres-metropole\/","og_locale":"fr_FR","og_type":"article","og_title":"Chartres m\u00e9tropole   &#8211; Saint Aubin des Bois","og_description":"Le point noir sur la carte ci-dessus est Saint-Aubin des Bois. Provenant du dossier de r\u00e9vision du Sch\u00e9ma de Coh\u00e9rence Territoriale (SCoT) de&nbsp; Chartres M\u00e9tropole qui a fait objet d\u2019une &hellip; Continuer la lecture de &laquo;&nbsp;Chartres m\u00e9tropole &nbsp;&raquo;","og_url":"https:\/\/saintaubindesbois.fr\/index.php\/chartres-metropole\/","og_site_name":"Saint Aubin des Bois","article_modified_time":"2021-10-17T20:53:22+00:00","og_image":[{"url":"http:\/\/saintaubindesbois.fr\/wp-content\/uploads\/2020\/06\/chartres_metropole_carte.png","type":"","width":"","height":""}],"twitter_card":"summary_large_image","twitter_misc":{"Dur\u00e9e de lecture estim\u00e9e":"6 minutes"},"schema":{"@context":"https:\/\/schema.org","@graph":[{"@type":"WebPage","@id":"https:\/\/saintaubindesbois.fr\/index.php\/chartres-metropole\/","url":"https:\/\/saintaubindesbois.fr\/index.php\/chartres-metropole\/","name":"Chartres m\u00e9tropole &#8211; Saint Aubin des Bois","isPartOf":{"@id":"https:\/\/saintaubindesbois.fr\/#website"},"primaryImageOfPage":{"@id":"https:\/\/saintaubindesbois.fr\/index.php\/chartres-metropole\/#primaryimage"},"image":{"@id":"https:\/\/saintaubindesbois.fr\/index.php\/chartres-metropole\/#primaryimage"},"thumbnailUrl":"http:\/\/saintaubindesbois.fr\/wp-content\/uploads\/2020\/06\/chartres_metropole_carte.png","datePublished":"2020-05-26T12:30:39+00:00","dateModified":"2021-10-17T20:53:22+00:00","breadcrumb":{"@id":"https:\/\/saintaubindesbois.fr\/index.php\/chartres-metropole\/#breadcrumb"},"inLanguage":"fr-FR","potentialAction":[{"@type":"ReadAction","target":["https:\/\/saintaubindesbois.fr\/index.php\/chartres-metropole\/"]}]},{"@type":"ImageObject","inLanguage":"fr-FR","@id":"https:\/\/saintaubindesbois.fr\/index.php\/chartres-metropole\/#primaryimage","url":"https:\/\/saintaubindesbois.fr\/wp-content\/uploads\/2020\/06\/chartres_metropole_carte.png","contentUrl":"https:\/\/saintaubindesbois.fr\/wp-content\/uploads\/2020\/06\/chartres_metropole_carte.png","width":280,"height":337},{"@type":"BreadcrumbList","@id":"https:\/\/saintaubindesbois.fr\/index.php\/chartres-metropole\/#breadcrumb","itemListElement":[{"@type":"ListItem","position":1,"name":"Accueil","item":"https:\/\/saintaubindesbois.fr\/"},{"@type":"ListItem","position":2,"name":"Chartres m\u00e9tropole"}]},{"@type":"WebSite","@id":"https:\/\/saintaubindesbois.fr\/#website","url":"https:\/\/saintaubindesbois.fr\/","name":"Saint Aubin des Bois","description":"28300","publisher":{"@id":"https:\/\/saintaubindesbois.fr\/#organization"},"potentialAction":[{"@type":"SearchAction","target":{"@type":"EntryPoint","urlTemplate":"https:\/\/saintaubindesbois.fr\/?s={search_term_string}"},"query-input":{"@type":"PropertyValueSpecification","valueRequired":true,"valueName":"search_term_string"}}],"inLanguage":"fr-FR"},{"@type":"Organization","@id":"https:\/\/saintaubindesbois.fr\/#organization","name":"Saint Aubin des Bois","url":"https:\/\/saintaubindesbois.fr\/","logo":{"@type":"ImageObject","inLanguage":"fr-FR","@id":"https:\/\/saintaubindesbois.fr\/#\/schema\/logo\/image\/","url":"https:\/\/saintaubindesbois.fr\/wp-content\/uploads\/2020\/05\/LogoMairie.jpg","contentUrl":"https:\/\/saintaubindesbois.fr\/wp-content\/uploads\/2020\/05\/LogoMairie.jpg","width":128,"height":90,"caption":"Saint Aubin des Bois"},"image":{"@id":"https:\/\/saintaubindesbois.fr\/#\/schema\/logo\/image\/"}}]}},"_links":{"self":[{"href":"https:\/\/saintaubindesbois.fr\/index.php\/wp-json\/wp\/v2\/pages\/88","targetHints":{"allow":["GET"]}}],"collection":[{"href":"https:\/\/saintaubindesbois.fr\/index.php\/wp-json\/wp\/v2\/pages"}],"about":[{"href":"https:\/\/saintaubindesbois.fr\/index.php\/wp-json\/wp\/v2\/types\/page"}],"author":[{"embeddable":true,"href":"https:\/\/saintaubindesbois.fr\/index.php\/wp-json\/wp\/v2\/users\/1"}],"replies":[{"embeddable":true,"href":"https:\/\/saintaubindesbois.fr\/index.php\/wp-json\/wp\/v2\/comments?post=88"}],"version-history":[{"count":68,"href":"https:\/\/saintaubindesbois.fr\/index.php\/wp-json\/wp\/v2\/pages\/88\/revisions"}],"predecessor-version":[{"id":83246,"href":"https:\/\/saintaubindesbois.fr\/index.php\/wp-json\/wp\/v2\/pages\/88\/revisions\/83246"}],"wp:attachment":[{"href":"https:\/\/saintaubindesbois.fr\/index.php\/wp-json\/wp\/v2\/media?parent=88"}],"curies":[{"name":"wp","href":"https:\/\/api.w.org\/{rel}","templated":true}]}}