{"id":7941,"date":"2020-09-16T10:36:04","date_gmt":"2020-09-16T08:36:04","guid":{"rendered":"https:\/\/saintaubindesbois.fr\/?page_id=7941"},"modified":"2024-02-08T11:37:31","modified_gmt":"2024-02-08T10:37:31","slug":"commissions-communales","status":"publish","type":"page","link":"https:\/\/saintaubindesbois.fr\/index.php\/commissions-communales\/","title":{"rendered":"Commissions communales"},"content":{"rendered":"\n<p class=\"has-text-align-center\">Pr\u00e9sident de plein droit : Monsieur Guy MAURENARD, maire.<\/p>\n\n\n\n<figure class=\"wp-block-table is-style-stripes\"><table><thead><tr><th class=\"has-text-align-left\" data-align=\"left\">Commissions<\/th><th class=\"has-text-align-left\" data-align=\"left\">Responsables<\/th><th class=\"has-text-align-left\" data-align=\"left\">Membres<\/th><\/tr><\/thead><tbody><tr><td class=\"has-text-align-left\" data-align=\"left\"><em>F\u00eates et c\u00e9r\u00e9monies<\/em><\/td><td class=\"has-text-align-left\" data-align=\"left\">POULAIN Fran\u00e7oise<\/td><td class=\"has-text-align-left\" data-align=\"left\"><br>HALLAY B\u00e9atrix<br>GUESNET Michel<br>CHATOUX Marie-Pierre<br>LAIGNEAU Dominique<br>FOURMONT L\u00c9TANG Chantal<br>TROCHERIE Evelyne<br>PIEDAGNIEL Sophie<\/td><\/tr><tr><td class=\"has-text-align-left\" data-align=\"left\"><em>Communication<\/em><\/td><td class=\"has-text-align-left\" data-align=\"left\">GUESNET Michel<\/td><td class=\"has-text-align-left\" data-align=\"left\">BOTTIN Daphn\u00e9e<br>BONVALLET Isabelle<br>LEGUAY Gr\u00e9gory<\/td><\/tr><tr><td class=\"has-text-align-left\" data-align=\"left\"><em>Bulletin municipal<\/em><\/td><td class=\"has-text-align-left\" data-align=\"left\">GUESNET Michel<\/td><td class=\"has-text-align-left\" data-align=\"left\">HALLAY B\u00e9atrix<br>FOURMONT L\u00c9TANG Chantal<br>POULAIN Fran\u00e7oise<br>MOMMESSIN Thierry<\/td><\/tr><tr><td class=\"has-text-align-left\" data-align=\"left\"><\/td><td class=\"has-text-align-left\" data-align=\"left\"><\/td><td class=\"has-text-align-left\" data-align=\"left\"><\/td><\/tr><tr><td class=\"has-text-align-left\" data-align=\"left\"><em>S<\/em>IRP<\/td><td class=\"has-text-align-left\" data-align=\"left\">GUESNET Michel<\/td><td class=\"has-text-align-left\" data-align=\"left\">HALLAY B\u00e9atrix<br>BONVALLET Isabelle<br>PIEDAGNIEL Sophie<br>MOMMESSIN Thierry<\/td><\/tr><tr><td class=\"has-text-align-left\" data-align=\"left\"><em>Site Internet<\/em><\/td><td class=\"has-text-align-left\" data-align=\"left\">GUESNET Michel<\/td><td class=\"has-text-align-left\" data-align=\"left\">BOTTIN Daphn\u00e9e<br>BONVALLET Isabelle<br>LEGUAY Gr\u00e9gory<\/td><\/tr><tr><td class=\"has-text-align-left\" data-align=\"left\">Budget Finances<\/td><td class=\"has-text-align-left\" data-align=\"left\">LAIGNEAU Dominique<\/td><td class=\"has-text-align-left\" data-align=\"left\">GUESNET Michel<br>CHATOUX Marie-Pierre<br>TROCHERIE Evelyne<br>BOTTIN Daphn\u00e9e<\/td><\/tr><tr><td class=\"has-text-align-left\" data-align=\"left\"><em>PLU Urbanisme<\/em><\/td><td class=\"has-text-align-left\" data-align=\"left\">LAIGNEAU Dominique<\/td><td class=\"has-text-align-left\" data-align=\"left\">GUESNET Michel<br>TRICHEUX Sylvain<br>LEGUAY Gr\u00e9gory<\/td><\/tr><tr><td class=\"has-text-align-left\" data-align=\"left\"><em>Travaux<\/em><\/td><td class=\"has-text-align-left\" data-align=\"left\">LAIGNEAU Dominique<\/td><td class=\"has-text-align-left\" data-align=\"left\">FOURMONT L\u00c9TANG Chantal<br>POULAIN Fran\u00e7oise<br>GUESNET Michel<\/td><\/tr><tr><td class=\"has-text-align-left\" data-align=\"left\"><em>Sports<\/em><\/td><td class=\"has-text-align-left\" data-align=\"left\">MOMMESSIN Thierry<\/td><td class=\"has-text-align-left\" data-align=\"left\"><br>BONVALLET Isabelle<br>PIEDAGNIEL Sophie<br>BOTTIN Daphn\u00e9e<\/td><\/tr><tr><td class=\"has-text-align-left\" data-align=\"left\"><em>Environnement<\/em><\/td><td class=\"has-text-align-left\" data-align=\"left\">GUESNET Michel<\/td><td class=\"has-text-align-left\" data-align=\"left\">LAIGNEAU Dominique<br>FOURMONT L\u00c9TANG Chantal<br>POULAIN Fran\u00e7oise<br>TROCHERIE Evelyne<br>LEGUAY Gr\u00e9gory<\/td><\/tr><tr><td class=\"has-text-align-left\" data-align=\"left\"><\/td><td class=\"has-text-align-left\" data-align=\"left\"><\/td><td class=\"has-text-align-left\" data-align=\"left\"><\/td><\/tr><tr><td class=\"has-text-align-left\" data-align=\"left\"><em>Vall\u00e9es et Chemins<\/em><\/td><td class=\"has-text-align-left\" data-align=\"left\">TRICHEUX Sylvain<\/td><td class=\"has-text-align-left\" data-align=\"left\">LAIGNEAU Dominique<\/td><\/tr><tr><td class=\"has-text-align-left\" data-align=\"left\"><em>Salle Communale<\/em><\/td><td class=\"has-text-align-left\" data-align=\"left\">POULAIN Fran\u00e7oise<\/td><td class=\"has-text-align-left\" data-align=\"left\">MOMMESSIN Thierry<br>BOTTIN Daphn\u00e9e<\/td><\/tr><tr><td class=\"has-text-align-left\" data-align=\"left\"><em>CCAS<\/em><\/td><td class=\"has-text-align-left\" data-align=\"left\">HALLAY B\u00e9atrix<\/td><td class=\"has-text-align-left\" data-align=\"left\">FOURMONT L\u00c9TANG Chantal<br>POULAIN Fran\u00e7oise<br>BONVALLET Isabelle<br>RENARD Fr\u00e9d\u00e9ric (ext\u00e9rieur)<br>PARACHINI Martine (ext\u00e9rieur)<br>BARR\u00c9 Florence (ext\u00e9rieur)<br>LEBEAU Katia (ext\u00e9rieur)<\/td><\/tr><tr><td class=\"has-text-align-left\" data-align=\"left\"><em>CCID<\/em><\/td><td class=\"has-text-align-left\" data-align=\"left\">LAIGNEAU Dominique<\/td><td class=\"has-text-align-left\" data-align=\"left\"><\/td><\/tr><tr><td class=\"has-text-align-left\" data-align=\"left\"><em>Adjoint \u00e0 la culture<\/em><\/td><td class=\"has-text-align-left\" data-align=\"left\">HALLAY B\u00e9atrix<\/td><td class=\"has-text-align-left\" data-align=\"left\"><\/td><\/tr><tr><td class=\"has-text-align-left\" data-align=\"left\"><em>ADMR (repas)<\/em><\/td><td class=\"has-text-align-left\" data-align=\"left\">FOURMONT L\u00c9TANG Chantal<\/td><td class=\"has-text-align-left\" data-align=\"left\"><\/td><\/tr><tr><td class=\"has-text-align-left\" data-align=\"left\"><em>Appels d&rsquo;offres<\/em><\/td><td class=\"has-text-align-left\" data-align=\"left\"><\/td><td class=\"has-text-align-left\" data-align=\"left\">GUESNET Michel (titulaire)<br>LAIGNEAU Dominique (titulaire)<br>TRICHEUX Sylvain (suppl\u00e9ant)<br>TROCHERIE Evelyne (suppl\u00e9ante)<br>FOURMONT L\u00c9TANG Chantal (suppl\u00e9ante)<\/td><\/tr><tr><td class=\"has-text-align-left\" data-align=\"left\"><em>Cimeti\u00e8re <\/em><\/td><td class=\"has-text-align-left\" data-align=\"left\">HALLAY B\u00e9atrix<\/td><td class=\"has-text-align-left\" data-align=\"left\">GUESNET Michel<br>CHATOUX Marie-Pierre<br>POULAIN Fran\u00e7oise<\/td><\/tr><tr><td class=\"has-text-align-left\" data-align=\"left\"><em>Charges transf<\/em>\u00e9r\u00e9es<\/td><td class=\"has-text-align-left\" data-align=\"left\">LAIGNEAU Dominique<\/td><td class=\"has-text-align-left\" data-align=\"left\">FOURMONT L\u00c9TANG Chantal<br>(suppl\u00e9ante)<\/td><\/tr><tr><td class=\"has-text-align-left\" data-align=\"left\">S\u00e9curit\u00e9 Routi\u00e8re<\/td><td class=\"has-text-align-left\" data-align=\"left\">PIEDAGNIEL Sophie<\/td><td class=\"has-text-align-left\" data-align=\"left\">MOMMESSIN Thierry<br>LEGUAY Gr\u00e9gory<\/td><\/tr><tr><td class=\"has-text-align-left\" data-align=\"left\"><em>Handicap<\/em><\/td><td class=\"has-text-align-left\" data-align=\"left\">HALLAY B\u00e9atrix<\/td><td class=\"has-text-align-left\" data-align=\"left\">GUESNET Michel<br>FOURMONT L\u00c9TANG Chantal<br>BONVALLET Isabelle<br>BOTTIN Daphn\u00e9e<\/td><\/tr><tr><td class=\"has-text-align-left\" data-align=\"left\"><em>Permis de construire<\/em><\/td><td class=\"has-text-align-left\" data-align=\"left\"><\/td><td class=\"has-text-align-left\" data-align=\"left\">LAIGNEAU Dominique<br>TRICHEUX Sylvain<\/td><\/tr><tr><td class=\"has-text-align-left\" data-align=\"left\">Contrat Local de Sant\u00e9<\/td><td class=\"has-text-align-left\" data-align=\"left\">BONVALLET Isabelle<\/td><td class=\"has-text-align-left\" data-align=\"left\"><\/td><\/tr><tr><td class=\"has-text-align-left\" data-align=\"left\">Correspondant D\u00e9fense<\/td><td class=\"has-text-align-left\" data-align=\"left\">FOURMONT-L\u00c9TANG Chantal<\/td><td class=\"has-text-align-left\" data-align=\"left\"><\/td><\/tr><\/tbody><\/table><\/figure>\n","protected":false},"excerpt":{"rendered":"<p>Pr\u00e9sident de plein droit : Monsieur Guy MAURENARD, maire. Commissions Responsables Membres F\u00eates et c\u00e9r\u00e9monies POULAIN Fran\u00e7oise HALLAY B\u00e9atrixGUESNET MichelCHATOUX Marie-PierreLAIGNEAU DominiqueFOURMONT L\u00c9TANG ChantalTROCHERIE EvelynePIEDAGNIEL Sophie Communication GUESNET Michel BOTTIN &hellip; <\/p>\n<p class=\"link-more\"><a href=\"https:\/\/saintaubindesbois.fr\/index.php\/commissions-communales\/\" class=\"more-link\">Continuer la lecture<span class=\"screen-reader-text\"> de &laquo;&nbsp;Commissions communales&nbsp;&raquo;<\/span><\/a><\/p>\n","protected":false},"author":1,"featured_media":0,"parent":0,"menu_order":0,"comment_status":"closed","ping_status":"closed","template":"","meta":{"footnotes":""},"class_list":["post-7941","page","type-page","status-publish","hentry"],"yoast_head":"<!-- This site is optimized with the Yoast SEO plugin v26.6 - https:\/\/yoast.com\/wordpress\/plugins\/seo\/ -->\n<title>Commissions communales &#8211; Saint Aubin des Bois<\/title>\n<meta name=\"robots\" content=\"index, follow, max-snippet:-1, max-image-preview:large, max-video-preview:-1\" \/>\n<link rel=\"canonical\" href=\"https:\/\/saintaubindesbois.fr\/index.php\/commissions-communales\/\" \/>\n<meta property=\"og:locale\" content=\"fr_FR\" \/>\n<meta property=\"og:type\" content=\"article\" \/>\n<meta property=\"og:title\" content=\"Commissions communales &#8211; Saint Aubin des Bois\" \/>\n<meta property=\"og:description\" content=\"Pr\u00e9sident de plein droit : Monsieur Guy MAURENARD, maire. Commissions Responsables Membres F\u00eates et c\u00e9r\u00e9monies POULAIN Fran\u00e7oise HALLAY B\u00e9atrixGUESNET MichelCHATOUX Marie-PierreLAIGNEAU DominiqueFOURMONT L\u00c9TANG ChantalTROCHERIE EvelynePIEDAGNIEL Sophie Communication GUESNET Michel BOTTIN &hellip; Continuer la lecture de &laquo;&nbsp;Commissions communales&nbsp;&raquo;\" \/>\n<meta property=\"og:url\" content=\"https:\/\/saintaubindesbois.fr\/index.php\/commissions-communales\/\" \/>\n<meta property=\"og:site_name\" content=\"Saint Aubin des Bois\" \/>\n<meta property=\"article:modified_time\" content=\"2024-02-08T10:37:31+00:00\" \/>\n<meta name=\"twitter:card\" content=\"summary_large_image\" \/>\n<meta name=\"twitter:label1\" content=\"Dur\u00e9e de lecture estim\u00e9e\" \/>\n\t<meta name=\"twitter:data1\" content=\"2 minutes\" \/>\n<script type=\"application\/ld+json\" class=\"yoast-schema-graph\">{\"@context\":\"https:\/\/schema.org\",\"@graph\":[{\"@type\":\"WebPage\",\"@id\":\"https:\/\/saintaubindesbois.fr\/index.php\/commissions-communales\/\",\"url\":\"https:\/\/saintaubindesbois.fr\/index.php\/commissions-communales\/\",\"name\":\"Commissions communales &#8211; Saint Aubin des Bois\",\"isPartOf\":{\"@id\":\"https:\/\/saintaubindesbois.fr\/#website\"},\"datePublished\":\"2020-09-16T08:36:04+00:00\",\"dateModified\":\"2024-02-08T10:37:31+00:00\",\"breadcrumb\":{\"@id\":\"https:\/\/saintaubindesbois.fr\/index.php\/commissions-communales\/#breadcrumb\"},\"inLanguage\":\"fr-FR\",\"potentialAction\":[{\"@type\":\"ReadAction\",\"target\":[\"https:\/\/saintaubindesbois.fr\/index.php\/commissions-communales\/\"]}]},{\"@type\":\"BreadcrumbList\",\"@id\":\"https:\/\/saintaubindesbois.fr\/index.php\/commissions-communales\/#breadcrumb\",\"itemListElement\":[{\"@type\":\"ListItem\",\"position\":1,\"name\":\"Accueil\",\"item\":\"https:\/\/saintaubindesbois.fr\/\"},{\"@type\":\"ListItem\",\"position\":2,\"name\":\"Commissions communales\"}]},{\"@type\":\"WebSite\",\"@id\":\"https:\/\/saintaubindesbois.fr\/#website\",\"url\":\"https:\/\/saintaubindesbois.fr\/\",\"name\":\"Saint Aubin des Bois\",\"description\":\"28300\",\"publisher\":{\"@id\":\"https:\/\/saintaubindesbois.fr\/#organization\"},\"potentialAction\":[{\"@type\":\"SearchAction\",\"target\":{\"@type\":\"EntryPoint\",\"urlTemplate\":\"https:\/\/saintaubindesbois.fr\/?s={search_term_string}\"},\"query-input\":{\"@type\":\"PropertyValueSpecification\",\"valueRequired\":true,\"valueName\":\"search_term_string\"}}],\"inLanguage\":\"fr-FR\"},{\"@type\":\"Organization\",\"@id\":\"https:\/\/saintaubindesbois.fr\/#organization\",\"name\":\"Saint Aubin des Bois\",\"url\":\"https:\/\/saintaubindesbois.fr\/\",\"logo\":{\"@type\":\"ImageObject\",\"inLanguage\":\"fr-FR\",\"@id\":\"https:\/\/saintaubindesbois.fr\/#\/schema\/logo\/image\/\",\"url\":\"https:\/\/saintaubindesbois.fr\/wp-content\/uploads\/2020\/05\/LogoMairie.jpg\",\"contentUrl\":\"https:\/\/saintaubindesbois.fr\/wp-content\/uploads\/2020\/05\/LogoMairie.jpg\",\"width\":128,\"height\":90,\"caption\":\"Saint Aubin des Bois\"},\"image\":{\"@id\":\"https:\/\/saintaubindesbois.fr\/#\/schema\/logo\/image\/\"}}]}<\/script>\n<!-- \/ Yoast SEO plugin. -->","yoast_head_json":{"title":"Commissions communales &#8211; Saint Aubin des Bois","robots":{"index":"index","follow":"follow","max-snippet":"max-snippet:-1","max-image-preview":"max-image-preview:large","max-video-preview":"max-video-preview:-1"},"canonical":"https:\/\/saintaubindesbois.fr\/index.php\/commissions-communales\/","og_locale":"fr_FR","og_type":"article","og_title":"Commissions communales &#8211; Saint Aubin des Bois","og_description":"Pr\u00e9sident de plein droit : Monsieur Guy MAURENARD, maire. Commissions Responsables Membres F\u00eates et c\u00e9r\u00e9monies POULAIN Fran\u00e7oise HALLAY B\u00e9atrixGUESNET MichelCHATOUX Marie-PierreLAIGNEAU DominiqueFOURMONT L\u00c9TANG ChantalTROCHERIE EvelynePIEDAGNIEL Sophie Communication GUESNET Michel BOTTIN &hellip; Continuer la lecture de &laquo;&nbsp;Commissions communales&nbsp;&raquo;","og_url":"https:\/\/saintaubindesbois.fr\/index.php\/commissions-communales\/","og_site_name":"Saint Aubin des Bois","article_modified_time":"2024-02-08T10:37:31+00:00","twitter_card":"summary_large_image","twitter_misc":{"Dur\u00e9e de lecture estim\u00e9e":"2 minutes"},"schema":{"@context":"https:\/\/schema.org","@graph":[{"@type":"WebPage","@id":"https:\/\/saintaubindesbois.fr\/index.php\/commissions-communales\/","url":"https:\/\/saintaubindesbois.fr\/index.php\/commissions-communales\/","name":"Commissions communales &#8211; Saint Aubin des Bois","isPartOf":{"@id":"https:\/\/saintaubindesbois.fr\/#website"},"datePublished":"2020-09-16T08:36:04+00:00","dateModified":"2024-02-08T10:37:31+00:00","breadcrumb":{"@id":"https:\/\/saintaubindesbois.fr\/index.php\/commissions-communales\/#breadcrumb"},"inLanguage":"fr-FR","potentialAction":[{"@type":"ReadAction","target":["https:\/\/saintaubindesbois.fr\/index.php\/commissions-communales\/"]}]},{"@type":"BreadcrumbList","@id":"https:\/\/saintaubindesbois.fr\/index.php\/commissions-communales\/#breadcrumb","itemListElement":[{"@type":"ListItem","position":1,"name":"Accueil","item":"https:\/\/saintaubindesbois.fr\/"},{"@type":"ListItem","position":2,"name":"Commissions communales"}]},{"@type":"WebSite","@id":"https:\/\/saintaubindesbois.fr\/#website","url":"https:\/\/saintaubindesbois.fr\/","name":"Saint Aubin des Bois","description":"28300","publisher":{"@id":"https:\/\/saintaubindesbois.fr\/#organization"},"potentialAction":[{"@type":"SearchAction","target":{"@type":"EntryPoint","urlTemplate":"https:\/\/saintaubindesbois.fr\/?s={search_term_string}"},"query-input":{"@type":"PropertyValueSpecification","valueRequired":true,"valueName":"search_term_string"}}],"inLanguage":"fr-FR"},{"@type":"Organization","@id":"https:\/\/saintaubindesbois.fr\/#organization","name":"Saint Aubin des Bois","url":"https:\/\/saintaubindesbois.fr\/","logo":{"@type":"ImageObject","inLanguage":"fr-FR","@id":"https:\/\/saintaubindesbois.fr\/#\/schema\/logo\/image\/","url":"https:\/\/saintaubindesbois.fr\/wp-content\/uploads\/2020\/05\/LogoMairie.jpg","contentUrl":"https:\/\/saintaubindesbois.fr\/wp-content\/uploads\/2020\/05\/LogoMairie.jpg","width":128,"height":90,"caption":"Saint Aubin des Bois"},"image":{"@id":"https:\/\/saintaubindesbois.fr\/#\/schema\/logo\/image\/"}}]}},"_links":{"self":[{"href":"https:\/\/saintaubindesbois.fr\/index.php\/wp-json\/wp\/v2\/pages\/7941","targetHints":{"allow":["GET"]}}],"collection":[{"href":"https:\/\/saintaubindesbois.fr\/index.php\/wp-json\/wp\/v2\/pages"}],"about":[{"href":"https:\/\/saintaubindesbois.fr\/index.php\/wp-json\/wp\/v2\/types\/page"}],"author":[{"embeddable":true,"href":"https:\/\/saintaubindesbois.fr\/index.php\/wp-json\/wp\/v2\/users\/1"}],"replies":[{"embeddable":true,"href":"https:\/\/saintaubindesbois.fr\/index.php\/wp-json\/wp\/v2\/comments?post=7941"}],"version-history":[{"count":21,"href":"https:\/\/saintaubindesbois.fr\/index.php\/wp-json\/wp\/v2\/pages\/7941\/revisions"}],"predecessor-version":[{"id":85419,"href":"https:\/\/saintaubindesbois.fr\/index.php\/wp-json\/wp\/v2\/pages\/7941\/revisions\/85419"}],"wp:attachment":[{"href":"https:\/\/saintaubindesbois.fr\/index.php\/wp-json\/wp\/v2\/media?parent=7941"}],"curies":[{"name":"wp","href":"https:\/\/api.w.org\/{rel}","templated":true}]}}