{"id":4634,"date":"2020-08-10T16:07:39","date_gmt":"2020-08-10T14:07:39","guid":{"rendered":"https:\/\/saintaubindesbois.fr\/?page_id=4634"},"modified":"2020-10-29T10:21:26","modified_gmt":"2020-10-29T09:21:26","slug":"dechetterie","status":"publish","type":"page","link":"https:\/\/saintaubindesbois.fr\/index.php\/dechetterie\/","title":{"rendered":"D\u00e9chetterie<!-- wp:image {\"id\":194,\"sizeSlug\":\"large\"} --> <figure class=\"wp-block-image\"><img src=\"https:\/\/saintaubindesbois.fr\/wp-content\/uploads\/2020\/08\/dechetterie.jpg\" alt=\"\" class=\"wp-image-1538\"\/><\/figure> <!-- \/wp:image -->"},"content":{"rendered":"\n<h6 class=\"wp-block-heading\">\u2013 La D\u00e9chetterie de  Chartres M\u00e9tropole :<\/h6>\n\n\n\n<ul class=\"wp-block-list\"><li>Adresse : \ud83d\uddfa\ufe0f Gare, Le Petit Ch\u00eane, 28300 Saint-Aubin des Bois*<\/li><li>T\u00e9l\u00e9phone : \ud83d\udcde 02 37 32 80 13 (num\u00e9ro \u201cvert\u201d gratuit depuis un poste fixe : \u260e\ufe0f 08 00 22 20 36)<\/li><li>Horaires : \u231a<\/li><\/ul>\n\n\n\n<figure class=\"wp-block-table is-style-stripes\"><table><thead><tr><th>Jour<\/th><th>Ouverture<\/th><th>Pause<\/th><th>Fermeture<\/th><\/tr><\/thead><tbody><tr><td>Lundi<\/td><td>14h<\/td><td>Aucune<\/td><td>18h<\/td><\/tr><tr><td>Mardi<\/td><td>Ferm\u00e9e<\/td><td>Ferm\u00e9e<\/td><td>Ferm\u00e9e<\/td><\/tr><tr><td>Mercredi<\/td><td>9h<\/td><td>12h \u2013 14h<\/td><td>18h<\/td><\/tr><tr><td>Jeudi<\/td><td>Ferm\u00e9e<\/td><td>Ferm\u00e9e<\/td><td>Ferm\u00e9e<\/td><\/tr><tr><td>Vendredi<\/td><td>9h<\/td><td>12h \u2013 14h<\/td><td>18h<\/td><\/tr><tr><td>Samedi<\/td><td>9h<\/td><td>12h \u2013 14h<\/td><td>18h<\/td><\/tr><tr><td>Dimanche<\/td><td>9h<\/td><td>Aucune<\/td><td>12h<\/td><\/tr><tr><td>(Jours f\u00e9ri\u00e9s<\/td><td>Ferm\u00e9e<\/td><td>Ferm\u00e9e<\/td><td>Ferm\u00e9e)<\/td><\/tr><\/tbody><\/table><\/figure>\n\n\n\n<p>Infos : Les d\u00e9chets verts issus des jardins entrent dans la cat\u00e9gorie des d\u00e9chets m\u00e9nagers dont le br\u00fblage \u00e0 l\u2019air libre est \u00e9galement interdit. Pensons au compostage pour r\u00e9duire les d\u00e9chets m\u00e9nagers, c\u2019est pratique, \u00e9cologique et \u00e9conomique.<\/p>\n\n\n\n<p>Pour la s\u00e9curit\u00e9 de tous, en raison du vent ou des asp\u00e9rit\u00e9s de la chauss\u00e9e, et pour pr\u00e9server notre environnement, merci de b\u00e2cher et sangler solidement votre remorque, vous \u00e9viterez ainsi que vos d\u00e9chets ne tombent sur la route et se retrouvent dans la nature.<\/p>\n\n\n\n<p>Chaque apporteur doit normalement organiser le tri de ses d\u00e9chets pr\u00e9alablement \u00e0 son arriv\u00e9e en d\u00e9chetterie pour faire gagner du temps lors de l\u2019acc\u00e8s aux diff\u00e9rentes bennes.<\/p>\n\n\n\n<p>Le dernier acc\u00e8s doit se faire un quart d\u2019heure avant l\u2019heure de fermeture afin d\u2019avoir suffisamment de temps pour vider son chargement, et permettre le nettoyage du site.<\/p>\n\n\n\n<hr class=\"wp-block-separator\"\/>\n\n\n\n<h6 class=\"wp-block-heading\">\u2013 La collecte des d\u00e9chets :<\/h6>\n\n\n\n<figure class=\"wp-block-image\"><a href=\"https:\/\/saintaubindesbois.fr\/wp-content\/uploads\/2020\/06\/pictogrammecamionpoubelle.png\" target=\"_blank\" rel=\"noreferrer noopener\"><img loading=\"lazy\" decoding=\"async\" width=\"192\" height=\"96\" src=\"https:\/\/saintaubindesbois.fr\/wp-content\/uploads\/2020\/06\/pictogrammecamionpoubelle.png\" alt=\"\" class=\"wp-image-1856\"\/><\/a><\/figure>\n\n\n\n<p>Le calendrier des collectes des d\u00e9chets est distribu\u00e9 dans les bo\u00eetes aux lettres.<\/p>\n\n\n\n<p>Rappel : Il est demand\u00e9 aux habitants de sortir les poubelles avant 13h00 le jour de la collecte et de les rentrer d\u00e8s que possible apr\u00e8s le passage des \u00e9boueurs. Les encombrants doivent \u00eatre sortis la veille, apr\u00e8s 19 heures.<\/p>\n\n\n\n<p>Pour plus d&rsquo;informations sur les collectes, cliquez sur le logo de Chartres M\u00e9tropole au bas de la page; vous aurez m\u00eame acc\u00e8s au calendrier de votre commune<\/p>\n","protected":false},"excerpt":{"rendered":"<p>\u2013 La D\u00e9chetterie de Chartres M\u00e9tropole : Adresse : \ud83d\uddfa\ufe0f Gare, Le Petit Ch\u00eane, 28300 Saint-Aubin des Bois* T\u00e9l\u00e9phone : \ud83d\udcde 02 37 32 80 13 (num\u00e9ro \u201cvert\u201d gratuit depuis &hellip; <\/p>\n<p class=\"link-more\"><a href=\"https:\/\/saintaubindesbois.fr\/index.php\/dechetterie\/\" class=\"more-link\">Continuer la lecture<span class=\"screen-reader-text\"> de &laquo;&nbsp;D\u00e9chetterie<!-- wp:image {\"id\":194,\"sizeSlug\":\"large\"} --> <\/p>\n<figure class=\"wp-block-image\"><img decoding=\"async\" src=\"https:\/\/saintaubindesbois.fr\/wp-content\/uploads\/2020\/08\/dechetterie.jpg\" alt=\"\" class=\"wp-image-1538\"\/><\/figure>\n<p> <!-- \/wp:image -->&nbsp;&raquo;<\/span><\/a><\/p>\n","protected":false},"author":1,"featured_media":0,"parent":0,"menu_order":0,"comment_status":"closed","ping_status":"closed","template":"","meta":{"footnotes":""},"class_list":["post-4634","page","type-page","status-publish","hentry"],"yoast_head":"<!-- This site is optimized with the Yoast SEO plugin v26.6 - https:\/\/yoast.com\/wordpress\/plugins\/seo\/ -->\n<title>D\u00e9chetterie   &#8211; Saint Aubin des Bois<\/title>\n<meta name=\"robots\" content=\"index, follow, max-snippet:-1, max-image-preview:large, max-video-preview:-1\" \/>\n<link rel=\"canonical\" href=\"https:\/\/saintaubindesbois.fr\/index.php\/dechetterie\/\" \/>\n<meta property=\"og:locale\" content=\"fr_FR\" \/>\n<meta property=\"og:type\" content=\"article\" \/>\n<meta property=\"og:title\" content=\"D\u00e9chetterie   &#8211; Saint Aubin des Bois\" \/>\n<meta property=\"og:description\" content=\"\u2013 La D\u00e9chetterie de Chartres M\u00e9tropole : Adresse : \ud83d\uddfa\ufe0f Gare, Le Petit Ch\u00eane, 28300 Saint-Aubin des Bois* T\u00e9l\u00e9phone : \ud83d\udcde 02 37 32 80 13 (num\u00e9ro \u201cvert\u201d gratuit depuis &hellip; Continuer la lecture de &laquo;&nbsp;D\u00e9chetterie &nbsp;&raquo;\" \/>\n<meta property=\"og:url\" content=\"https:\/\/saintaubindesbois.fr\/index.php\/dechetterie\/\" \/>\n<meta property=\"og:site_name\" content=\"Saint Aubin des Bois\" \/>\n<meta property=\"article:modified_time\" content=\"2020-10-29T09:21:26+00:00\" \/>\n<meta property=\"og:image\" content=\"https:\/\/saintaubindesbois.fr\/wp-content\/uploads\/2020\/06\/pictogrammecamionpoubelle.png\" \/>\n<meta name=\"twitter:card\" content=\"summary_large_image\" \/>\n<meta name=\"twitter:label1\" content=\"Dur\u00e9e de lecture estim\u00e9e\" \/>\n\t<meta name=\"twitter:data1\" content=\"2 minutes\" \/>\n<script type=\"application\/ld+json\" class=\"yoast-schema-graph\">{\"@context\":\"https:\/\/schema.org\",\"@graph\":[{\"@type\":\"WebPage\",\"@id\":\"https:\/\/saintaubindesbois.fr\/index.php\/dechetterie\/\",\"url\":\"https:\/\/saintaubindesbois.fr\/index.php\/dechetterie\/\",\"name\":\"D\u00e9chetterie &#8211; Saint Aubin des Bois\",\"isPartOf\":{\"@id\":\"https:\/\/saintaubindesbois.fr\/#website\"},\"primaryImageOfPage\":{\"@id\":\"https:\/\/saintaubindesbois.fr\/index.php\/dechetterie\/#primaryimage\"},\"image\":{\"@id\":\"https:\/\/saintaubindesbois.fr\/index.php\/dechetterie\/#primaryimage\"},\"thumbnailUrl\":\"https:\/\/saintaubindesbois.fr\/wp-content\/uploads\/2020\/06\/pictogrammecamionpoubelle.png\",\"datePublished\":\"2020-08-10T14:07:39+00:00\",\"dateModified\":\"2020-10-29T09:21:26+00:00\",\"breadcrumb\":{\"@id\":\"https:\/\/saintaubindesbois.fr\/index.php\/dechetterie\/#breadcrumb\"},\"inLanguage\":\"fr-FR\",\"potentialAction\":[{\"@type\":\"ReadAction\",\"target\":[\"https:\/\/saintaubindesbois.fr\/index.php\/dechetterie\/\"]}]},{\"@type\":\"ImageObject\",\"inLanguage\":\"fr-FR\",\"@id\":\"https:\/\/saintaubindesbois.fr\/index.php\/dechetterie\/#primaryimage\",\"url\":\"https:\/\/saintaubindesbois.fr\/wp-content\/uploads\/2020\/06\/pictogrammecamionpoubelle.png\",\"contentUrl\":\"https:\/\/saintaubindesbois.fr\/wp-content\/uploads\/2020\/06\/pictogrammecamionpoubelle.png\",\"width\":192,\"height\":96},{\"@type\":\"BreadcrumbList\",\"@id\":\"https:\/\/saintaubindesbois.fr\/index.php\/dechetterie\/#breadcrumb\",\"itemListElement\":[{\"@type\":\"ListItem\",\"position\":1,\"name\":\"Accueil\",\"item\":\"https:\/\/saintaubindesbois.fr\/\"},{\"@type\":\"ListItem\",\"position\":2,\"name\":\"D\u00e9chetterie\"}]},{\"@type\":\"WebSite\",\"@id\":\"https:\/\/saintaubindesbois.fr\/#website\",\"url\":\"https:\/\/saintaubindesbois.fr\/\",\"name\":\"Saint Aubin des Bois\",\"description\":\"28300\",\"publisher\":{\"@id\":\"https:\/\/saintaubindesbois.fr\/#organization\"},\"potentialAction\":[{\"@type\":\"SearchAction\",\"target\":{\"@type\":\"EntryPoint\",\"urlTemplate\":\"https:\/\/saintaubindesbois.fr\/?s={search_term_string}\"},\"query-input\":{\"@type\":\"PropertyValueSpecification\",\"valueRequired\":true,\"valueName\":\"search_term_string\"}}],\"inLanguage\":\"fr-FR\"},{\"@type\":\"Organization\",\"@id\":\"https:\/\/saintaubindesbois.fr\/#organization\",\"name\":\"Saint Aubin des Bois\",\"url\":\"https:\/\/saintaubindesbois.fr\/\",\"logo\":{\"@type\":\"ImageObject\",\"inLanguage\":\"fr-FR\",\"@id\":\"https:\/\/saintaubindesbois.fr\/#\/schema\/logo\/image\/\",\"url\":\"https:\/\/saintaubindesbois.fr\/wp-content\/uploads\/2020\/05\/LogoMairie.jpg\",\"contentUrl\":\"https:\/\/saintaubindesbois.fr\/wp-content\/uploads\/2020\/05\/LogoMairie.jpg\",\"width\":128,\"height\":90,\"caption\":\"Saint Aubin des Bois\"},\"image\":{\"@id\":\"https:\/\/saintaubindesbois.fr\/#\/schema\/logo\/image\/\"}}]}<\/script>\n<!-- \/ Yoast SEO plugin. -->","yoast_head_json":{"title":"D\u00e9chetterie   &#8211; Saint Aubin des Bois","robots":{"index":"index","follow":"follow","max-snippet":"max-snippet:-1","max-image-preview":"max-image-preview:large","max-video-preview":"max-video-preview:-1"},"canonical":"https:\/\/saintaubindesbois.fr\/index.php\/dechetterie\/","og_locale":"fr_FR","og_type":"article","og_title":"D\u00e9chetterie   &#8211; Saint Aubin des Bois","og_description":"\u2013 La D\u00e9chetterie de Chartres M\u00e9tropole : Adresse : \ud83d\uddfa\ufe0f Gare, Le Petit Ch\u00eane, 28300 Saint-Aubin des Bois* T\u00e9l\u00e9phone : \ud83d\udcde 02 37 32 80 13 (num\u00e9ro \u201cvert\u201d gratuit depuis &hellip; Continuer la lecture de &laquo;&nbsp;D\u00e9chetterie &nbsp;&raquo;","og_url":"https:\/\/saintaubindesbois.fr\/index.php\/dechetterie\/","og_site_name":"Saint Aubin des Bois","article_modified_time":"2020-10-29T09:21:26+00:00","og_image":[{"url":"https:\/\/saintaubindesbois.fr\/wp-content\/uploads\/2020\/06\/pictogrammecamionpoubelle.png","type":"","width":"","height":""}],"twitter_card":"summary_large_image","twitter_misc":{"Dur\u00e9e de lecture estim\u00e9e":"2 minutes"},"schema":{"@context":"https:\/\/schema.org","@graph":[{"@type":"WebPage","@id":"https:\/\/saintaubindesbois.fr\/index.php\/dechetterie\/","url":"https:\/\/saintaubindesbois.fr\/index.php\/dechetterie\/","name":"D\u00e9chetterie &#8211; Saint Aubin des Bois","isPartOf":{"@id":"https:\/\/saintaubindesbois.fr\/#website"},"primaryImageOfPage":{"@id":"https:\/\/saintaubindesbois.fr\/index.php\/dechetterie\/#primaryimage"},"image":{"@id":"https:\/\/saintaubindesbois.fr\/index.php\/dechetterie\/#primaryimage"},"thumbnailUrl":"https:\/\/saintaubindesbois.fr\/wp-content\/uploads\/2020\/06\/pictogrammecamionpoubelle.png","datePublished":"2020-08-10T14:07:39+00:00","dateModified":"2020-10-29T09:21:26+00:00","breadcrumb":{"@id":"https:\/\/saintaubindesbois.fr\/index.php\/dechetterie\/#breadcrumb"},"inLanguage":"fr-FR","potentialAction":[{"@type":"ReadAction","target":["https:\/\/saintaubindesbois.fr\/index.php\/dechetterie\/"]}]},{"@type":"ImageObject","inLanguage":"fr-FR","@id":"https:\/\/saintaubindesbois.fr\/index.php\/dechetterie\/#primaryimage","url":"https:\/\/saintaubindesbois.fr\/wp-content\/uploads\/2020\/06\/pictogrammecamionpoubelle.png","contentUrl":"https:\/\/saintaubindesbois.fr\/wp-content\/uploads\/2020\/06\/pictogrammecamionpoubelle.png","width":192,"height":96},{"@type":"BreadcrumbList","@id":"https:\/\/saintaubindesbois.fr\/index.php\/dechetterie\/#breadcrumb","itemListElement":[{"@type":"ListItem","position":1,"name":"Accueil","item":"https:\/\/saintaubindesbois.fr\/"},{"@type":"ListItem","position":2,"name":"D\u00e9chetterie"}]},{"@type":"WebSite","@id":"https:\/\/saintaubindesbois.fr\/#website","url":"https:\/\/saintaubindesbois.fr\/","name":"Saint Aubin des Bois","description":"28300","publisher":{"@id":"https:\/\/saintaubindesbois.fr\/#organization"},"potentialAction":[{"@type":"SearchAction","target":{"@type":"EntryPoint","urlTemplate":"https:\/\/saintaubindesbois.fr\/?s={search_term_string}"},"query-input":{"@type":"PropertyValueSpecification","valueRequired":true,"valueName":"search_term_string"}}],"inLanguage":"fr-FR"},{"@type":"Organization","@id":"https:\/\/saintaubindesbois.fr\/#organization","name":"Saint Aubin des Bois","url":"https:\/\/saintaubindesbois.fr\/","logo":{"@type":"ImageObject","inLanguage":"fr-FR","@id":"https:\/\/saintaubindesbois.fr\/#\/schema\/logo\/image\/","url":"https:\/\/saintaubindesbois.fr\/wp-content\/uploads\/2020\/05\/LogoMairie.jpg","contentUrl":"https:\/\/saintaubindesbois.fr\/wp-content\/uploads\/2020\/05\/LogoMairie.jpg","width":128,"height":90,"caption":"Saint Aubin des Bois"},"image":{"@id":"https:\/\/saintaubindesbois.fr\/#\/schema\/logo\/image\/"}}]}},"_links":{"self":[{"href":"https:\/\/saintaubindesbois.fr\/index.php\/wp-json\/wp\/v2\/pages\/4634","targetHints":{"allow":["GET"]}}],"collection":[{"href":"https:\/\/saintaubindesbois.fr\/index.php\/wp-json\/wp\/v2\/pages"}],"about":[{"href":"https:\/\/saintaubindesbois.fr\/index.php\/wp-json\/wp\/v2\/types\/page"}],"author":[{"embeddable":true,"href":"https:\/\/saintaubindesbois.fr\/index.php\/wp-json\/wp\/v2\/users\/1"}],"replies":[{"embeddable":true,"href":"https:\/\/saintaubindesbois.fr\/index.php\/wp-json\/wp\/v2\/comments?post=4634"}],"version-history":[{"count":10,"href":"https:\/\/saintaubindesbois.fr\/index.php\/wp-json\/wp\/v2\/pages\/4634\/revisions"}],"predecessor-version":[{"id":22959,"href":"https:\/\/saintaubindesbois.fr\/index.php\/wp-json\/wp\/v2\/pages\/4634\/revisions\/22959"}],"wp:attachment":[{"href":"https:\/\/saintaubindesbois.fr\/index.php\/wp-json\/wp\/v2\/media?parent=4634"}],"curies":[{"name":"wp","href":"https:\/\/api.w.org\/{rel}","templated":true}]}}