{"id":4631,"date":"2020-08-10T16:03:21","date_gmt":"2020-08-10T14:03:21","guid":{"rendered":"https:\/\/saintaubindesbois.fr\/?page_id=4631"},"modified":"2021-01-29T11:25:43","modified_gmt":"2021-01-29T10:25:43","slug":"numeros-dappel-durgence","status":"publish","type":"page","link":"https:\/\/saintaubindesbois.fr\/index.php\/numeros-dappel-durgence\/","title":{"rendered":"Num\u00e9ros d&rsquo;appel d&rsquo;urgence :"},"content":{"rendered":"\n<figure class=\"wp-block-table is-style-stripes\"><table class=\"has-fixed-layout\"><tbody><tr><td><strong>Gendarmerie<\/strong> :<br>2A rue du Mar\u00e9chal Juin, 28190 Courville-sur-Eure<\/td><td>T\u00e9l : \ud83d\udcde <strong>02 37 23 89 41<\/strong><br>(ou composer le <strong>17<\/strong>)<\/td><\/tr><tr><td><strong>SAMU<\/strong> :<\/td><td>T\u00e9l : \ud83d\udcde Composer le <strong>15<\/strong><\/td><\/tr><tr><td><strong>Centre<\/strong> <strong>anti-poisons<\/strong> :<\/td><td>T\u00e9l : \ud83d\udcde <strong>02 41 48 21 21<\/strong><\/td><\/tr><tr><td><strong>Enfance en danger <\/strong>:<br>(Service National d&rsquo;Accueil T\u00e9l\u00e9phonique de l&rsquo;Enfance en Danger SNATED)<\/td><td>T\u00e9l : \ud83d\udcde Composer le <strong>119<\/strong><\/td><\/tr><tr><td><strong>Personnes victimes de violences<\/strong> :<\/td><td>T\u00e9l : \ud83d\udcde Composer le <strong>3919<\/strong><\/td><\/tr><tr><td><strong>Pompiers<\/strong> :<\/td><td>T\u00e9l : \ud83d\udcde Composer le <strong>18<\/strong> ou le <strong>112<\/strong><\/td><\/tr><tr><td><strong>Drogues info service<\/strong> :<\/td><td>T\u00e9l : \ud83d\udcde <strong>0800 23 13 13<\/strong><\/td><\/tr><tr><td><strong>Alcooliques anonymes<\/strong> :<\/td><td>T\u00e9l : \ud83d\udcde <strong>09 69 39 40 20<\/strong><\/td><\/tr><tr><td><strong>Sida Info Service<\/strong> :<\/td><td>T\u00e9l : \ud83d\udcde <strong>0800 840 800<\/strong><\/td><\/tr><tr><td><strong>CMeau <\/strong>:<\/td><td>T\u00e9l : \ud83d\udcde <strong>02 34 43 90 22<\/strong><\/td><\/tr><tr><td><strong>Synelva <\/strong>:<br>(Urgence d\u00e9pannage \u00e9lectricit\u00e9)<\/td><td>T\u00e9l : \ud83d\udcde <strong>02 37 91 80 20<\/strong><\/td><\/tr><\/tbody><\/table><\/figure>\n","protected":false},"excerpt":{"rendered":"<p>Gendarmerie :2A rue du Mar\u00e9chal Juin, 28190 Courville-sur-Eure T\u00e9l : \ud83d\udcde 02 37 23 89 41(ou composer le 17) SAMU : T\u00e9l : \ud83d\udcde Composer le 15 Centre anti-poisons : &hellip; <\/p>\n<p class=\"link-more\"><a href=\"https:\/\/saintaubindesbois.fr\/index.php\/numeros-dappel-durgence\/\" class=\"more-link\">Continuer la lecture<span class=\"screen-reader-text\"> de &laquo;&nbsp;Num\u00e9ros d&rsquo;appel d&rsquo;urgence :&nbsp;&raquo;<\/span><\/a><\/p>\n","protected":false},"author":1,"featured_media":0,"parent":0,"menu_order":0,"comment_status":"closed","ping_status":"closed","template":"","meta":{"footnotes":""},"class_list":["post-4631","page","type-page","status-publish","hentry"],"yoast_head":"<!-- This site is optimized with the Yoast SEO plugin v26.6 - https:\/\/yoast.com\/wordpress\/plugins\/seo\/ -->\n<title>Num\u00e9ros d&#039;appel d&#039;urgence : &#8211; Saint Aubin des Bois<\/title>\n<meta name=\"robots\" content=\"index, follow, max-snippet:-1, max-image-preview:large, max-video-preview:-1\" \/>\n<link rel=\"canonical\" href=\"https:\/\/saintaubindesbois.fr\/index.php\/numeros-dappel-durgence\/\" \/>\n<meta property=\"og:locale\" content=\"fr_FR\" \/>\n<meta property=\"og:type\" content=\"article\" \/>\n<meta property=\"og:title\" content=\"Num\u00e9ros d&#039;appel d&#039;urgence : &#8211; Saint Aubin des Bois\" \/>\n<meta property=\"og:description\" content=\"Gendarmerie :2A rue du Mar\u00e9chal Juin, 28190 Courville-sur-Eure T\u00e9l : \ud83d\udcde 02 37 23 89 41(ou composer le 17) SAMU : T\u00e9l : \ud83d\udcde Composer le 15 Centre anti-poisons : &hellip; Continuer la lecture de &laquo;&nbsp;Num\u00e9ros d&rsquo;appel d&rsquo;urgence :&nbsp;&raquo;\" \/>\n<meta property=\"og:url\" content=\"https:\/\/saintaubindesbois.fr\/index.php\/numeros-dappel-durgence\/\" \/>\n<meta property=\"og:site_name\" content=\"Saint Aubin des Bois\" \/>\n<meta property=\"article:modified_time\" content=\"2021-01-29T10:25:43+00:00\" \/>\n<meta name=\"twitter:card\" content=\"summary_large_image\" \/>\n<script type=\"application\/ld+json\" class=\"yoast-schema-graph\">{\"@context\":\"https:\/\/schema.org\",\"@graph\":[{\"@type\":\"WebPage\",\"@id\":\"https:\/\/saintaubindesbois.fr\/index.php\/numeros-dappel-durgence\/\",\"url\":\"https:\/\/saintaubindesbois.fr\/index.php\/numeros-dappel-durgence\/\",\"name\":\"Num\u00e9ros d'appel d'urgence : &#8211; Saint Aubin des Bois\",\"isPartOf\":{\"@id\":\"https:\/\/saintaubindesbois.fr\/#website\"},\"datePublished\":\"2020-08-10T14:03:21+00:00\",\"dateModified\":\"2021-01-29T10:25:43+00:00\",\"breadcrumb\":{\"@id\":\"https:\/\/saintaubindesbois.fr\/index.php\/numeros-dappel-durgence\/#breadcrumb\"},\"inLanguage\":\"fr-FR\",\"potentialAction\":[{\"@type\":\"ReadAction\",\"target\":[\"https:\/\/saintaubindesbois.fr\/index.php\/numeros-dappel-durgence\/\"]}]},{\"@type\":\"BreadcrumbList\",\"@id\":\"https:\/\/saintaubindesbois.fr\/index.php\/numeros-dappel-durgence\/#breadcrumb\",\"itemListElement\":[{\"@type\":\"ListItem\",\"position\":1,\"name\":\"Accueil\",\"item\":\"https:\/\/saintaubindesbois.fr\/\"},{\"@type\":\"ListItem\",\"position\":2,\"name\":\"Num\u00e9ros d&rsquo;appel d&rsquo;urgence :\"}]},{\"@type\":\"WebSite\",\"@id\":\"https:\/\/saintaubindesbois.fr\/#website\",\"url\":\"https:\/\/saintaubindesbois.fr\/\",\"name\":\"Saint Aubin des Bois\",\"description\":\"28300\",\"publisher\":{\"@id\":\"https:\/\/saintaubindesbois.fr\/#organization\"},\"potentialAction\":[{\"@type\":\"SearchAction\",\"target\":{\"@type\":\"EntryPoint\",\"urlTemplate\":\"https:\/\/saintaubindesbois.fr\/?s={search_term_string}\"},\"query-input\":{\"@type\":\"PropertyValueSpecification\",\"valueRequired\":true,\"valueName\":\"search_term_string\"}}],\"inLanguage\":\"fr-FR\"},{\"@type\":\"Organization\",\"@id\":\"https:\/\/saintaubindesbois.fr\/#organization\",\"name\":\"Saint Aubin des Bois\",\"url\":\"https:\/\/saintaubindesbois.fr\/\",\"logo\":{\"@type\":\"ImageObject\",\"inLanguage\":\"fr-FR\",\"@id\":\"https:\/\/saintaubindesbois.fr\/#\/schema\/logo\/image\/\",\"url\":\"https:\/\/saintaubindesbois.fr\/wp-content\/uploads\/2020\/05\/LogoMairie.jpg\",\"contentUrl\":\"https:\/\/saintaubindesbois.fr\/wp-content\/uploads\/2020\/05\/LogoMairie.jpg\",\"width\":128,\"height\":90,\"caption\":\"Saint Aubin des Bois\"},\"image\":{\"@id\":\"https:\/\/saintaubindesbois.fr\/#\/schema\/logo\/image\/\"}}]}<\/script>\n<!-- \/ Yoast SEO plugin. -->","yoast_head_json":{"title":"Num\u00e9ros d'appel d'urgence : &#8211; Saint Aubin des Bois","robots":{"index":"index","follow":"follow","max-snippet":"max-snippet:-1","max-image-preview":"max-image-preview:large","max-video-preview":"max-video-preview:-1"},"canonical":"https:\/\/saintaubindesbois.fr\/index.php\/numeros-dappel-durgence\/","og_locale":"fr_FR","og_type":"article","og_title":"Num\u00e9ros d'appel d'urgence : &#8211; Saint Aubin des Bois","og_description":"Gendarmerie :2A rue du Mar\u00e9chal Juin, 28190 Courville-sur-Eure T\u00e9l : \ud83d\udcde 02 37 23 89 41(ou composer le 17) SAMU : T\u00e9l : \ud83d\udcde Composer le 15 Centre anti-poisons : &hellip; Continuer la lecture de &laquo;&nbsp;Num\u00e9ros d&rsquo;appel d&rsquo;urgence :&nbsp;&raquo;","og_url":"https:\/\/saintaubindesbois.fr\/index.php\/numeros-dappel-durgence\/","og_site_name":"Saint Aubin des Bois","article_modified_time":"2021-01-29T10:25:43+00:00","twitter_card":"summary_large_image","schema":{"@context":"https:\/\/schema.org","@graph":[{"@type":"WebPage","@id":"https:\/\/saintaubindesbois.fr\/index.php\/numeros-dappel-durgence\/","url":"https:\/\/saintaubindesbois.fr\/index.php\/numeros-dappel-durgence\/","name":"Num\u00e9ros d'appel d'urgence : &#8211; Saint Aubin des Bois","isPartOf":{"@id":"https:\/\/saintaubindesbois.fr\/#website"},"datePublished":"2020-08-10T14:03:21+00:00","dateModified":"2021-01-29T10:25:43+00:00","breadcrumb":{"@id":"https:\/\/saintaubindesbois.fr\/index.php\/numeros-dappel-durgence\/#breadcrumb"},"inLanguage":"fr-FR","potentialAction":[{"@type":"ReadAction","target":["https:\/\/saintaubindesbois.fr\/index.php\/numeros-dappel-durgence\/"]}]},{"@type":"BreadcrumbList","@id":"https:\/\/saintaubindesbois.fr\/index.php\/numeros-dappel-durgence\/#breadcrumb","itemListElement":[{"@type":"ListItem","position":1,"name":"Accueil","item":"https:\/\/saintaubindesbois.fr\/"},{"@type":"ListItem","position":2,"name":"Num\u00e9ros d&rsquo;appel d&rsquo;urgence :"}]},{"@type":"WebSite","@id":"https:\/\/saintaubindesbois.fr\/#website","url":"https:\/\/saintaubindesbois.fr\/","name":"Saint Aubin des Bois","description":"28300","publisher":{"@id":"https:\/\/saintaubindesbois.fr\/#organization"},"potentialAction":[{"@type":"SearchAction","target":{"@type":"EntryPoint","urlTemplate":"https:\/\/saintaubindesbois.fr\/?s={search_term_string}"},"query-input":{"@type":"PropertyValueSpecification","valueRequired":true,"valueName":"search_term_string"}}],"inLanguage":"fr-FR"},{"@type":"Organization","@id":"https:\/\/saintaubindesbois.fr\/#organization","name":"Saint Aubin des Bois","url":"https:\/\/saintaubindesbois.fr\/","logo":{"@type":"ImageObject","inLanguage":"fr-FR","@id":"https:\/\/saintaubindesbois.fr\/#\/schema\/logo\/image\/","url":"https:\/\/saintaubindesbois.fr\/wp-content\/uploads\/2020\/05\/LogoMairie.jpg","contentUrl":"https:\/\/saintaubindesbois.fr\/wp-content\/uploads\/2020\/05\/LogoMairie.jpg","width":128,"height":90,"caption":"Saint Aubin des Bois"},"image":{"@id":"https:\/\/saintaubindesbois.fr\/#\/schema\/logo\/image\/"}}]}},"_links":{"self":[{"href":"https:\/\/saintaubindesbois.fr\/index.php\/wp-json\/wp\/v2\/pages\/4631","targetHints":{"allow":["GET"]}}],"collection":[{"href":"https:\/\/saintaubindesbois.fr\/index.php\/wp-json\/wp\/v2\/pages"}],"about":[{"href":"https:\/\/saintaubindesbois.fr\/index.php\/wp-json\/wp\/v2\/types\/page"}],"author":[{"embeddable":true,"href":"https:\/\/saintaubindesbois.fr\/index.php\/wp-json\/wp\/v2\/users\/1"}],"replies":[{"embeddable":true,"href":"https:\/\/saintaubindesbois.fr\/index.php\/wp-json\/wp\/v2\/comments?post=4631"}],"version-history":[{"count":5,"href":"https:\/\/saintaubindesbois.fr\/index.php\/wp-json\/wp\/v2\/pages\/4631\/revisions"}],"predecessor-version":[{"id":72145,"href":"https:\/\/saintaubindesbois.fr\/index.php\/wp-json\/wp\/v2\/pages\/4631\/revisions\/72145"}],"wp:attachment":[{"href":"https:\/\/saintaubindesbois.fr\/index.php\/wp-json\/wp\/v2\/media?parent=4631"}],"curies":[{"name":"wp","href":"https:\/\/api.w.org\/{rel}","templated":true}]}}