{"id":4622,"date":"2020-08-10T16:01:41","date_gmt":"2020-08-10T14:01:41","guid":{"rendered":"https:\/\/saintaubindesbois.fr\/?page_id=4622"},"modified":"2021-01-25T15:25:42","modified_gmt":"2021-01-25T14:25:42","slug":"transports","status":"publish","type":"page","link":"https:\/\/saintaubindesbois.fr\/index.php\/transports\/","title":{"rendered":""},"content":{"rendered":"\n<div class=\"wp-block-media-text alignwide is-stacked-on-mobile\" style=\"grid-template-columns:21% auto\"><figure class=\"wp-block-media-text__media\"><img loading=\"lazy\" decoding=\"async\" width=\"512\" height=\"512\" src=\"https:\/\/saintaubindesbois.fr\/wp-content\/uploads\/2020\/12\/9146FC2A-E95C-4E45-8462-C4AC6AE27FB0.png\" alt=\"\" class=\"wp-image-29196 size-full\" srcset=\"https:\/\/saintaubindesbois.fr\/wp-content\/uploads\/2020\/12\/9146FC2A-E95C-4E45-8462-C4AC6AE27FB0.png 512w, https:\/\/saintaubindesbois.fr\/wp-content\/uploads\/2020\/12\/9146FC2A-E95C-4E45-8462-C4AC6AE27FB0-300x300.png 300w, https:\/\/saintaubindesbois.fr\/wp-content\/uploads\/2020\/12\/9146FC2A-E95C-4E45-8462-C4AC6AE27FB0-150x150.png 150w, https:\/\/saintaubindesbois.fr\/wp-content\/uploads\/2020\/12\/9146FC2A-E95C-4E45-8462-C4AC6AE27FB0-100x100.png 100w\" sizes=\"auto, (max-width: 512px) 100vw, 512px\" \/><\/figure><div class=\"wp-block-media-text__content\">\n<p style=\"font-size:26px\">Transport ferroviaire <\/p>\n<\/div><\/div>\n\n\n\n<h2 class=\"wp-block-heading\"><\/h2>\n\n\n\n<div class=\"wp-block-media-text alignwide is-stacked-on-mobile\"><figure class=\"wp-block-media-text__media\"><img loading=\"lazy\" decoding=\"async\" width=\"1024\" height=\"768\" src=\"https:\/\/saintaubindesbois.fr\/wp-content\/uploads\/2020\/12\/gare4-1024x768.jpg\" alt=\"\" class=\"wp-image-23324 size-full\" srcset=\"https:\/\/saintaubindesbois.fr\/wp-content\/uploads\/2020\/12\/gare4-1024x768.jpg 1024w, https:\/\/saintaubindesbois.fr\/wp-content\/uploads\/2020\/12\/gare4-300x225.jpg 300w, https:\/\/saintaubindesbois.fr\/wp-content\/uploads\/2020\/12\/gare4-768x576.jpg 768w, https:\/\/saintaubindesbois.fr\/wp-content\/uploads\/2020\/12\/gare4-1536x1152.jpg 1536w, https:\/\/saintaubindesbois.fr\/wp-content\/uploads\/2020\/12\/gare4-2048x1536.jpg 2048w\" sizes=\"auto, (max-width: 706px) 89vw, (max-width: 767px) 82vw, 740px\" \/><\/figure><div class=\"wp-block-media-text__content\">\n<p class=\"has-normal-font-size\">Pour tous vos d\u00e9placements en train au d\u00e9part ou \u00e0 destination de notre commune, nous vous invitons \u00e0 vous rendre sur le site SNCF R\u00e9mi ou \u00e0 t\u00e9l\u00e9charger l\u2019application via les liens suivants.<\/p>\n<\/div><\/div>\n\n\n\n<div class=\"wp-block-media-text alignwide is-stacked-on-mobile\" style=\"grid-template-columns:20% auto\"><figure class=\"wp-block-media-text__media\"><img loading=\"lazy\" decoding=\"async\" width=\"840\" height=\"525\" src=\"https:\/\/saintaubindesbois.fr\/wp-content\/uploads\/2020\/12\/7EAF90B4-9590-4424-B63A-543251965524.jpeg\" alt=\"\" class=\"wp-image-24209 size-full\" srcset=\"https:\/\/saintaubindesbois.fr\/wp-content\/uploads\/2020\/12\/7EAF90B4-9590-4424-B63A-543251965524.jpeg 840w, https:\/\/saintaubindesbois.fr\/wp-content\/uploads\/2020\/12\/7EAF90B4-9590-4424-B63A-543251965524-300x188.jpeg 300w, https:\/\/saintaubindesbois.fr\/wp-content\/uploads\/2020\/12\/7EAF90B4-9590-4424-B63A-543251965524-768x480.jpeg 768w\" sizes=\"auto, (max-width: 706px) 89vw, (max-width: 767px) 82vw, 740px\" \/><\/figure><div class=\"wp-block-media-text__content\">\n<p class=\"has-normal-font-size\">Lien Apple vers application Sncf <br><a href=\"https:\/\/apps.apple.com\/fr\/app\/sncf\/id945434433?l=en\">https:\/\/apps.apple.com\/fr\/app\/sncf<\/a><\/p>\n<\/div><\/div>\n\n\n\n<div class=\"wp-block-media-text alignwide is-stacked-on-mobile\" style=\"grid-template-columns:20% auto\"><figure class=\"wp-block-media-text__media\"><img loading=\"lazy\" decoding=\"async\" width=\"940\" height=\"550\" src=\"https:\/\/saintaubindesbois.fr\/wp-content\/uploads\/2020\/12\/4E04B287-6151-4545-82C3-8291473089EC.jpeg\" alt=\"\" class=\"wp-image-24212 size-full\" srcset=\"https:\/\/saintaubindesbois.fr\/wp-content\/uploads\/2020\/12\/4E04B287-6151-4545-82C3-8291473089EC.jpeg 940w, https:\/\/saintaubindesbois.fr\/wp-content\/uploads\/2020\/12\/4E04B287-6151-4545-82C3-8291473089EC-300x176.jpeg 300w, https:\/\/saintaubindesbois.fr\/wp-content\/uploads\/2020\/12\/4E04B287-6151-4545-82C3-8291473089EC-768x449.jpeg 768w\" sizes=\"auto, (max-width: 706px) 89vw, (max-width: 767px) 82vw, 740px\" \/><\/figure><div class=\"wp-block-media-text__content\">\n<p class=\"has-normal-font-size\">Lien Andro\u00efd vers application Sncf<br><a href=\"https:\/\/play.google.com\/store\/apps\/details?id=com.sncf.fusion\">https:\/\/play.google.com\/store\/apps<\/a><\/p>\n<\/div><\/div>\n\n\n\n<p><br><\/p>\n\n\n\n<hr class=\"wp-block-separator is-style-wide\"\/>\n\n\n\n<div class=\"wp-block-media-text alignwide is-stacked-on-mobile\" style=\"grid-template-columns:15% auto\"><figure class=\"wp-block-media-text__media\"><img loading=\"lazy\" decoding=\"async\" width=\"658\" height=\"862\" src=\"https:\/\/saintaubindesbois.fr\/wp-content\/uploads\/2021\/01\/D88E79B9-13F4-4246-870C-0BE20AF0D72B.jpeg\" alt=\"\" class=\"wp-image-66393 size-full\" srcset=\"https:\/\/saintaubindesbois.fr\/wp-content\/uploads\/2021\/01\/D88E79B9-13F4-4246-870C-0BE20AF0D72B.jpeg 658w, https:\/\/saintaubindesbois.fr\/wp-content\/uploads\/2021\/01\/D88E79B9-13F4-4246-870C-0BE20AF0D72B-229x300.jpeg 229w\" sizes=\"auto, (max-width: 658px) 100vw, 658px\" \/><\/figure><div class=\"wp-block-media-text__content\">\n<p style=\"font-size:26px\">Transport routier <\/p>\n<\/div><\/div>\n\n\n\n<div class=\"wp-block-media-text alignwide is-stacked-on-mobile\" style=\"grid-template-columns:48% auto\"><figure class=\"wp-block-media-text__media\"><img loading=\"lazy\" decoding=\"async\" width=\"875\" height=\"800\" src=\"https:\/\/saintaubindesbois.fr\/wp-content\/uploads\/2021\/01\/44318672-B91B-412F-B049-D4B7D78FC7E9.jpeg\" alt=\"\" class=\"wp-image-66425 size-full\" srcset=\"https:\/\/saintaubindesbois.fr\/wp-content\/uploads\/2021\/01\/44318672-B91B-412F-B049-D4B7D78FC7E9.jpeg 875w, https:\/\/saintaubindesbois.fr\/wp-content\/uploads\/2021\/01\/44318672-B91B-412F-B049-D4B7D78FC7E9-300x274.jpeg 300w, https:\/\/saintaubindesbois.fr\/wp-content\/uploads\/2021\/01\/44318672-B91B-412F-B049-D4B7D78FC7E9-768x702.jpeg 768w\" sizes=\"auto, (max-width: 706px) 89vw, (max-width: 767px) 82vw, 740px\" \/><\/figure><div class=\"wp-block-media-text__content\">\n<p class=\"has-normal-font-size\">Si vous souhaitez vous d\u00e9placer en bus au d\u00e9part de notre commune ou \u00e0 destination de celle-ci, vous trouverez ci-dessous les liens utiles des sites R\u00e9mi pour se d\u00e9placer dans la r\u00e9gion et Filibus pour vos d\u00e9placements sur l\u2019agglom\u00e9ration Chartaine.<\/p>\n<\/div><\/div>\n\n\n\n<div class=\"wp-block-media-text alignwide is-stacked-on-mobile\" style=\"grid-template-columns:28% auto\"><figure class=\"wp-block-media-text__media\"><img loading=\"lazy\" decoding=\"async\" width=\"400\" height=\"300\" src=\"https:\/\/saintaubindesbois.fr\/wp-content\/uploads\/2021\/01\/3A29564E-3AD4-4789-88D8-27C1BBA3047C.jpeg\" alt=\"\" class=\"wp-image-66439 size-full\" srcset=\"https:\/\/saintaubindesbois.fr\/wp-content\/uploads\/2021\/01\/3A29564E-3AD4-4789-88D8-27C1BBA3047C.jpeg 400w, https:\/\/saintaubindesbois.fr\/wp-content\/uploads\/2021\/01\/3A29564E-3AD4-4789-88D8-27C1BBA3047C-300x225.jpeg 300w\" sizes=\"auto, (max-width: 400px) 100vw, 400px\" \/><\/figure><div class=\"wp-block-media-text__content\">\n<p>Lien vers le site Filibus <\/p>\n\n\n\n<p><a href=\"http:\/\/www.filibus.fr\/\">http:\/\/www.filibus.fr\/<\/a><\/p>\n<\/div><\/div>\n\n\n\n<p><\/p>\n\n\n\n<p><\/p>\n\n\n\n<div class=\"wp-block-media-text alignwide is-stacked-on-mobile\" style=\"grid-template-columns:28% auto\"><figure class=\"wp-block-media-text__media\"><img loading=\"lazy\" decoding=\"async\" width=\"350\" height=\"141\" src=\"https:\/\/saintaubindesbois.fr\/wp-content\/uploads\/2021\/01\/D13AC464-2309-4FA8-885A-3CE0E6AD9E25.png\" alt=\"\" class=\"wp-image-66461 size-full\" srcset=\"https:\/\/saintaubindesbois.fr\/wp-content\/uploads\/2021\/01\/D13AC464-2309-4FA8-885A-3CE0E6AD9E25.png 350w, https:\/\/saintaubindesbois.fr\/wp-content\/uploads\/2021\/01\/D13AC464-2309-4FA8-885A-3CE0E6AD9E25-300x121.png 300w\" sizes=\"auto, (max-width: 350px) 100vw, 350px\" \/><\/figure><div class=\"wp-block-media-text__content\">\n<p class=\"has-normal-font-size\">Lien Apple R\u00e9mi <br><a href=\"https:\/\/apps.apple.com\/fr\/app\/sncf\/id945434433?l=en\">https:\/\/apps.apple.com\/fr\/app\/sncf<\/a><\/p>\n\n\n\n<p class=\"has-normal-font-size\">Lien Andro\u00efd R\u00e9mi<br><a href=\"https:\/\/play.google.com\/store\/apps\/details?id=com.sncf.fusion\">https:\/\/play.google.com\/store\/apps<\/a><\/p>\n<\/div><\/div>\n","protected":false},"excerpt":{"rendered":"<p>Transport ferroviaire Pour tous vos d\u00e9placements en train au d\u00e9part ou \u00e0 destination de notre commune, nous vous invitons \u00e0 vous rendre sur le site SNCF R\u00e9mi ou \u00e0 t\u00e9l\u00e9charger &hellip; <\/p>\n<p class=\"link-more\"><a href=\"https:\/\/saintaubindesbois.fr\/index.php\/transports\/\" class=\"more-link\">Continuer la lecture<span class=\"screen-reader-text\"> de &laquo;&nbsp;&nbsp;&raquo;<\/span><\/a><\/p>\n","protected":false},"author":1,"featured_media":0,"parent":0,"menu_order":0,"comment_status":"closed","ping_status":"closed","template":"","meta":{"footnotes":""},"class_list":["post-4622","page","type-page","status-publish","hentry"],"yoast_head":"<!-- This site is optimized with the Yoast SEO plugin v26.6 - https:\/\/yoast.com\/wordpress\/plugins\/seo\/ -->\n<title>&#8211; Saint Aubin des Bois<\/title>\n<meta name=\"robots\" content=\"index, follow, max-snippet:-1, max-image-preview:large, max-video-preview:-1\" \/>\n<link rel=\"canonical\" href=\"https:\/\/saintaubindesbois.fr\/index.php\/transports\/\" \/>\n<meta property=\"og:locale\" content=\"fr_FR\" \/>\n<meta property=\"og:type\" content=\"article\" \/>\n<meta property=\"og:title\" content=\"&#8211; Saint Aubin des Bois\" \/>\n<meta property=\"og:description\" content=\"Transport ferroviaire Pour tous vos d\u00e9placements en train au d\u00e9part ou \u00e0 destination de notre commune, nous vous invitons \u00e0 vous rendre sur le site SNCF R\u00e9mi ou \u00e0 t\u00e9l\u00e9charger &hellip; Continuer la lecture de &laquo;&nbsp;&nbsp;&raquo;\" \/>\n<meta property=\"og:url\" content=\"https:\/\/saintaubindesbois.fr\/index.php\/transports\/\" \/>\n<meta property=\"og:site_name\" content=\"Saint Aubin des Bois\" \/>\n<meta property=\"article:modified_time\" content=\"2021-01-25T14:25:42+00:00\" \/>\n<meta property=\"og:image\" content=\"https:\/\/saintaubindesbois.fr\/wp-content\/uploads\/2020\/12\/9146FC2A-E95C-4E45-8462-C4AC6AE27FB0.png\" \/>\n<meta name=\"twitter:card\" content=\"summary_large_image\" \/>\n<meta name=\"twitter:label1\" content=\"Dur\u00e9e de lecture estim\u00e9e\" \/>\n\t<meta name=\"twitter:data1\" content=\"1 minute\" \/>\n<script type=\"application\/ld+json\" class=\"yoast-schema-graph\">{\"@context\":\"https:\/\/schema.org\",\"@graph\":[{\"@type\":\"WebPage\",\"@id\":\"https:\/\/saintaubindesbois.fr\/index.php\/transports\/\",\"url\":\"https:\/\/saintaubindesbois.fr\/index.php\/transports\/\",\"name\":\"&#8211; Saint Aubin des Bois\",\"isPartOf\":{\"@id\":\"https:\/\/saintaubindesbois.fr\/#website\"},\"primaryImageOfPage\":{\"@id\":\"https:\/\/saintaubindesbois.fr\/index.php\/transports\/#primaryimage\"},\"image\":{\"@id\":\"https:\/\/saintaubindesbois.fr\/index.php\/transports\/#primaryimage\"},\"thumbnailUrl\":\"https:\/\/saintaubindesbois.fr\/wp-content\/uploads\/2020\/12\/9146FC2A-E95C-4E45-8462-C4AC6AE27FB0.png\",\"datePublished\":\"2020-08-10T14:01:41+00:00\",\"dateModified\":\"2021-01-25T14:25:42+00:00\",\"inLanguage\":\"fr-FR\",\"potentialAction\":[{\"@type\":\"ReadAction\",\"target\":[\"https:\/\/saintaubindesbois.fr\/index.php\/transports\/\"]}]},{\"@type\":\"ImageObject\",\"inLanguage\":\"fr-FR\",\"@id\":\"https:\/\/saintaubindesbois.fr\/index.php\/transports\/#primaryimage\",\"url\":\"https:\/\/saintaubindesbois.fr\/wp-content\/uploads\/2020\/12\/9146FC2A-E95C-4E45-8462-C4AC6AE27FB0.png\",\"contentUrl\":\"https:\/\/saintaubindesbois.fr\/wp-content\/uploads\/2020\/12\/9146FC2A-E95C-4E45-8462-C4AC6AE27FB0.png\",\"width\":512,\"height\":512},{\"@type\":\"WebSite\",\"@id\":\"https:\/\/saintaubindesbois.fr\/#website\",\"url\":\"https:\/\/saintaubindesbois.fr\/\",\"name\":\"Saint Aubin des Bois\",\"description\":\"28300\",\"publisher\":{\"@id\":\"https:\/\/saintaubindesbois.fr\/#organization\"},\"potentialAction\":[{\"@type\":\"SearchAction\",\"target\":{\"@type\":\"EntryPoint\",\"urlTemplate\":\"https:\/\/saintaubindesbois.fr\/?s={search_term_string}\"},\"query-input\":{\"@type\":\"PropertyValueSpecification\",\"valueRequired\":true,\"valueName\":\"search_term_string\"}}],\"inLanguage\":\"fr-FR\"},{\"@type\":\"Organization\",\"@id\":\"https:\/\/saintaubindesbois.fr\/#organization\",\"name\":\"Saint Aubin des Bois\",\"url\":\"https:\/\/saintaubindesbois.fr\/\",\"logo\":{\"@type\":\"ImageObject\",\"inLanguage\":\"fr-FR\",\"@id\":\"https:\/\/saintaubindesbois.fr\/#\/schema\/logo\/image\/\",\"url\":\"https:\/\/saintaubindesbois.fr\/wp-content\/uploads\/2020\/05\/LogoMairie.jpg\",\"contentUrl\":\"https:\/\/saintaubindesbois.fr\/wp-content\/uploads\/2020\/05\/LogoMairie.jpg\",\"width\":128,\"height\":90,\"caption\":\"Saint Aubin des Bois\"},\"image\":{\"@id\":\"https:\/\/saintaubindesbois.fr\/#\/schema\/logo\/image\/\"}}]}<\/script>\n<!-- \/ Yoast SEO plugin. -->","yoast_head_json":{"title":"&#8211; Saint Aubin des Bois","robots":{"index":"index","follow":"follow","max-snippet":"max-snippet:-1","max-image-preview":"max-image-preview:large","max-video-preview":"max-video-preview:-1"},"canonical":"https:\/\/saintaubindesbois.fr\/index.php\/transports\/","og_locale":"fr_FR","og_type":"article","og_title":"&#8211; Saint Aubin des Bois","og_description":"Transport ferroviaire Pour tous vos d\u00e9placements en train au d\u00e9part ou \u00e0 destination de notre commune, nous vous invitons \u00e0 vous rendre sur le site SNCF R\u00e9mi ou \u00e0 t\u00e9l\u00e9charger &hellip; Continuer la lecture de &laquo;&nbsp;&nbsp;&raquo;","og_url":"https:\/\/saintaubindesbois.fr\/index.php\/transports\/","og_site_name":"Saint Aubin des Bois","article_modified_time":"2021-01-25T14:25:42+00:00","og_image":[{"url":"https:\/\/saintaubindesbois.fr\/wp-content\/uploads\/2020\/12\/9146FC2A-E95C-4E45-8462-C4AC6AE27FB0.png","type":"","width":"","height":""}],"twitter_card":"summary_large_image","twitter_misc":{"Dur\u00e9e de lecture estim\u00e9e":"1 minute"},"schema":{"@context":"https:\/\/schema.org","@graph":[{"@type":"WebPage","@id":"https:\/\/saintaubindesbois.fr\/index.php\/transports\/","url":"https:\/\/saintaubindesbois.fr\/index.php\/transports\/","name":"&#8211; Saint Aubin des Bois","isPartOf":{"@id":"https:\/\/saintaubindesbois.fr\/#website"},"primaryImageOfPage":{"@id":"https:\/\/saintaubindesbois.fr\/index.php\/transports\/#primaryimage"},"image":{"@id":"https:\/\/saintaubindesbois.fr\/index.php\/transports\/#primaryimage"},"thumbnailUrl":"https:\/\/saintaubindesbois.fr\/wp-content\/uploads\/2020\/12\/9146FC2A-E95C-4E45-8462-C4AC6AE27FB0.png","datePublished":"2020-08-10T14:01:41+00:00","dateModified":"2021-01-25T14:25:42+00:00","inLanguage":"fr-FR","potentialAction":[{"@type":"ReadAction","target":["https:\/\/saintaubindesbois.fr\/index.php\/transports\/"]}]},{"@type":"ImageObject","inLanguage":"fr-FR","@id":"https:\/\/saintaubindesbois.fr\/index.php\/transports\/#primaryimage","url":"https:\/\/saintaubindesbois.fr\/wp-content\/uploads\/2020\/12\/9146FC2A-E95C-4E45-8462-C4AC6AE27FB0.png","contentUrl":"https:\/\/saintaubindesbois.fr\/wp-content\/uploads\/2020\/12\/9146FC2A-E95C-4E45-8462-C4AC6AE27FB0.png","width":512,"height":512},{"@type":"WebSite","@id":"https:\/\/saintaubindesbois.fr\/#website","url":"https:\/\/saintaubindesbois.fr\/","name":"Saint Aubin des Bois","description":"28300","publisher":{"@id":"https:\/\/saintaubindesbois.fr\/#organization"},"potentialAction":[{"@type":"SearchAction","target":{"@type":"EntryPoint","urlTemplate":"https:\/\/saintaubindesbois.fr\/?s={search_term_string}"},"query-input":{"@type":"PropertyValueSpecification","valueRequired":true,"valueName":"search_term_string"}}],"inLanguage":"fr-FR"},{"@type":"Organization","@id":"https:\/\/saintaubindesbois.fr\/#organization","name":"Saint Aubin des Bois","url":"https:\/\/saintaubindesbois.fr\/","logo":{"@type":"ImageObject","inLanguage":"fr-FR","@id":"https:\/\/saintaubindesbois.fr\/#\/schema\/logo\/image\/","url":"https:\/\/saintaubindesbois.fr\/wp-content\/uploads\/2020\/05\/LogoMairie.jpg","contentUrl":"https:\/\/saintaubindesbois.fr\/wp-content\/uploads\/2020\/05\/LogoMairie.jpg","width":128,"height":90,"caption":"Saint Aubin des Bois"},"image":{"@id":"https:\/\/saintaubindesbois.fr\/#\/schema\/logo\/image\/"}}]}},"_links":{"self":[{"href":"https:\/\/saintaubindesbois.fr\/index.php\/wp-json\/wp\/v2\/pages\/4622","targetHints":{"allow":["GET"]}}],"collection":[{"href":"https:\/\/saintaubindesbois.fr\/index.php\/wp-json\/wp\/v2\/pages"}],"about":[{"href":"https:\/\/saintaubindesbois.fr\/index.php\/wp-json\/wp\/v2\/types\/page"}],"author":[{"embeddable":true,"href":"https:\/\/saintaubindesbois.fr\/index.php\/wp-json\/wp\/v2\/users\/1"}],"replies":[{"embeddable":true,"href":"https:\/\/saintaubindesbois.fr\/index.php\/wp-json\/wp\/v2\/comments?post=4622"}],"version-history":[{"count":29,"href":"https:\/\/saintaubindesbois.fr\/index.php\/wp-json\/wp\/v2\/pages\/4622\/revisions"}],"predecessor-version":[{"id":66584,"href":"https:\/\/saintaubindesbois.fr\/index.php\/wp-json\/wp\/v2\/pages\/4622\/revisions\/66584"}],"wp:attachment":[{"href":"https:\/\/saintaubindesbois.fr\/index.php\/wp-json\/wp\/v2\/media?parent=4622"}],"curies":[{"name":"wp","href":"https:\/\/api.w.org\/{rel}","templated":true}]}}