{"id":4619,"date":"2020-08-10T16:01:25","date_gmt":"2020-08-10T14:01:25","guid":{"rendered":"https:\/\/saintaubindesbois.fr\/?page_id=4619"},"modified":"2020-10-29T11:01:08","modified_gmt":"2020-10-29T10:01:08","slug":"permis-de-construire","status":"publish","type":"page","link":"https:\/\/saintaubindesbois.fr\/index.php\/permis-de-construire\/","title":{"rendered":"Permis de construire"},"content":{"rendered":"\n<h6 class=\"wp-block-heading\" id=\"block-51ea00e7-24b5-4bc1-90d2-cb3bc9461393\"><br>&#8211; Les permis de construire et la d\u00e9claration pr\u00e9alable :<\/h6>\n\n\n\n<figure class=\"wp-block-image\"><img decoding=\"async\" src=\"http:\/\/saintaubindesbois.fr\/wp-content\/uploads\/2020\/06\/permisdeconsruire.jpg\" alt=\"\"\/><\/figure>\n\n\n\n<p id=\"block-d7afd956-bdf3-4e99-ba82-89f001ebb724\">Il existe diff\u00e9rentes demande de travaux :<\/p>\n\n\n\n<ul class=\"wp-block-list\" id=\"block-53ee4ac9-7468-4542-aa5f-10427639ccb2\"><li>ceux soumis \u00e0 permis de construire,<\/li><li>et ceux soumis \u00e0 une d\u00e9claration pr\u00e9alable.<\/li><\/ul>\n\n\n\n<p id=\"block-62e6c6ab-e930-4a81-8bf7-ad3e4ea242b4\">Le sch\u00e9ma ci-dessous n&rsquo;ayant qu&rsquo;un caract\u00e8re indicatif, il convient, pour tous projets de travaux, de s&rsquo;adresser au pr\u00e9alable \u00e0 la mairie afin de v\u00e9rifier, s&rsquo;il y a lieu, de constituer un dossier :<\/p>\n\n\n\n<ul class=\"wp-block-list\" id=\"block-bd99762f-9832-456f-a40b-6b280741df88\"><li>DP : D\u00e9claration Pr\u00e9alable<\/li><li>PC : Permis de Construire<\/li><\/ul>\n\n\n\n<figure class=\"wp-block-image size-large\"><img loading=\"lazy\" decoding=\"async\" width=\"650\" height=\"542\" src=\"https:\/\/saintaubindesbois.fr\/wp-content\/uploads\/2020\/10\/permisdeconstruire-declarationprealable_2.png\" alt=\"\" class=\"wp-image-11152\" srcset=\"https:\/\/saintaubindesbois.fr\/wp-content\/uploads\/2020\/10\/permisdeconstruire-declarationprealable_2.png 650w, https:\/\/saintaubindesbois.fr\/wp-content\/uploads\/2020\/10\/permisdeconstruire-declarationprealable_2-300x250.png 300w\" sizes=\"auto, (max-width: 650px) 100vw, 650px\" \/><\/figure>\n\n\n\n<p>Pour plus d&rsquo;informations, consultez le logo \u00ab\u00a0service.public.fr\u00a0\u00bb ci-dessous et tapez Permis de construire, pour d\u00e9couvrir les fiches pratiques, les services en ligne et les formulaires.\u00a0<\/p>\n\n\n\n<p>\u00ab&nbsp;Le permis de construire est une autorisation d&rsquo;urbanisme d\u00e9livr\u00e9e par la mairie de la commune o\u00f9 se situe votre projet. Il concerne les constructions nouvelles, m\u00eame sans fondation, de plus de 20 m\u00b2 de <dfn><a href=\"https:\/\/www.service-public.fr\/particuliers\/glossaire\/R11405\">surface de plancher<\/a><\/dfn> ou <dfn><a href=\"https:\/\/www.service-public.fr\/particuliers\/glossaire\/R15257\">d&#8217;emprise au sol<\/a><\/dfn>.<\/p>\n\n\n\n<p>Pour les b\u00e2timents existants, des travaux d&rsquo;extension ainsi que le changement de destination peuvent \u00e9galement \u00eatre soumis \u00e0 permis. Les travaux qui ne rel\u00e8vent pas du permis de construire sont en principe soumis \u00e0 d\u00e9claration pr\u00e9alable de travaux&nbsp;\u00bb.<\/p>\n\n\n\n<p>(Extrait du site de pr\u00e9sentation \u00e0 consulter pour la d\u00e9finition de surface de plancher ou emprise au sol).<\/p>\n","protected":false},"excerpt":{"rendered":"<p>&#8211; Les permis de construire et la d\u00e9claration pr\u00e9alable : Il existe diff\u00e9rentes demande de travaux : ceux soumis \u00e0 permis de construire, et ceux soumis \u00e0 une d\u00e9claration pr\u00e9alable. &hellip; <\/p>\n<p class=\"link-more\"><a href=\"https:\/\/saintaubindesbois.fr\/index.php\/permis-de-construire\/\" class=\"more-link\">Continuer la lecture<span class=\"screen-reader-text\"> de &laquo;&nbsp;Permis de construire&nbsp;&raquo;<\/span><\/a><\/p>\n","protected":false},"author":1,"featured_media":0,"parent":0,"menu_order":0,"comment_status":"closed","ping_status":"closed","template":"","meta":{"footnotes":""},"class_list":["post-4619","page","type-page","status-publish","hentry"],"yoast_head":"<!-- This site is optimized with the Yoast SEO plugin v26.6 - https:\/\/yoast.com\/wordpress\/plugins\/seo\/ -->\n<title>Permis de construire &#8211; Saint Aubin des Bois<\/title>\n<meta name=\"robots\" content=\"index, follow, max-snippet:-1, max-image-preview:large, max-video-preview:-1\" \/>\n<link rel=\"canonical\" href=\"https:\/\/saintaubindesbois.fr\/index.php\/permis-de-construire\/\" \/>\n<meta property=\"og:locale\" content=\"fr_FR\" \/>\n<meta property=\"og:type\" content=\"article\" \/>\n<meta property=\"og:title\" content=\"Permis de construire &#8211; Saint Aubin des Bois\" \/>\n<meta property=\"og:description\" content=\"&#8211; Les permis de construire et la d\u00e9claration pr\u00e9alable : Il existe diff\u00e9rentes demande de travaux : ceux soumis \u00e0 permis de construire, et ceux soumis \u00e0 une d\u00e9claration pr\u00e9alable. &hellip; Continuer la lecture de &laquo;&nbsp;Permis de construire&nbsp;&raquo;\" \/>\n<meta property=\"og:url\" content=\"https:\/\/saintaubindesbois.fr\/index.php\/permis-de-construire\/\" \/>\n<meta property=\"og:site_name\" content=\"Saint Aubin des Bois\" \/>\n<meta property=\"article:modified_time\" content=\"2020-10-29T10:01:08+00:00\" \/>\n<meta property=\"og:image\" content=\"http:\/\/saintaubindesbois.fr\/wp-content\/uploads\/2020\/06\/permisdeconsruire.jpg\" \/>\n<meta name=\"twitter:card\" content=\"summary_large_image\" \/>\n<meta name=\"twitter:label1\" content=\"Dur\u00e9e de lecture estim\u00e9e\" \/>\n\t<meta name=\"twitter:data1\" content=\"1 minute\" \/>\n<script type=\"application\/ld+json\" class=\"yoast-schema-graph\">{\"@context\":\"https:\/\/schema.org\",\"@graph\":[{\"@type\":\"WebPage\",\"@id\":\"https:\/\/saintaubindesbois.fr\/index.php\/permis-de-construire\/\",\"url\":\"https:\/\/saintaubindesbois.fr\/index.php\/permis-de-construire\/\",\"name\":\"Permis de construire &#8211; Saint Aubin des Bois\",\"isPartOf\":{\"@id\":\"https:\/\/saintaubindesbois.fr\/#website\"},\"primaryImageOfPage\":{\"@id\":\"https:\/\/saintaubindesbois.fr\/index.php\/permis-de-construire\/#primaryimage\"},\"image\":{\"@id\":\"https:\/\/saintaubindesbois.fr\/index.php\/permis-de-construire\/#primaryimage\"},\"thumbnailUrl\":\"http:\/\/saintaubindesbois.fr\/wp-content\/uploads\/2020\/06\/permisdeconsruire.jpg\",\"datePublished\":\"2020-08-10T14:01:25+00:00\",\"dateModified\":\"2020-10-29T10:01:08+00:00\",\"breadcrumb\":{\"@id\":\"https:\/\/saintaubindesbois.fr\/index.php\/permis-de-construire\/#breadcrumb\"},\"inLanguage\":\"fr-FR\",\"potentialAction\":[{\"@type\":\"ReadAction\",\"target\":[\"https:\/\/saintaubindesbois.fr\/index.php\/permis-de-construire\/\"]}]},{\"@type\":\"ImageObject\",\"inLanguage\":\"fr-FR\",\"@id\":\"https:\/\/saintaubindesbois.fr\/index.php\/permis-de-construire\/#primaryimage\",\"url\":\"https:\/\/saintaubindesbois.fr\/wp-content\/uploads\/2020\/06\/permisdeconsruire.jpg\",\"contentUrl\":\"https:\/\/saintaubindesbois.fr\/wp-content\/uploads\/2020\/06\/permisdeconsruire.jpg\",\"width\":185,\"height\":110},{\"@type\":\"BreadcrumbList\",\"@id\":\"https:\/\/saintaubindesbois.fr\/index.php\/permis-de-construire\/#breadcrumb\",\"itemListElement\":[{\"@type\":\"ListItem\",\"position\":1,\"name\":\"Accueil\",\"item\":\"https:\/\/saintaubindesbois.fr\/\"},{\"@type\":\"ListItem\",\"position\":2,\"name\":\"Permis de construire\"}]},{\"@type\":\"WebSite\",\"@id\":\"https:\/\/saintaubindesbois.fr\/#website\",\"url\":\"https:\/\/saintaubindesbois.fr\/\",\"name\":\"Saint Aubin des Bois\",\"description\":\"28300\",\"publisher\":{\"@id\":\"https:\/\/saintaubindesbois.fr\/#organization\"},\"potentialAction\":[{\"@type\":\"SearchAction\",\"target\":{\"@type\":\"EntryPoint\",\"urlTemplate\":\"https:\/\/saintaubindesbois.fr\/?s={search_term_string}\"},\"query-input\":{\"@type\":\"PropertyValueSpecification\",\"valueRequired\":true,\"valueName\":\"search_term_string\"}}],\"inLanguage\":\"fr-FR\"},{\"@type\":\"Organization\",\"@id\":\"https:\/\/saintaubindesbois.fr\/#organization\",\"name\":\"Saint Aubin des Bois\",\"url\":\"https:\/\/saintaubindesbois.fr\/\",\"logo\":{\"@type\":\"ImageObject\",\"inLanguage\":\"fr-FR\",\"@id\":\"https:\/\/saintaubindesbois.fr\/#\/schema\/logo\/image\/\",\"url\":\"https:\/\/saintaubindesbois.fr\/wp-content\/uploads\/2020\/05\/LogoMairie.jpg\",\"contentUrl\":\"https:\/\/saintaubindesbois.fr\/wp-content\/uploads\/2020\/05\/LogoMairie.jpg\",\"width\":128,\"height\":90,\"caption\":\"Saint Aubin des Bois\"},\"image\":{\"@id\":\"https:\/\/saintaubindesbois.fr\/#\/schema\/logo\/image\/\"}}]}<\/script>\n<!-- \/ Yoast SEO plugin. -->","yoast_head_json":{"title":"Permis de construire &#8211; Saint Aubin des Bois","robots":{"index":"index","follow":"follow","max-snippet":"max-snippet:-1","max-image-preview":"max-image-preview:large","max-video-preview":"max-video-preview:-1"},"canonical":"https:\/\/saintaubindesbois.fr\/index.php\/permis-de-construire\/","og_locale":"fr_FR","og_type":"article","og_title":"Permis de construire &#8211; Saint Aubin des Bois","og_description":"&#8211; Les permis de construire et la d\u00e9claration pr\u00e9alable : Il existe diff\u00e9rentes demande de travaux : ceux soumis \u00e0 permis de construire, et ceux soumis \u00e0 une d\u00e9claration pr\u00e9alable. &hellip; Continuer la lecture de &laquo;&nbsp;Permis de construire&nbsp;&raquo;","og_url":"https:\/\/saintaubindesbois.fr\/index.php\/permis-de-construire\/","og_site_name":"Saint Aubin des Bois","article_modified_time":"2020-10-29T10:01:08+00:00","og_image":[{"url":"http:\/\/saintaubindesbois.fr\/wp-content\/uploads\/2020\/06\/permisdeconsruire.jpg","type":"","width":"","height":""}],"twitter_card":"summary_large_image","twitter_misc":{"Dur\u00e9e de lecture estim\u00e9e":"1 minute"},"schema":{"@context":"https:\/\/schema.org","@graph":[{"@type":"WebPage","@id":"https:\/\/saintaubindesbois.fr\/index.php\/permis-de-construire\/","url":"https:\/\/saintaubindesbois.fr\/index.php\/permis-de-construire\/","name":"Permis de construire &#8211; Saint Aubin des Bois","isPartOf":{"@id":"https:\/\/saintaubindesbois.fr\/#website"},"primaryImageOfPage":{"@id":"https:\/\/saintaubindesbois.fr\/index.php\/permis-de-construire\/#primaryimage"},"image":{"@id":"https:\/\/saintaubindesbois.fr\/index.php\/permis-de-construire\/#primaryimage"},"thumbnailUrl":"http:\/\/saintaubindesbois.fr\/wp-content\/uploads\/2020\/06\/permisdeconsruire.jpg","datePublished":"2020-08-10T14:01:25+00:00","dateModified":"2020-10-29T10:01:08+00:00","breadcrumb":{"@id":"https:\/\/saintaubindesbois.fr\/index.php\/permis-de-construire\/#breadcrumb"},"inLanguage":"fr-FR","potentialAction":[{"@type":"ReadAction","target":["https:\/\/saintaubindesbois.fr\/index.php\/permis-de-construire\/"]}]},{"@type":"ImageObject","inLanguage":"fr-FR","@id":"https:\/\/saintaubindesbois.fr\/index.php\/permis-de-construire\/#primaryimage","url":"https:\/\/saintaubindesbois.fr\/wp-content\/uploads\/2020\/06\/permisdeconsruire.jpg","contentUrl":"https:\/\/saintaubindesbois.fr\/wp-content\/uploads\/2020\/06\/permisdeconsruire.jpg","width":185,"height":110},{"@type":"BreadcrumbList","@id":"https:\/\/saintaubindesbois.fr\/index.php\/permis-de-construire\/#breadcrumb","itemListElement":[{"@type":"ListItem","position":1,"name":"Accueil","item":"https:\/\/saintaubindesbois.fr\/"},{"@type":"ListItem","position":2,"name":"Permis de construire"}]},{"@type":"WebSite","@id":"https:\/\/saintaubindesbois.fr\/#website","url":"https:\/\/saintaubindesbois.fr\/","name":"Saint Aubin des Bois","description":"28300","publisher":{"@id":"https:\/\/saintaubindesbois.fr\/#organization"},"potentialAction":[{"@type":"SearchAction","target":{"@type":"EntryPoint","urlTemplate":"https:\/\/saintaubindesbois.fr\/?s={search_term_string}"},"query-input":{"@type":"PropertyValueSpecification","valueRequired":true,"valueName":"search_term_string"}}],"inLanguage":"fr-FR"},{"@type":"Organization","@id":"https:\/\/saintaubindesbois.fr\/#organization","name":"Saint Aubin des Bois","url":"https:\/\/saintaubindesbois.fr\/","logo":{"@type":"ImageObject","inLanguage":"fr-FR","@id":"https:\/\/saintaubindesbois.fr\/#\/schema\/logo\/image\/","url":"https:\/\/saintaubindesbois.fr\/wp-content\/uploads\/2020\/05\/LogoMairie.jpg","contentUrl":"https:\/\/saintaubindesbois.fr\/wp-content\/uploads\/2020\/05\/LogoMairie.jpg","width":128,"height":90,"caption":"Saint Aubin des Bois"},"image":{"@id":"https:\/\/saintaubindesbois.fr\/#\/schema\/logo\/image\/"}}]}},"_links":{"self":[{"href":"https:\/\/saintaubindesbois.fr\/index.php\/wp-json\/wp\/v2\/pages\/4619","targetHints":{"allow":["GET"]}}],"collection":[{"href":"https:\/\/saintaubindesbois.fr\/index.php\/wp-json\/wp\/v2\/pages"}],"about":[{"href":"https:\/\/saintaubindesbois.fr\/index.php\/wp-json\/wp\/v2\/types\/page"}],"author":[{"embeddable":true,"href":"https:\/\/saintaubindesbois.fr\/index.php\/wp-json\/wp\/v2\/users\/1"}],"replies":[{"embeddable":true,"href":"https:\/\/saintaubindesbois.fr\/index.php\/wp-json\/wp\/v2\/comments?post=4619"}],"version-history":[{"count":4,"href":"https:\/\/saintaubindesbois.fr\/index.php\/wp-json\/wp\/v2\/pages\/4619\/revisions"}],"predecessor-version":[{"id":15647,"href":"https:\/\/saintaubindesbois.fr\/index.php\/wp-json\/wp\/v2\/pages\/4619\/revisions\/15647"}],"wp:attachment":[{"href":"https:\/\/saintaubindesbois.fr\/index.php\/wp-json\/wp\/v2\/media?parent=4619"}],"curies":[{"name":"wp","href":"https:\/\/api.w.org\/{rel}","templated":true}]}}