{"id":395,"date":"2020-05-28T10:29:01","date_gmt":"2020-05-28T08:29:01","guid":{"rendered":"http:\/\/saintaubindesbois.fr\/?page_id=395"},"modified":"2023-04-09T18:53:54","modified_gmt":"2023-04-09T16:53:54","slug":"cimetiere","status":"publish","type":"page","link":"https:\/\/saintaubindesbois.fr\/index.php\/cimetiere\/","title":{"rendered":"Le cimeti\u00e8re de Saint-Aubin des Bois<!-- wp:image {\"id\":627,\"width\":266,\"height\":165,\"sizeSlug\":\"large\"} --> <figure class=\"wp-block-image size-large is-resized\"><img src=\"http:\/\/saintaubindesbois.fr\/wp-content\/uploads\/2020\/11\/014-scaled.jpg\" alt=\"\" class=\"wp-image-627\" width=\"266\" height=\"165\"\/><\/figure><figure class=\"wp-block-image size-large is-resized\"><img src=\"http:\/\/saintaubindesbois.fr\/wp-content\/uploads\/2020\/11\/013-scaled.jpg\" alt=\"\" class=\"wp-image-627\" width=\"266\" height=\"165\"\/><\/figure> <!-- \/wp:image -->"},"content":{"rendered":"\n<h4 class=\"wp-block-heading\">* Le cimeti\u00e8re de la commune :<\/h4>\n\n\n\n<div class=\"wp-block-media-text alignwide is-stacked-on-mobile\" style=\"grid-template-columns:16% auto\"><figure class=\"wp-block-media-text__media\"><img loading=\"lazy\" decoding=\"async\" width=\"1024\" height=\"1024\" src=\"http:\/\/saintaubindesbois.fr\/wp-content\/uploads\/2020\/06\/pictogrammeinfos-1024x1024.png\" alt=\"\" class=\"wp-image-1368 size-full\" srcset=\"https:\/\/saintaubindesbois.fr\/wp-content\/uploads\/2020\/06\/pictogrammeinfos-1024x1024.png 1024w, https:\/\/saintaubindesbois.fr\/wp-content\/uploads\/2020\/06\/pictogrammeinfos-300x300.png 300w, https:\/\/saintaubindesbois.fr\/wp-content\/uploads\/2020\/06\/pictogrammeinfos-150x150.png 150w, https:\/\/saintaubindesbois.fr\/wp-content\/uploads\/2020\/06\/pictogrammeinfos-768x768.png 768w, https:\/\/saintaubindesbois.fr\/wp-content\/uploads\/2020\/06\/pictogrammeinfos-100x100.png 100w, https:\/\/saintaubindesbois.fr\/wp-content\/uploads\/2020\/06\/pictogrammeinfos.png 1200w\" sizes=\"auto, (max-width: 706px) 89vw, (max-width: 767px) 82vw, 740px\" \/><\/figure><div class=\"wp-block-media-text__content\">\n<p>Comme dans de nombreux villages, le cimeti\u00e8re encadre l\u2019\u00e9glise. On y acc\u00e8de de plain pied par l\u2019entr\u00e9e principale face au clocher (acc\u00e8s handicap\u00e9s) ou par un petit escalier accessible par un portillon sur le c\u00f4t\u00e9 de la mairie. Dans le mur d\u2019enceinte, derri\u00e8re une grille, a \u00e9t\u00e9 am\u00e9nag\u00e9 le monument aux morts.<\/p>\n<\/div><\/div>\n\n\n\n<hr class=\"wp-block-separator is-style-default\"\/>\n\n\n\n<hr class=\"wp-block-separator is-style-dots\"\/>\n\n\n\n<h4 class=\"wp-block-heading\">* Notre Columbarium et Jardin du Souvenir :<\/h4>\n\n\n\n<figure class=\"wp-block-gallery columns-0 is-cropped wp-block-gallery-1 is-layout-flex wp-block-gallery-is-layout-flex\"><ul class=\"blocks-gallery-grid\"><li class=\"blocks-gallery-item\"><figure><img loading=\"lazy\" decoding=\"async\" width=\"307\" height=\"173\" src=\"https:\/\/saintaubindesbois.fr\/wp-content\/uploads\/2020\/10\/columbarium.jpg\" alt=\"\" data-id=\"12660\" data-full-url=\"https:\/\/saintaubindesbois.fr\/wp-content\/uploads\/2020\/10\/columbarium.jpg\" data-link=\"https:\/\/saintaubindesbois.fr\/columbarium-2\/\" class=\"wp-image-12660\" srcset=\"https:\/\/saintaubindesbois.fr\/wp-content\/uploads\/2020\/10\/columbarium.jpg 307w, https:\/\/saintaubindesbois.fr\/wp-content\/uploads\/2020\/10\/columbarium-300x169.jpg 300w\" sizes=\"auto, (max-width: 307px) 100vw, 307px\" \/><\/figure><\/li><li class=\"blocks-gallery-item\"><figure><img loading=\"lazy\" decoding=\"async\" width=\"240\" height=\"173\" src=\"https:\/\/saintaubindesbois.fr\/wp-content\/uploads\/2020\/05\/JardinSouvenir.gif\" alt=\"\" data-id=\"633\" data-full-url=\"https:\/\/saintaubindesbois.fr\/wp-content\/uploads\/2020\/05\/JardinSouvenir.gif\" data-link=\"https:\/\/saintaubindesbois.fr\/jardinsouvenir\/\" class=\"wp-image-633\"\/><\/figure><\/li><\/ul><\/figure>\n\n\n\n<h6 class=\"wp-block-heading\">&#8211; Les tarifs du cimeti\u00e8re<\/h6>\n\n\n\n<p>Au cours de sa s\u00e9ance du 15 septembre 2020, le Conseil Municipal a vot\u00e9, \u00e0 l\u2019unanimit\u00e9, l\u2019augmentation, \u00e0 partir du 1<sup>er<\/sup> janvier 2021, des tarifs dans le cimeti\u00e8re comme suit&nbsp;:<\/p>\n\n\n\n<p>&nbsp;&nbsp;&nbsp;&nbsp;&nbsp;&nbsp;&nbsp;&nbsp;&nbsp;&nbsp;&nbsp; Concession trentenaire&nbsp;: 500 \u20ac<\/p>\n\n\n\n<p>&nbsp;&nbsp;&nbsp;&nbsp;&nbsp;&nbsp;&nbsp;&nbsp;&nbsp;&nbsp;&nbsp; Concession cinquantenaire&nbsp;: 700 \u20ac<\/p>\n\n\n\n<p>Ont \u00e9t\u00e9 vot\u00e9s \u00e0 l\u2019unanimit\u00e9 aussi le prix de la caveurne (80&#215;80) \u00e0 150 \u20ac pour 20 ans, ainsi que le prix de la case dans le columbarium \u00e0 1&nbsp;000 \u20ac pour 20 ans.<\/p>\n\n\n\n<p>Gratuit\u00e9 en ce qui concerne le Jardin du Souvenir.<\/p>\n\n\n\n<hr class=\"wp-block-separator is-style-default\"\/>\n\n\n\n<p><strong>La <a href=\"https:\/\/www.legifrance.gouv.fr\/affichTexteArticle.do;jsessionid=15C16A8D7FE54B0F42243D12DBD2AEA4.tpdjo06v_3?cidTexte=JORFTEXT000019960926&amp;idArticle=LEGIARTI000019981583&amp;dateTexte=20081220\">loi de d\u00e9cembre 2008 N\u00b02088-1350<\/a> est venue fixer les diff\u00e9rentes destinations possibles des <a href=\"https:\/\/www.lassurance-obseques.fr\/guide-obseques\/urne-funeraire\/\">urnes fun\u00e9raires<\/a> o\u00f9 reposent les cendres du d\u00e9funt. R\u00e9capitulatif de ce qu\u2019il est possible de faire ou de ne pas faire et de ce que le maire a comme pouvoir dans ce domaine bien pr\u00e9cis. &nbsp;<\/strong><\/p>\n\n\n\n<h2 class=\"wp-block-heading\">Les destinations possibles des cendres (hors lieux publics)<\/h2>\n\n\n\n<p>&nbsp;&nbsp;&nbsp;&nbsp;&nbsp;&nbsp;&nbsp;&nbsp;&nbsp;&nbsp;&nbsp; <strong>A noter que <u>le d\u00e9p\u00f4t de l\u2019urne \u00e0 domicile est interdit<\/u>, m\u00eame si telle est la volont\u00e9 exprim\u00e9e par le d\u00e9funt.<\/strong><\/p>\n\n\n\n<p><br><strong>&nbsp;&nbsp;&nbsp;&nbsp;&nbsp;&nbsp;&nbsp;&nbsp;&nbsp;&nbsp;&nbsp; \u2192 Les cendres d\u2019un d\u00e9funt peuvent \u00eatre d\u00e9pos\u00e9es dans plusieurs endroits :<\/strong><\/p>\n\n\n\n<ul class=\"wp-block-list\"><li>enferm\u00e9es dans une <strong><a href=\"https:\/\/www.lassurance-obseques.fr\/guide-obseques\/columbarium\/\">case de columbarium<\/a><\/strong> ou un jardin d\u2019urnes.\u00a0<\/li><li>inhum\u00e9es dans une <strong><a href=\"https:\/\/www.lassurance-obseques.fr\/guide-obseques\/concession-funeraire-cimetiere\/\">concession fun\u00e9raire<\/a><\/strong> pr\u00e9existante au c\u00f4t\u00e9 d\u2019un autre d\u00e9funt.\u00a0<\/li><li>enterr\u00e9es dans un(e) \u00a0<strong><a href=\"https:\/\/www.lassurance-obseques.fr\/guide-obseques\/cavurne\/\">cavurne<\/a> (caveau d\u2019urnes)<\/strong>.<\/li><li>\u00e9parpill\u00e9es dans le <strong><a href=\"https:\/\/www.lassurance-obseques.fr\/guide-obseques\/jardin-du-souvenir\/\">jardin du souvenir<\/a><\/strong> attenant au cimeti\u00e8re, espace collectif de dispersion des cendres g\u00e9n\u00e9ralement sous forme de puits garni de galets. Obligation est faite de conserver la m\u00e9moire de chaque dispersion sous forme d\u2019une petite plaque comportant le nom du d\u00e9funt et les dates de naissance et d\u00e9c\u00e8s sur un support ad\u00e9quat.<\/li><li>inhum\u00e9es dans une <strong>propri\u00e9t\u00e9 priv\u00e9e\u00a0: <\/strong>la dispersion dans de grandes \u00e9tendues accessibles au public mais appartenant \u00e0 une personne priv\u00e9e (champ, prairie, bois, for\u00eat), sous r\u00e9serve de l\u2019accord pr\u00e9alable du propri\u00e9taire du terrain, semble possible. \u00a0<\/li><li>dispers\u00e9es \u00ab\u00a0<strong>en pleine nature<\/strong>\u00ab\u00a0, sauf sur les voies publiques. Il n&rsquo;existe pas de d\u00e9finition juridique de la notion de \u00ab\u00a0pleine nature\u00a0\u00bb, cependant, on peut se r\u00e9f\u00e9rer \u00e0 la notion d&rsquo;espace naturel non am\u00e9nag\u00e9 pour d\u00e9terminer si la dispersion est possible ou non.<\/li><li>\u00a0S&rsquo;agissant des <strong>cours d&rsquo;eau et des rivi\u00e8res sauvages<\/strong>, non am\u00e9nag\u00e9s et sous r\u00e9serve de l&rsquo;appr\u00e9ciation souveraine des tribunaux, il y a lieu de consid\u00e9rer que la dispersion des cendres y est possible.<\/li><li>La dispersion <strong>en mer<\/strong> est \u00e9galement possible, d\u00e8s lors qu&rsquo;elle ne contrevient pas \u00e0 la r\u00e9glementation maritime et aux r\u00e8gles \u00e9dict\u00e9es localement au titre de police sp\u00e9ciale de 300 m\u00e8tres institu\u00e9e par la loi littoral du 2 janvier 1986 et codifi\u00e9e \u00e0 l&rsquo;article <a href=\"http:\/\/www.legifrance.gouv.fr\/affichCodeArticle.do?idArticle=LEGIARTI000006390210&amp;cidTexte=LEGITEXT000006070633&amp;dateTexte=20101007&amp;oldAction=rechCodeArticle\" target=\"_blank\" rel=\"noreferrer noopener\">L2213-23 <\/a>du CGCT.<\/li><li>Concernant la dispersion des cendres par <strong>voies a\u00e9riennes<\/strong>, il y a lieu de consid\u00e9rer que cela n\u2019est l\u00e9gal que si cette dispersion intervient en surplomb d\u2019espaces naturels totalement d\u00e9pourvus de voies publiques.<\/li><li><strong>Les modalit\u00e9s de la d\u00e9claration de dispersion en pleine nature sont d\u00e9finies par le nouvel article <a href=\"http:\/\/www.legifrance.gouv.fr\/affichCodeArticle.do?idArticle=LEGIARTI000019983170&amp;cidTexte=LEGITEXT000006070633&amp;dateTexte=20101007&amp;oldAction=rechCodeArticle\" target=\"_blank\" rel=\"noreferrer noopener\">L2223-18-3 <\/a>du Code G\u00e9n\u00e9ral des Collectivit\u00e9s Territoriales :  \u00ab\u00a0En cas de dispersion des cendres en pleine nature, la personne ayant qualit\u00e9 pour pourvoir aux fun\u00e9railles en fait la d\u00e9claration \u00e0 la mairie de la commune du lieu de naissance du d\u00e9funt. L&rsquo;identit\u00e9 du d\u00e9funt ainsi que la date et le lieu de dispersion de ces cendres sont inscrits sur un registre cr\u00e9\u00e9 \u00e0 cet effet\u00a0\u00bb.<\/strong><\/li><li>Pour plus d&rsquo;informations consulter la <a href=\"https:\/\/www.collectivites-locales.gouv.fr\/files\/files\/circulaire_iocb0915243c_141209.pdf\" target=\"_blank\" rel=\"noreferrer noopener\">circulaire n\u00b0 IOCB0915243C du 14 d\u00e9cembre 2009<\/a> d\u2019application de la loi n\u00b0 2008-1350 du 19 d\u00e9cembre 2008.<\/li><li><strong>\u2192 Il est aussi tout \u00e0 fait possible de sceller l\u2019urne cin\u00e9raire sur la pierre tombale<\/strong><\/li><\/ul>\n\n\n\n<p>Cette d\u00e9marche est consid\u00e9r\u00e9e de la m\u00eame mani\u00e8re qu&rsquo;une inhumation.<\/p>\n\n\n\n<p><strong>Le maire doit alors faire respecter le r\u00e8glement du cimeti\u00e8re en la mati\u00e8re et s\u2019assurer que l\u2019urne qui va \u00eatre install\u00e9e sur la pierre tombale est aux normes.<\/strong><\/p>\n\n\n\n<ul class=\"wp-block-list\"><li>Elle doit \u00eatre solide et \u00e9tanche, pour \u00e9viter qu\u2019elle ne se brise, ou qu\u2019on puisse facilement l\u2019ouvrir.<\/li><li>Elle doit indiquer le nom du d\u00e9funt, ses dates de naissance et de mort,<\/li><li>Elle doit \u00eatre scell\u00e9e par un professionnel habilit\u00e9 \u00e0 le faire et non par la famille, ne serait-ce que pour assurer sa stabilit\u00e9.<\/li><\/ul>\n\n\n\n<p>Il faudra donc \u00eatre tr\u00e8s pointu sur le choix du r\u00e9ceptacle, qui va \u00eatre expos\u00e9 aux intemp\u00e9ries.<\/p>\n\n\n\n<p>C\u2019est \u00e0 la personne en charge des fun\u00e9railles d\u2019en faire la requ\u00eate, ainsi que le d\u00e9finit l\u2019article 2213-18-2 du Code G\u00e9n\u00e9ral des Collectivit\u00e9s Territoriales&nbsp;:\u00ab&nbsp;<em>\u00c0 la demande de la personne ayant qualit\u00e9 pour pourvoir aux fun\u00e9railles, les cendres sont en leur totalit\u00e9&nbsp;: soit conserv\u00e9es dans l\u2019urne cin\u00e9raire, qui peut \u00eatre inhum\u00e9e dans une s\u00e9pulture ou d\u00e9pos\u00e9e dans une case de columbarium ou <\/em><strong><em>scell\u00e9e sur un monument fun\u00e9raire<\/em><\/strong><em> \u00e0 l\u2019int\u00e9rieur d\u2019un cimeti\u00e8re ou d\u2019un site cin\u00e9raire vis\u00e9 \u00e0 l\u2019article L.2223-40&nbsp;\u00bb.<\/em><\/p>\n\n\n\n<p>Cette demande se pr\u00e9sente sous la forme d\u2019une requ\u00eate officielle o\u00f9 il faut renseigner son identit\u00e9, celle du d\u00e9funt, les dates de d\u00e9c\u00e8s, de cr\u00e9mation, le num\u00e9ro de la concession, les personnes qui y sont d\u00e9j\u00e0 inhum\u00e9es, l\u2019entreprise mandat\u00e9e pour accomplir les travaux.<\/p>\n\n\n\n<p>Il faudra justifier de son identit\u00e9 et prouver que l&rsquo;on est bien en charge de l\u2019organisation des obs\u00e8ques.<br><strong>\u2192 Cette demande officielle est adress\u00e9e au maire de la commune o\u00f9 se situe la concession selon <a href=\"https:\/\/www.legifrance.gouv.fr\/affichCodeArticle.do?idArticle=LEGIARTI000023512820&amp;cidTexte=LEGITEXT000006070633\">l\u2019article R.2213-39 du CGCT<\/a>&nbsp;:<\/strong><\/p>\n\n\n\n<p>\u00ab&nbsp;Le placement dans une s\u00e9pulture, le scellement sur un monument fun\u00e9raire, le d\u00e9p\u00f4t dans une case de columbarium d&rsquo;une urne et la dispersion des cendres, dans un cimeti\u00e8re ou un site cin\u00e9raire faisant l&rsquo;objet de concessions, sont subordonn\u00e9s \u00e0 l&rsquo;autorisation du maire de la commune o\u00f9 se d\u00e9roule l&rsquo;op\u00e9ration&nbsp;\u00bb.<\/p>\n\n\n\n<p>Il a toute latitude pour autoriser cette op\u00e9ration \u00e0 laquelle il n\u2019a aucune raison de s\u2019opposer &#8230; en th\u00e9orie.<br><strong>\u2192 En effet, le maire ne peut valider quoi que ce soit tant qu\u2019il n\u2019a pas v\u00e9rifi\u00e9 que le d\u00e9funt dont l\u2019urne va \u00eatre scell\u00e9e peut rejoindre cette concession&nbsp;:<\/strong><\/p>\n\n\n\n<ul class=\"wp-block-list\"><li>soit parce qu\u2019il est le descendant de la personne qui a contractualis\u00e9 ;<\/li><li>soit parce qu\u2019il a \u00e9t\u00e9 d\u00e9sign\u00e9 comme b\u00e9n\u00e9ficiaire par le concessionnaire dans le titre de concession.<\/li><\/ul>\n\n\n\n<p>Si le d\u00e9funt n\u2019a aucun droit sur cette concession, l\u2019op\u00e9ration ne pourra pas avoir lieu.<\/p>\n\n\n\n<p><strong>\u2192 En cas de probl\u00e8me, le maire ne validera pas la demande qui lui a \u00e9t\u00e9 faite&nbsp;; il peut alors proposer deux solutions&nbsp;:<\/strong><\/p>\n\n\n\n<ul class=\"wp-block-list\"><li>placer l\u2019urne dans la tombe, s\u2019il y reste encore de la place<\/li><li>faire construire une niche sur la pierre tombale pour y positionner l\u2019urne qui sera ainsi prot\u00e9g\u00e9e<\/li><\/ul>\n","protected":false},"excerpt":{"rendered":"<p>* Le cimeti\u00e8re de la commune : Comme dans de nombreux villages, le cimeti\u00e8re encadre l\u2019\u00e9glise. On y acc\u00e8de de plain pied par l\u2019entr\u00e9e principale face au clocher (acc\u00e8s handicap\u00e9s) &hellip; <\/p>\n<p class=\"link-more\"><a href=\"https:\/\/saintaubindesbois.fr\/index.php\/cimetiere\/\" class=\"more-link\">Continuer la lecture<span class=\"screen-reader-text\"> de &laquo;&nbsp;Le cimeti\u00e8re de Saint-Aubin des Bois<!-- wp:image {\"id\":627,\"width\":266,\"height\":165,\"sizeSlug\":\"large\"} --> <\/p>\n<figure class=\"wp-block-image size-large is-resized\"><img loading=\"lazy\" decoding=\"async\" src=\"http:\/\/saintaubindesbois.fr\/wp-content\/uploads\/2020\/11\/014-scaled.jpg\" alt=\"\" class=\"wp-image-627\" width=\"266\" height=\"165\"\/><\/figure>\n<figure class=\"wp-block-image size-large is-resized\"><img loading=\"lazy\" decoding=\"async\" src=\"http:\/\/saintaubindesbois.fr\/wp-content\/uploads\/2020\/11\/013-scaled.jpg\" alt=\"\" class=\"wp-image-627\" width=\"266\" height=\"165\"\/><\/figure>\n<p> <!-- \/wp:image -->&nbsp;&raquo;<\/span><\/a><\/p>\n","protected":false},"author":1,"featured_media":0,"parent":0,"menu_order":0,"comment_status":"closed","ping_status":"closed","template":"","meta":{"footnotes":""},"class_list":["post-395","page","type-page","status-publish","hentry"],"yoast_head":"<!-- This site is optimized with the Yoast SEO plugin v26.6 - https:\/\/yoast.com\/wordpress\/plugins\/seo\/ -->\n<title>Le cimeti\u00e8re de Saint-Aubin des Bois   &#8211; Saint Aubin des Bois<\/title>\n<meta name=\"robots\" content=\"index, follow, max-snippet:-1, max-image-preview:large, max-video-preview:-1\" \/>\n<link rel=\"canonical\" href=\"https:\/\/saintaubindesbois.fr\/index.php\/cimetiere\/\" \/>\n<meta property=\"og:locale\" content=\"fr_FR\" \/>\n<meta property=\"og:type\" content=\"article\" \/>\n<meta property=\"og:title\" content=\"Le cimeti\u00e8re de Saint-Aubin des Bois   &#8211; Saint Aubin des Bois\" \/>\n<meta property=\"og:description\" content=\"* Le cimeti\u00e8re de la commune : Comme dans de nombreux villages, le cimeti\u00e8re encadre l\u2019\u00e9glise. On y acc\u00e8de de plain pied par l\u2019entr\u00e9e principale face au clocher (acc\u00e8s handicap\u00e9s) &hellip; Continuer la lecture de &laquo;&nbsp;Le cimeti\u00e8re de Saint-Aubin des Bois &nbsp;&raquo;\" \/>\n<meta property=\"og:url\" content=\"https:\/\/saintaubindesbois.fr\/index.php\/cimetiere\/\" \/>\n<meta property=\"og:site_name\" content=\"Saint Aubin des Bois\" \/>\n<meta property=\"article:modified_time\" content=\"2023-04-09T16:53:54+00:00\" \/>\n<meta property=\"og:image\" content=\"http:\/\/saintaubindesbois.fr\/wp-content\/uploads\/2020\/06\/pictogrammeinfos-1024x1024.png\" \/>\n<meta name=\"twitter:card\" content=\"summary_large_image\" \/>\n<meta name=\"twitter:label1\" content=\"Dur\u00e9e de lecture estim\u00e9e\" \/>\n\t<meta name=\"twitter:data1\" content=\"6 minutes\" \/>\n<script type=\"application\/ld+json\" class=\"yoast-schema-graph\">{\"@context\":\"https:\/\/schema.org\",\"@graph\":[{\"@type\":\"WebPage\",\"@id\":\"https:\/\/saintaubindesbois.fr\/index.php\/cimetiere\/\",\"url\":\"https:\/\/saintaubindesbois.fr\/index.php\/cimetiere\/\",\"name\":\"Le cimeti\u00e8re de Saint-Aubin des Bois &#8211; Saint Aubin des Bois\",\"isPartOf\":{\"@id\":\"https:\/\/saintaubindesbois.fr\/#website\"},\"primaryImageOfPage\":{\"@id\":\"https:\/\/saintaubindesbois.fr\/index.php\/cimetiere\/#primaryimage\"},\"image\":{\"@id\":\"https:\/\/saintaubindesbois.fr\/index.php\/cimetiere\/#primaryimage\"},\"thumbnailUrl\":\"http:\/\/saintaubindesbois.fr\/wp-content\/uploads\/2020\/06\/pictogrammeinfos-1024x1024.png\",\"datePublished\":\"2020-05-28T08:29:01+00:00\",\"dateModified\":\"2023-04-09T16:53:54+00:00\",\"breadcrumb\":{\"@id\":\"https:\/\/saintaubindesbois.fr\/index.php\/cimetiere\/#breadcrumb\"},\"inLanguage\":\"fr-FR\",\"potentialAction\":[{\"@type\":\"ReadAction\",\"target\":[\"https:\/\/saintaubindesbois.fr\/index.php\/cimetiere\/\"]}]},{\"@type\":\"ImageObject\",\"inLanguage\":\"fr-FR\",\"@id\":\"https:\/\/saintaubindesbois.fr\/index.php\/cimetiere\/#primaryimage\",\"url\":\"https:\/\/saintaubindesbois.fr\/wp-content\/uploads\/2020\/06\/pictogrammeinfos.png\",\"contentUrl\":\"https:\/\/saintaubindesbois.fr\/wp-content\/uploads\/2020\/06\/pictogrammeinfos.png\",\"width\":1200,\"height\":1200},{\"@type\":\"BreadcrumbList\",\"@id\":\"https:\/\/saintaubindesbois.fr\/index.php\/cimetiere\/#breadcrumb\",\"itemListElement\":[{\"@type\":\"ListItem\",\"position\":1,\"name\":\"Accueil\",\"item\":\"https:\/\/saintaubindesbois.fr\/\"},{\"@type\":\"ListItem\",\"position\":2,\"name\":\"Le cimeti\u00e8re de Saint-Aubin des Bois\"}]},{\"@type\":\"WebSite\",\"@id\":\"https:\/\/saintaubindesbois.fr\/#website\",\"url\":\"https:\/\/saintaubindesbois.fr\/\",\"name\":\"Saint Aubin des Bois\",\"description\":\"28300\",\"publisher\":{\"@id\":\"https:\/\/saintaubindesbois.fr\/#organization\"},\"potentialAction\":[{\"@type\":\"SearchAction\",\"target\":{\"@type\":\"EntryPoint\",\"urlTemplate\":\"https:\/\/saintaubindesbois.fr\/?s={search_term_string}\"},\"query-input\":{\"@type\":\"PropertyValueSpecification\",\"valueRequired\":true,\"valueName\":\"search_term_string\"}}],\"inLanguage\":\"fr-FR\"},{\"@type\":\"Organization\",\"@id\":\"https:\/\/saintaubindesbois.fr\/#organization\",\"name\":\"Saint Aubin des Bois\",\"url\":\"https:\/\/saintaubindesbois.fr\/\",\"logo\":{\"@type\":\"ImageObject\",\"inLanguage\":\"fr-FR\",\"@id\":\"https:\/\/saintaubindesbois.fr\/#\/schema\/logo\/image\/\",\"url\":\"https:\/\/saintaubindesbois.fr\/wp-content\/uploads\/2020\/05\/LogoMairie.jpg\",\"contentUrl\":\"https:\/\/saintaubindesbois.fr\/wp-content\/uploads\/2020\/05\/LogoMairie.jpg\",\"width\":128,\"height\":90,\"caption\":\"Saint Aubin des Bois\"},\"image\":{\"@id\":\"https:\/\/saintaubindesbois.fr\/#\/schema\/logo\/image\/\"}}]}<\/script>\n<!-- \/ Yoast SEO plugin. -->","yoast_head_json":{"title":"Le cimeti\u00e8re de Saint-Aubin des Bois   &#8211; Saint Aubin des Bois","robots":{"index":"index","follow":"follow","max-snippet":"max-snippet:-1","max-image-preview":"max-image-preview:large","max-video-preview":"max-video-preview:-1"},"canonical":"https:\/\/saintaubindesbois.fr\/index.php\/cimetiere\/","og_locale":"fr_FR","og_type":"article","og_title":"Le cimeti\u00e8re de Saint-Aubin des Bois   &#8211; Saint Aubin des Bois","og_description":"* Le cimeti\u00e8re de la commune : Comme dans de nombreux villages, le cimeti\u00e8re encadre l\u2019\u00e9glise. On y acc\u00e8de de plain pied par l\u2019entr\u00e9e principale face au clocher (acc\u00e8s handicap\u00e9s) &hellip; Continuer la lecture de &laquo;&nbsp;Le cimeti\u00e8re de Saint-Aubin des Bois &nbsp;&raquo;","og_url":"https:\/\/saintaubindesbois.fr\/index.php\/cimetiere\/","og_site_name":"Saint Aubin des Bois","article_modified_time":"2023-04-09T16:53:54+00:00","og_image":[{"url":"http:\/\/saintaubindesbois.fr\/wp-content\/uploads\/2020\/06\/pictogrammeinfos-1024x1024.png","type":"","width":"","height":""}],"twitter_card":"summary_large_image","twitter_misc":{"Dur\u00e9e de lecture estim\u00e9e":"6 minutes"},"schema":{"@context":"https:\/\/schema.org","@graph":[{"@type":"WebPage","@id":"https:\/\/saintaubindesbois.fr\/index.php\/cimetiere\/","url":"https:\/\/saintaubindesbois.fr\/index.php\/cimetiere\/","name":"Le cimeti\u00e8re de Saint-Aubin des Bois &#8211; Saint Aubin des Bois","isPartOf":{"@id":"https:\/\/saintaubindesbois.fr\/#website"},"primaryImageOfPage":{"@id":"https:\/\/saintaubindesbois.fr\/index.php\/cimetiere\/#primaryimage"},"image":{"@id":"https:\/\/saintaubindesbois.fr\/index.php\/cimetiere\/#primaryimage"},"thumbnailUrl":"http:\/\/saintaubindesbois.fr\/wp-content\/uploads\/2020\/06\/pictogrammeinfos-1024x1024.png","datePublished":"2020-05-28T08:29:01+00:00","dateModified":"2023-04-09T16:53:54+00:00","breadcrumb":{"@id":"https:\/\/saintaubindesbois.fr\/index.php\/cimetiere\/#breadcrumb"},"inLanguage":"fr-FR","potentialAction":[{"@type":"ReadAction","target":["https:\/\/saintaubindesbois.fr\/index.php\/cimetiere\/"]}]},{"@type":"ImageObject","inLanguage":"fr-FR","@id":"https:\/\/saintaubindesbois.fr\/index.php\/cimetiere\/#primaryimage","url":"https:\/\/saintaubindesbois.fr\/wp-content\/uploads\/2020\/06\/pictogrammeinfos.png","contentUrl":"https:\/\/saintaubindesbois.fr\/wp-content\/uploads\/2020\/06\/pictogrammeinfos.png","width":1200,"height":1200},{"@type":"BreadcrumbList","@id":"https:\/\/saintaubindesbois.fr\/index.php\/cimetiere\/#breadcrumb","itemListElement":[{"@type":"ListItem","position":1,"name":"Accueil","item":"https:\/\/saintaubindesbois.fr\/"},{"@type":"ListItem","position":2,"name":"Le cimeti\u00e8re de Saint-Aubin des Bois"}]},{"@type":"WebSite","@id":"https:\/\/saintaubindesbois.fr\/#website","url":"https:\/\/saintaubindesbois.fr\/","name":"Saint Aubin des Bois","description":"28300","publisher":{"@id":"https:\/\/saintaubindesbois.fr\/#organization"},"potentialAction":[{"@type":"SearchAction","target":{"@type":"EntryPoint","urlTemplate":"https:\/\/saintaubindesbois.fr\/?s={search_term_string}"},"query-input":{"@type":"PropertyValueSpecification","valueRequired":true,"valueName":"search_term_string"}}],"inLanguage":"fr-FR"},{"@type":"Organization","@id":"https:\/\/saintaubindesbois.fr\/#organization","name":"Saint Aubin des Bois","url":"https:\/\/saintaubindesbois.fr\/","logo":{"@type":"ImageObject","inLanguage":"fr-FR","@id":"https:\/\/saintaubindesbois.fr\/#\/schema\/logo\/image\/","url":"https:\/\/saintaubindesbois.fr\/wp-content\/uploads\/2020\/05\/LogoMairie.jpg","contentUrl":"https:\/\/saintaubindesbois.fr\/wp-content\/uploads\/2020\/05\/LogoMairie.jpg","width":128,"height":90,"caption":"Saint Aubin des Bois"},"image":{"@id":"https:\/\/saintaubindesbois.fr\/#\/schema\/logo\/image\/"}}]}},"_links":{"self":[{"href":"https:\/\/saintaubindesbois.fr\/index.php\/wp-json\/wp\/v2\/pages\/395","targetHints":{"allow":["GET"]}}],"collection":[{"href":"https:\/\/saintaubindesbois.fr\/index.php\/wp-json\/wp\/v2\/pages"}],"about":[{"href":"https:\/\/saintaubindesbois.fr\/index.php\/wp-json\/wp\/v2\/types\/page"}],"author":[{"embeddable":true,"href":"https:\/\/saintaubindesbois.fr\/index.php\/wp-json\/wp\/v2\/users\/1"}],"replies":[{"embeddable":true,"href":"https:\/\/saintaubindesbois.fr\/index.php\/wp-json\/wp\/v2\/comments?post=395"}],"version-history":[{"count":57,"href":"https:\/\/saintaubindesbois.fr\/index.php\/wp-json\/wp\/v2\/pages\/395\/revisions"}],"predecessor-version":[{"id":85142,"href":"https:\/\/saintaubindesbois.fr\/index.php\/wp-json\/wp\/v2\/pages\/395\/revisions\/85142"}],"wp:attachment":[{"href":"https:\/\/saintaubindesbois.fr\/index.php\/wp-json\/wp\/v2\/media?parent=395"}],"curies":[{"name":"wp","href":"https:\/\/api.w.org\/{rel}","templated":true}]}}