{"id":23246,"date":"2020-12-02T16:13:15","date_gmt":"2020-12-02T15:13:15","guid":{"rendered":"https:\/\/saintaubindesbois.fr\/?page_id=23246"},"modified":"2025-07-09T09:49:46","modified_gmt":"2025-07-09T07:49:46","slug":"accueil","status":"publish","type":"page","link":"https:\/\/saintaubindesbois.fr\/","title":{"rendered":""},"content":{"rendered":"\n<div class=\"wp-block-group\"><div class=\"wp-block-group__inner-container is-layout-flow wp-block-group-is-layout-flow\"><form role=\"search\" method=\"get\" action=\"https:\/\/saintaubindesbois.fr\/\" class=\"wp-block-search__button-outside wp-block-search__text-button wp-block-search\"    ><label class=\"wp-block-search__label\" for=\"wp-block-search__input-1\" >Recherche Rapide<\/label><div class=\"wp-block-search__inside-wrapper\" ><input class=\"wp-block-search__input\" id=\"wp-block-search__input-1\" placeholder=\"\" value=\"\" type=\"search\" name=\"s\" required \/><button aria-label=\"Rechercher\" class=\"wp-block-search__button wp-element-button\" type=\"submit\" >Rechercher<\/button><\/div><\/form>\n\n\n<p><\/p>\n\n\n\n<div class=\"wp-block-group\"><div class=\"wp-block-group__inner-container is-layout-flow wp-block-group-is-layout-flow\"><\/div><\/div>\n\n\n\n<p class=\"has-text-align-left\"> <strong>Calendrier des \u00e9v\u00e8nements de la commune :  <\/strong>                         <a href=\"https:\/\/saintaubindesbois.fr\/index.php\/events\/\">ttps:\/\/saintaubindesbois.fr\/index.php\/events\/<\/a><\/p>\n\n\n\n<hr class=\"wp-block-separator has-css-opacity\"\/>\n\n\n\n<div class=\"wp-block-group\"><div class=\"wp-block-group__inner-container is-layout-flow wp-block-group-is-layout-flow\">\n<p><br><\/p>\n\n\n\n<figure class=\"wp-block-image size-large\"><img loading=\"lazy\" decoding=\"async\" width=\"1024\" height=\"598\" src=\"https:\/\/saintaubindesbois.fr\/wp-content\/uploads\/2023\/02\/photo241-1024x598.jpg\" alt=\"\" class=\"wp-image-84847\" srcset=\"https:\/\/saintaubindesbois.fr\/wp-content\/uploads\/2023\/02\/photo241-1024x598.jpg 1024w, https:\/\/saintaubindesbois.fr\/wp-content\/uploads\/2023\/02\/photo241-300x175.jpg 300w, https:\/\/saintaubindesbois.fr\/wp-content\/uploads\/2023\/02\/photo241-768x449.jpg 768w, https:\/\/saintaubindesbois.fr\/wp-content\/uploads\/2023\/02\/photo241.jpg 1306w\" sizes=\"auto, (max-width: 706px) 89vw, (max-width: 767px) 82vw, 740px\" \/><\/figure>\n\n\n\n<p><strong>Le Conseil Municipal \u00e9lu en 2020 <\/strong>: au premier rang, de gauche \u00e0 droite, Daphn\u00e9e BOTTIN, Sophie PIEDAGNIEL, Evelyne TROCHERIE, Marie-Pierre CHATOUX, Guy MAURENARD (maire), Isabelle BONVALLET, B\u00e9atrix HALLAY (2\u00e8me adjointe), Fran\u00e7oise POULAIN (4\u00e8me adjointe), Chantal FOURMONT-LETANG.<\/p>\n\n\n\n<p>Au second rang, de gauche \u00e0 droite, Michel GUESNET (1er adjoint), Dominique LAIGNEAU (3\u00e8me adjoint), Sylvain TRICHEUX, Thomas DZIEZUK, Thierry MOMMESSIN. En m\u00e9daillon Gr\u00e9gory LEGUAY.<\/p>\n\n\n\n<p>Evolution du groupe : Thomas DZIEZUK a quitt\u00e9 la commune pour motif de nouvelle affectation dans son travail de conducteur de trains, Daphn\u00e9e BOTTIN a d\u00e9m\u00e9nag\u00e9 sur Chartres.<\/p>\n\n\n\n<p><\/p>\n\n\n\n<iframe loading=\"lazy\" src=\"https:\/\/app.panneaupocket.com\/embeded\/667224231\" frameborder=\"0\" width=\"330\" height=\"518\"><\/iframe>\n<\/div><\/div>\n\n\n\n<p><\/p>\n<\/div><\/div>\n\n\n\n<p><\/p>\n\n\n\n<div class=\"wp-block-group\"><div class=\"wp-block-group__inner-container is-layout-flow wp-block-group-is-layout-flow\"><\/div><\/div>\n\n\n\n<p><\/p>\n","protected":false},"excerpt":{"rendered":"<p>Calendrier des \u00e9v\u00e8nements de la commune : ttps:\/\/saintaubindesbois.fr\/index.php\/events\/ Le Conseil Municipal \u00e9lu en 2020 : au premier rang, de gauche \u00e0 droite, Daphn\u00e9e BOTTIN, Sophie PIEDAGNIEL, Evelyne TROCHERIE, Marie-Pierre CHATOUX, &hellip; <\/p>\n<p class=\"link-more\"><a href=\"https:\/\/saintaubindesbois.fr\/\" class=\"more-link\">Continuer la lecture<span class=\"screen-reader-text\"> de &laquo;&nbsp;&nbsp;&raquo;<\/span><\/a><\/p>\n","protected":false},"author":1,"featured_media":0,"parent":0,"menu_order":1,"comment_status":"closed","ping_status":"closed","template":"","meta":{"footnotes":""},"class_list":["post-23246","page","type-page","status-publish","hentry"],"yoast_head":"<!-- This site is optimized with the Yoast SEO plugin v26.6 - https:\/\/yoast.com\/wordpress\/plugins\/seo\/ -->\n<title>&#8211; Saint Aubin des Bois<\/title>\n<meta name=\"robots\" content=\"index, follow, max-snippet:-1, max-image-preview:large, max-video-preview:-1\" \/>\n<link rel=\"canonical\" href=\"https:\/\/saintaubindesbois.fr\/\" \/>\n<meta property=\"og:locale\" content=\"fr_FR\" \/>\n<meta property=\"og:type\" content=\"article\" \/>\n<meta property=\"og:title\" content=\"&#8211; Saint Aubin des Bois\" \/>\n<meta property=\"og:description\" content=\"Calendrier des \u00e9v\u00e8nements de la commune : ttps:\/\/saintaubindesbois.fr\/index.php\/events\/ Le Conseil Municipal \u00e9lu en 2020 : au premier rang, de gauche \u00e0 droite, Daphn\u00e9e BOTTIN, Sophie PIEDAGNIEL, Evelyne TROCHERIE, Marie-Pierre CHATOUX, &hellip; Continuer la lecture de &laquo;&nbsp;&nbsp;&raquo;\" \/>\n<meta property=\"og:url\" content=\"https:\/\/saintaubindesbois.fr\/\" \/>\n<meta property=\"og:site_name\" content=\"Saint Aubin des Bois\" \/>\n<meta property=\"article:modified_time\" content=\"2025-07-09T07:49:46+00:00\" \/>\n<meta property=\"og:image\" content=\"https:\/\/saintaubindesbois.fr\/wp-content\/uploads\/2023\/02\/photo241.jpg\" \/>\n\t<meta property=\"og:image:width\" content=\"1306\" \/>\n\t<meta property=\"og:image:height\" content=\"763\" \/>\n\t<meta property=\"og:image:type\" content=\"image\/jpeg\" \/>\n<meta name=\"twitter:card\" content=\"summary_large_image\" \/>\n<meta name=\"twitter:label1\" content=\"Dur\u00e9e de lecture estim\u00e9e\" \/>\n\t<meta name=\"twitter:data1\" content=\"1 minute\" \/>\n<script type=\"application\/ld+json\" class=\"yoast-schema-graph\">{\"@context\":\"https:\/\/schema.org\",\"@graph\":[{\"@type\":\"WebPage\",\"@id\":\"https:\/\/saintaubindesbois.fr\/\",\"url\":\"https:\/\/saintaubindesbois.fr\/\",\"name\":\"&#8211; Saint Aubin des Bois\",\"isPartOf\":{\"@id\":\"https:\/\/saintaubindesbois.fr\/#website\"},\"primaryImageOfPage\":{\"@id\":\"https:\/\/saintaubindesbois.fr\/#primaryimage\"},\"image\":{\"@id\":\"https:\/\/saintaubindesbois.fr\/#primaryimage\"},\"thumbnailUrl\":\"https:\/\/saintaubindesbois.fr\/wp-content\/uploads\/2023\/02\/photo241-1024x598.jpg\",\"datePublished\":\"2020-12-02T15:13:15+00:00\",\"dateModified\":\"2025-07-09T07:49:46+00:00\",\"inLanguage\":\"fr-FR\",\"potentialAction\":[{\"@type\":\"ReadAction\",\"target\":[\"https:\/\/saintaubindesbois.fr\/\"]}]},{\"@type\":\"ImageObject\",\"inLanguage\":\"fr-FR\",\"@id\":\"https:\/\/saintaubindesbois.fr\/#primaryimage\",\"url\":\"https:\/\/saintaubindesbois.fr\/wp-content\/uploads\/2023\/02\/photo241.jpg\",\"contentUrl\":\"https:\/\/saintaubindesbois.fr\/wp-content\/uploads\/2023\/02\/photo241.jpg\",\"width\":1306,\"height\":763},{\"@type\":\"WebSite\",\"@id\":\"https:\/\/saintaubindesbois.fr\/#website\",\"url\":\"https:\/\/saintaubindesbois.fr\/\",\"name\":\"Saint Aubin des Bois\",\"description\":\"28300\",\"publisher\":{\"@id\":\"https:\/\/saintaubindesbois.fr\/#organization\"},\"potentialAction\":[{\"@type\":\"SearchAction\",\"target\":{\"@type\":\"EntryPoint\",\"urlTemplate\":\"https:\/\/saintaubindesbois.fr\/?s={search_term_string}\"},\"query-input\":{\"@type\":\"PropertyValueSpecification\",\"valueRequired\":true,\"valueName\":\"search_term_string\"}}],\"inLanguage\":\"fr-FR\"},{\"@type\":\"Organization\",\"@id\":\"https:\/\/saintaubindesbois.fr\/#organization\",\"name\":\"Saint Aubin des Bois\",\"url\":\"https:\/\/saintaubindesbois.fr\/\",\"logo\":{\"@type\":\"ImageObject\",\"inLanguage\":\"fr-FR\",\"@id\":\"https:\/\/saintaubindesbois.fr\/#\/schema\/logo\/image\/\",\"url\":\"https:\/\/saintaubindesbois.fr\/wp-content\/uploads\/2020\/05\/LogoMairie.jpg\",\"contentUrl\":\"https:\/\/saintaubindesbois.fr\/wp-content\/uploads\/2020\/05\/LogoMairie.jpg\",\"width\":128,\"height\":90,\"caption\":\"Saint Aubin des Bois\"},\"image\":{\"@id\":\"https:\/\/saintaubindesbois.fr\/#\/schema\/logo\/image\/\"}}]}<\/script>\n<!-- \/ Yoast SEO plugin. -->","yoast_head_json":{"title":"&#8211; Saint Aubin des Bois","robots":{"index":"index","follow":"follow","max-snippet":"max-snippet:-1","max-image-preview":"max-image-preview:large","max-video-preview":"max-video-preview:-1"},"canonical":"https:\/\/saintaubindesbois.fr\/","og_locale":"fr_FR","og_type":"article","og_title":"&#8211; Saint Aubin des Bois","og_description":"Calendrier des \u00e9v\u00e8nements de la commune : ttps:\/\/saintaubindesbois.fr\/index.php\/events\/ Le Conseil Municipal \u00e9lu en 2020 : au premier rang, de gauche \u00e0 droite, Daphn\u00e9e BOTTIN, Sophie PIEDAGNIEL, Evelyne TROCHERIE, Marie-Pierre CHATOUX, &hellip; Continuer la lecture de &laquo;&nbsp;&nbsp;&raquo;","og_url":"https:\/\/saintaubindesbois.fr\/","og_site_name":"Saint Aubin des Bois","article_modified_time":"2025-07-09T07:49:46+00:00","og_image":[{"width":1306,"height":763,"url":"https:\/\/saintaubindesbois.fr\/wp-content\/uploads\/2023\/02\/photo241.jpg","type":"image\/jpeg"}],"twitter_card":"summary_large_image","twitter_misc":{"Dur\u00e9e de lecture estim\u00e9e":"1 minute"},"schema":{"@context":"https:\/\/schema.org","@graph":[{"@type":"WebPage","@id":"https:\/\/saintaubindesbois.fr\/","url":"https:\/\/saintaubindesbois.fr\/","name":"&#8211; Saint Aubin des Bois","isPartOf":{"@id":"https:\/\/saintaubindesbois.fr\/#website"},"primaryImageOfPage":{"@id":"https:\/\/saintaubindesbois.fr\/#primaryimage"},"image":{"@id":"https:\/\/saintaubindesbois.fr\/#primaryimage"},"thumbnailUrl":"https:\/\/saintaubindesbois.fr\/wp-content\/uploads\/2023\/02\/photo241-1024x598.jpg","datePublished":"2020-12-02T15:13:15+00:00","dateModified":"2025-07-09T07:49:46+00:00","inLanguage":"fr-FR","potentialAction":[{"@type":"ReadAction","target":["https:\/\/saintaubindesbois.fr\/"]}]},{"@type":"ImageObject","inLanguage":"fr-FR","@id":"https:\/\/saintaubindesbois.fr\/#primaryimage","url":"https:\/\/saintaubindesbois.fr\/wp-content\/uploads\/2023\/02\/photo241.jpg","contentUrl":"https:\/\/saintaubindesbois.fr\/wp-content\/uploads\/2023\/02\/photo241.jpg","width":1306,"height":763},{"@type":"WebSite","@id":"https:\/\/saintaubindesbois.fr\/#website","url":"https:\/\/saintaubindesbois.fr\/","name":"Saint Aubin des Bois","description":"28300","publisher":{"@id":"https:\/\/saintaubindesbois.fr\/#organization"},"potentialAction":[{"@type":"SearchAction","target":{"@type":"EntryPoint","urlTemplate":"https:\/\/saintaubindesbois.fr\/?s={search_term_string}"},"query-input":{"@type":"PropertyValueSpecification","valueRequired":true,"valueName":"search_term_string"}}],"inLanguage":"fr-FR"},{"@type":"Organization","@id":"https:\/\/saintaubindesbois.fr\/#organization","name":"Saint Aubin des Bois","url":"https:\/\/saintaubindesbois.fr\/","logo":{"@type":"ImageObject","inLanguage":"fr-FR","@id":"https:\/\/saintaubindesbois.fr\/#\/schema\/logo\/image\/","url":"https:\/\/saintaubindesbois.fr\/wp-content\/uploads\/2020\/05\/LogoMairie.jpg","contentUrl":"https:\/\/saintaubindesbois.fr\/wp-content\/uploads\/2020\/05\/LogoMairie.jpg","width":128,"height":90,"caption":"Saint Aubin des Bois"},"image":{"@id":"https:\/\/saintaubindesbois.fr\/#\/schema\/logo\/image\/"}}]}},"_links":{"self":[{"href":"https:\/\/saintaubindesbois.fr\/index.php\/wp-json\/wp\/v2\/pages\/23246","targetHints":{"allow":["GET"]}}],"collection":[{"href":"https:\/\/saintaubindesbois.fr\/index.php\/wp-json\/wp\/v2\/pages"}],"about":[{"href":"https:\/\/saintaubindesbois.fr\/index.php\/wp-json\/wp\/v2\/types\/page"}],"author":[{"embeddable":true,"href":"https:\/\/saintaubindesbois.fr\/index.php\/wp-json\/wp\/v2\/users\/1"}],"replies":[{"embeddable":true,"href":"https:\/\/saintaubindesbois.fr\/index.php\/wp-json\/wp\/v2\/comments?post=23246"}],"version-history":[{"count":78,"href":"https:\/\/saintaubindesbois.fr\/index.php\/wp-json\/wp\/v2\/pages\/23246\/revisions"}],"predecessor-version":[{"id":85838,"href":"https:\/\/saintaubindesbois.fr\/index.php\/wp-json\/wp\/v2\/pages\/23246\/revisions\/85838"}],"wp:attachment":[{"href":"https:\/\/saintaubindesbois.fr\/index.php\/wp-json\/wp\/v2\/media?parent=23246"}],"curies":[{"name":"wp","href":"https:\/\/api.w.org\/{rel}","templated":true}]}}