{"id":17018,"date":"2020-11-05T17:10:00","date_gmt":"2020-11-05T16:10:00","guid":{"rendered":"https:\/\/saintaubindesbois.fr\/?page_id=17018"},"modified":"2024-09-13T17:18:34","modified_gmt":"2024-09-13T15:18:34","slug":"lhistoire-locale","status":"publish","type":"page","link":"https:\/\/saintaubindesbois.fr\/index.php\/lhistoire-locale\/","title":{"rendered":"L&rsquo;histoire locale :"},"content":{"rendered":"\n<p><\/p>\n\n\n<ul class=\"lcp_catlist\" id=\"lcp_instance_0\"><li><a href=\"https:\/\/saintaubindesbois.fr\/index.php\/2020\/02\/14\/13885\/\">A propos du presbyt\u00e8re<\/a><\/li><li><a href=\"https:\/\/saintaubindesbois.fr\/index.php\/2021\/01\/13\/anecdotes\/\">Anecdotes, faits divers<\/a><\/li><li><a href=\"https:\/\/saintaubindesbois.fr\/index.php\/2021\/01\/19\/evolution-de-la-salle-communale\/\">Extension de l&rsquo;ancienne salle communale<\/a><\/li><li><a href=\"https:\/\/saintaubindesbois.fr\/index.php\/2020\/01\/02\/leglise-de-saint-aubin-des-bois\/\">L&rsquo;\u00e9glise de Saint-Aubin des Bois<\/a><\/li><li><a href=\"https:\/\/saintaubindesbois.fr\/index.php\/2019\/12\/01\/la-1ere-guerre-mondiale-a-saint-aubin-des-bois-1914-1918\/\">La 1\u00e8re guerre mondiale \u00e0 Saint-Aubin des Bois (1914 &#8211; 1918) :<\/a><\/li><li><a href=\"https:\/\/saintaubindesbois.fr\/index.php\/2019\/11\/01\/la-2nde-guerre-mondiale-a-saint-aubin-des-bois-1939-1945\/\">La 2nde guerre mondiale \u00e0 Saint-Aubin des Bois (1939 &#8211; 1945)<\/a><\/li><li><a href=\"https:\/\/saintaubindesbois.fr\/index.php\/2020\/01\/04\/7264\/\">La chapelle Saint Ambroise<\/a><\/li><li><a href=\"https:\/\/saintaubindesbois.fr\/index.php\/2020\/12\/29\/la-guerre-de-1870\/\">La guerre de 1870<\/a><\/li><li><a href=\"https:\/\/saintaubindesbois.fr\/index.php\/2020\/12\/29\/le-clocher\/\">Le clocher<\/a><\/li><li><a href=\"https:\/\/saintaubindesbois.fr\/index.php\/2020\/02\/15\/le-la-secretaire-de-mairie-instituteur-institutrice-directeur-directrice-decole\/\">Le\/la Secr\u00e9taire de Mairie \/ Instituteur-Institutrice\/Directeur-Directrice d&rsquo;\u00e9cole<\/a><\/li><li><a href=\"https:\/\/saintaubindesbois.fr\/index.php\/2021\/02\/04\/les-divisions-du-territoire\/\">Les divisions du territoire<\/a><\/li><li><a href=\"https:\/\/saintaubindesbois.fr\/index.php\/2020\/01\/14\/les-gardes-champetres-de-saint-aubin-des-bois-depuis-1836\/\">Les gardes champ\u00eatres de Saint-Aubin des Bois<\/a><\/li><li><a href=\"https:\/\/saintaubindesbois.fr\/index.php\/2021\/01\/13\/les-maires-de-la-commune\/\">Les maires de la commune<\/a><\/li><li><a href=\"https:\/\/saintaubindesbois.fr\/index.php\/2020\/01\/05\/les-mares-communales\/\">Les mares communales<\/a><\/li><li><a href=\"https:\/\/saintaubindesbois.fr\/index.php\/2021\/02\/04\/les-rues-de-la-commune\/\">Les rues de la commune<\/a><\/li><li><a href=\"https:\/\/saintaubindesbois.fr\/index.php\/2020\/01\/07\/la-fermeture-de-leur-caserne\/\">Les Sapeurs Pompiers<\/a><\/li><li><a href=\"https:\/\/saintaubindesbois.fr\/index.php\/2020\/01\/03\/leglise-de-saint-aubin-et-son-vitrail\/\">Les vitraux de l&rsquo;\u00e9glise<\/a><\/li><li><a href=\"https:\/\/saintaubindesbois.fr\/index.php\/2021\/03\/10\/nos-batiments-scolaires-anciens-et-actuels\/\">Nos b\u00e2timents scolaires anciens et actuels<\/a><\/li><li><a href=\"https:\/\/saintaubindesbois.fr\/index.php\/2021\/02\/03\/nos-cartes-postales-et-photos-diverses\/\">Nos cartes postales et photos diverses<\/a><\/li><li><a href=\"https:\/\/saintaubindesbois.fr\/index.php\/2021\/02\/20\/nos-soldats-oublies\/\">Nos soldats oubli\u00e9s<\/a><\/li><li><a href=\"https:\/\/saintaubindesbois.fr\/index.php\/2020\/01\/01\/notre-monument-aux-morts\/\">Notre monument aux morts<\/a><\/li><li><a href=\"https:\/\/saintaubindesbois.fr\/index.php\/2020\/01\/02\/pretres-vicaires-ayant-officie-a-leglise-de-saint-aubin-des-bois\/\">Pr\u00eatres, vicaires, ayant offici\u00e9 \u00e0 l\u2019\u00e9glise de Saint Aubin des Bois<\/a><\/li><\/ul>\n\n\n\n<p><\/p>\n\n\n\n<p><\/p>\n","protected":false},"excerpt":{"rendered":"","protected":false},"author":1,"featured_media":0,"parent":0,"menu_order":0,"comment_status":"closed","ping_status":"closed","template":"","meta":{"footnotes":""},"class_list":["post-17018","page","type-page","status-publish","hentry"],"yoast_head":"<!-- This site is optimized with the Yoast SEO plugin v26.6 - https:\/\/yoast.com\/wordpress\/plugins\/seo\/ -->\n<title>L&#039;histoire locale : &#8211; Saint Aubin des Bois<\/title>\n<meta name=\"robots\" content=\"index, follow, max-snippet:-1, max-image-preview:large, max-video-preview:-1\" \/>\n<link rel=\"canonical\" href=\"https:\/\/saintaubindesbois.fr\/index.php\/lhistoire-locale\/\" \/>\n<meta property=\"og:locale\" content=\"fr_FR\" \/>\n<meta property=\"og:type\" content=\"article\" \/>\n<meta property=\"og:title\" content=\"L&#039;histoire locale : &#8211; Saint Aubin des Bois\" \/>\n<meta property=\"og:url\" content=\"https:\/\/saintaubindesbois.fr\/index.php\/lhistoire-locale\/\" \/>\n<meta property=\"og:site_name\" content=\"Saint Aubin des Bois\" \/>\n<meta property=\"article:modified_time\" content=\"2024-09-13T15:18:34+00:00\" \/>\n<meta name=\"twitter:card\" content=\"summary_large_image\" \/>\n<meta name=\"twitter:label1\" content=\"Dur\u00e9e de lecture estim\u00e9e\" \/>\n\t<meta name=\"twitter:data1\" content=\"1 minute\" \/>\n<script type=\"application\/ld+json\" class=\"yoast-schema-graph\">{\"@context\":\"https:\/\/schema.org\",\"@graph\":[{\"@type\":\"WebPage\",\"@id\":\"https:\/\/saintaubindesbois.fr\/index.php\/lhistoire-locale\/\",\"url\":\"https:\/\/saintaubindesbois.fr\/index.php\/lhistoire-locale\/\",\"name\":\"L'histoire locale : &#8211; Saint Aubin des Bois\",\"isPartOf\":{\"@id\":\"https:\/\/saintaubindesbois.fr\/#website\"},\"datePublished\":\"2020-11-05T16:10:00+00:00\",\"dateModified\":\"2024-09-13T15:18:34+00:00\",\"breadcrumb\":{\"@id\":\"https:\/\/saintaubindesbois.fr\/index.php\/lhistoire-locale\/#breadcrumb\"},\"inLanguage\":\"fr-FR\",\"potentialAction\":[{\"@type\":\"ReadAction\",\"target\":[\"https:\/\/saintaubindesbois.fr\/index.php\/lhistoire-locale\/\"]}]},{\"@type\":\"BreadcrumbList\",\"@id\":\"https:\/\/saintaubindesbois.fr\/index.php\/lhistoire-locale\/#breadcrumb\",\"itemListElement\":[{\"@type\":\"ListItem\",\"position\":1,\"name\":\"Accueil\",\"item\":\"https:\/\/saintaubindesbois.fr\/\"},{\"@type\":\"ListItem\",\"position\":2,\"name\":\"L&rsquo;histoire locale :\"}]},{\"@type\":\"WebSite\",\"@id\":\"https:\/\/saintaubindesbois.fr\/#website\",\"url\":\"https:\/\/saintaubindesbois.fr\/\",\"name\":\"Saint Aubin des Bois\",\"description\":\"28300\",\"publisher\":{\"@id\":\"https:\/\/saintaubindesbois.fr\/#organization\"},\"potentialAction\":[{\"@type\":\"SearchAction\",\"target\":{\"@type\":\"EntryPoint\",\"urlTemplate\":\"https:\/\/saintaubindesbois.fr\/?s={search_term_string}\"},\"query-input\":{\"@type\":\"PropertyValueSpecification\",\"valueRequired\":true,\"valueName\":\"search_term_string\"}}],\"inLanguage\":\"fr-FR\"},{\"@type\":\"Organization\",\"@id\":\"https:\/\/saintaubindesbois.fr\/#organization\",\"name\":\"Saint Aubin des Bois\",\"url\":\"https:\/\/saintaubindesbois.fr\/\",\"logo\":{\"@type\":\"ImageObject\",\"inLanguage\":\"fr-FR\",\"@id\":\"https:\/\/saintaubindesbois.fr\/#\/schema\/logo\/image\/\",\"url\":\"https:\/\/saintaubindesbois.fr\/wp-content\/uploads\/2020\/05\/LogoMairie.jpg\",\"contentUrl\":\"https:\/\/saintaubindesbois.fr\/wp-content\/uploads\/2020\/05\/LogoMairie.jpg\",\"width\":128,\"height\":90,\"caption\":\"Saint Aubin des Bois\"},\"image\":{\"@id\":\"https:\/\/saintaubindesbois.fr\/#\/schema\/logo\/image\/\"}}]}<\/script>\n<!-- \/ Yoast SEO plugin. -->","yoast_head_json":{"title":"L'histoire locale : &#8211; Saint Aubin des Bois","robots":{"index":"index","follow":"follow","max-snippet":"max-snippet:-1","max-image-preview":"max-image-preview:large","max-video-preview":"max-video-preview:-1"},"canonical":"https:\/\/saintaubindesbois.fr\/index.php\/lhistoire-locale\/","og_locale":"fr_FR","og_type":"article","og_title":"L'histoire locale : &#8211; Saint Aubin des Bois","og_url":"https:\/\/saintaubindesbois.fr\/index.php\/lhistoire-locale\/","og_site_name":"Saint Aubin des Bois","article_modified_time":"2024-09-13T15:18:34+00:00","twitter_card":"summary_large_image","twitter_misc":{"Dur\u00e9e de lecture estim\u00e9e":"1 minute"},"schema":{"@context":"https:\/\/schema.org","@graph":[{"@type":"WebPage","@id":"https:\/\/saintaubindesbois.fr\/index.php\/lhistoire-locale\/","url":"https:\/\/saintaubindesbois.fr\/index.php\/lhistoire-locale\/","name":"L'histoire locale : &#8211; Saint Aubin des Bois","isPartOf":{"@id":"https:\/\/saintaubindesbois.fr\/#website"},"datePublished":"2020-11-05T16:10:00+00:00","dateModified":"2024-09-13T15:18:34+00:00","breadcrumb":{"@id":"https:\/\/saintaubindesbois.fr\/index.php\/lhistoire-locale\/#breadcrumb"},"inLanguage":"fr-FR","potentialAction":[{"@type":"ReadAction","target":["https:\/\/saintaubindesbois.fr\/index.php\/lhistoire-locale\/"]}]},{"@type":"BreadcrumbList","@id":"https:\/\/saintaubindesbois.fr\/index.php\/lhistoire-locale\/#breadcrumb","itemListElement":[{"@type":"ListItem","position":1,"name":"Accueil","item":"https:\/\/saintaubindesbois.fr\/"},{"@type":"ListItem","position":2,"name":"L&rsquo;histoire locale :"}]},{"@type":"WebSite","@id":"https:\/\/saintaubindesbois.fr\/#website","url":"https:\/\/saintaubindesbois.fr\/","name":"Saint Aubin des Bois","description":"28300","publisher":{"@id":"https:\/\/saintaubindesbois.fr\/#organization"},"potentialAction":[{"@type":"SearchAction","target":{"@type":"EntryPoint","urlTemplate":"https:\/\/saintaubindesbois.fr\/?s={search_term_string}"},"query-input":{"@type":"PropertyValueSpecification","valueRequired":true,"valueName":"search_term_string"}}],"inLanguage":"fr-FR"},{"@type":"Organization","@id":"https:\/\/saintaubindesbois.fr\/#organization","name":"Saint Aubin des Bois","url":"https:\/\/saintaubindesbois.fr\/","logo":{"@type":"ImageObject","inLanguage":"fr-FR","@id":"https:\/\/saintaubindesbois.fr\/#\/schema\/logo\/image\/","url":"https:\/\/saintaubindesbois.fr\/wp-content\/uploads\/2020\/05\/LogoMairie.jpg","contentUrl":"https:\/\/saintaubindesbois.fr\/wp-content\/uploads\/2020\/05\/LogoMairie.jpg","width":128,"height":90,"caption":"Saint Aubin des Bois"},"image":{"@id":"https:\/\/saintaubindesbois.fr\/#\/schema\/logo\/image\/"}}]}},"_links":{"self":[{"href":"https:\/\/saintaubindesbois.fr\/index.php\/wp-json\/wp\/v2\/pages\/17018","targetHints":{"allow":["GET"]}}],"collection":[{"href":"https:\/\/saintaubindesbois.fr\/index.php\/wp-json\/wp\/v2\/pages"}],"about":[{"href":"https:\/\/saintaubindesbois.fr\/index.php\/wp-json\/wp\/v2\/types\/page"}],"author":[{"embeddable":true,"href":"https:\/\/saintaubindesbois.fr\/index.php\/wp-json\/wp\/v2\/users\/1"}],"replies":[{"embeddable":true,"href":"https:\/\/saintaubindesbois.fr\/index.php\/wp-json\/wp\/v2\/comments?post=17018"}],"version-history":[{"count":28,"href":"https:\/\/saintaubindesbois.fr\/index.php\/wp-json\/wp\/v2\/pages\/17018\/revisions"}],"predecessor-version":[{"id":85634,"href":"https:\/\/saintaubindesbois.fr\/index.php\/wp-json\/wp\/v2\/pages\/17018\/revisions\/85634"}],"wp:attachment":[{"href":"https:\/\/saintaubindesbois.fr\/index.php\/wp-json\/wp\/v2\/media?parent=17018"}],"curies":[{"name":"wp","href":"https:\/\/api.w.org\/{rel}","templated":true}]}}