{"id":1433,"date":"2020-06-08T17:14:50","date_gmt":"2020-06-08T15:14:50","guid":{"rendered":"http:\/\/saintaubindesbois.fr\/?page_id=1433"},"modified":"2024-02-13T17:19:49","modified_gmt":"2024-02-13T16:19:49","slug":"historique-informatif","status":"publish","type":"page","link":"https:\/\/saintaubindesbois.fr\/index.php\/historique-informatif\/","title":{"rendered":"Historique informatif de la commune"},"content":{"rendered":"\n<p><strong>1-Le recensement de 2024<\/strong> : s&rsquo;est d\u00e9roul\u00e9 du 18 janvier au 17 f\u00e9vrier sur l&rsquo;ensemble de la commune. <\/p>\n\n\n\n<h6 class=\"wp-block-heading\">&#8211; 2. Le recensement de 2018 :<\/h6>\n\n\n\n<figure class=\"wp-block-image size-large is-resized\"><a href=\"http:\/\/saintaubindesbois.fr\/wp-content\/uploads\/2020\/06\/imagerecensement2017.jpg\" target=\"_blank\" rel=\"noopener noreferrer\"><img loading=\"lazy\" decoding=\"async\" width=\"410\" height=\"123\" src=\"http:\/\/saintaubindesbois.fr\/wp-content\/uploads\/2020\/06\/imagerecensement2017.jpg\" alt=\"\" class=\"wp-image-1572\" style=\"width:222px;height:66px\" srcset=\"https:\/\/saintaubindesbois.fr\/wp-content\/uploads\/2020\/06\/imagerecensement2017.jpg 410w, https:\/\/saintaubindesbois.fr\/wp-content\/uploads\/2020\/06\/imagerecensement2017-300x90.jpg 300w\" sizes=\"auto, (max-width: 410px) 100vw, 410px\" \/><\/a><\/figure>\n\n\n\n<p>Au d\u00e9but de l\u2019ann\u00e9e 2018, du 18 janvier au 17 f\u00e9vrier, la commune a proc\u00e9d\u00e9 \u00e0 son recensement. Merci aux personnes d\u2019avoir accueilli nos deux agents recenseurs, Mme Rosine COUTEAU pour le bourg et Mme Jannick RIVOAL pour les hameaux, avec courtoisie.<\/p>\n\n\n\n<p>Cette ann\u00e9e l\u00e0 (2018), <strong>pour la premi\u00e8re fois<\/strong>, toute latitude \u00e9tait laiss\u00e9e aux personnes de se faire recenser <strong>par l\u2019interm\u00e9diaire d\u2019internet <\/strong>(questionnaire guid\u00e9 et plus facile \u00e0 compl\u00e9ter, accus\u00e9 de r\u00e9ception par mail, confidentialit\u00e9 respect\u00e9e, personne n\u2019ayant acc\u00e8s au questionnaire en ligne hormis l\u2019INSEE). <strong>Les r\u00e9sultats ont \u00e9t\u00e9 plus que satisfaisants avec 77,3% de r\u00e9ponses par internet sur les 435 points de collecte<\/strong>.<\/p>\n\n\n\n<p><strong>La commune avait \u00e9t\u00e9 divis\u00e9e en deux districts <\/strong>: le district n\u00b01 comprenait les 197 adresses d&rsquo;habitations de Saint Aubin des Bois et Bellevue, le district n\u00b02 comprenait les 238 adresses d&rsquo; habitations de Chazay, Le Petit Ch\u00eane, Grognault et La Moricerie. <strong>Soit un total de 435 adresses d&rsquo;habitations.<\/strong><\/p>\n\n\n\n<p><strong>District n\u00b0 1<\/strong> : r\u00e9sidences principales 183, r\u00e9sidences secondaires 3, logements vacants 6 soit un total de logements collect\u00e9s de 192 repr\u00e9sentant 441 bulletins individuels. Fiches de logement non enqu\u00eat\u00e9 5, nombre suppos\u00e9 de personnes r\u00e9sidant dans ces logements non enqu\u00eat\u00e9s 14, <strong>TOTAL 197 logements d&rsquo;habitation et 441 bulletins individuels. En ce qui concerne la collecte internet : 130 r\u00e9sidences principales pour 337 bulletins individuels soit un taux de collecte par internet de 69,1%.<\/strong><\/p>\n\n\n\n<p><strong>District n\u00b0 2 <\/strong>: adresses d&rsquo;habitation 235, r\u00e9sidences principales 213, logements occasionnels 1, r\u00e9sidences secondaires 5, logements vacants 11 soit un total de logements collect\u00e9s 230 repr\u00e9sentant 569 bulletins individuels. Fiches de logement non enqu\u00eat\u00e9 8, nombre suppos\u00e9 de personnes r\u00e9sidant dans ces logements non enqu\u00eat\u00e9s 14, <strong>TOTAL 238 logements d&rsquo;habitation et 569 bulletins individuels. En ce qui concerne la collecte internet : 186 r\u00e9sidences principales pour  523 bulletins individuels soit un taux de collecte par internet de 84,2%.<\/strong><\/p>\n\n\n\n<p><strong>Statistiques relev\u00e9es sur le site de l&rsquo;INSEE :<\/strong><\/p>\n\n\n\n<figure class=\"wp-block-image size-large\"><img loading=\"lazy\" decoding=\"async\" width=\"1024\" height=\"440\" src=\"https:\/\/saintaubindesbois.fr\/wp-content\/uploads\/2022\/03\/rec3195-1024x440.jpg\" alt=\"\" class=\"wp-image-83703\" srcset=\"https:\/\/saintaubindesbois.fr\/wp-content\/uploads\/2022\/03\/rec3195-1024x440.jpg 1024w, https:\/\/saintaubindesbois.fr\/wp-content\/uploads\/2022\/03\/rec3195-300x129.jpg 300w, https:\/\/saintaubindesbois.fr\/wp-content\/uploads\/2022\/03\/rec3195-768x330.jpg 768w, https:\/\/saintaubindesbois.fr\/wp-content\/uploads\/2022\/03\/rec3195.jpg 1251w\" sizes=\"auto, (max-width: 706px) 89vw, (max-width: 767px) 82vw, 740px\" \/><\/figure>\n\n\n\n<figure class=\"wp-block-image size-large\"><img loading=\"lazy\" decoding=\"async\" width=\"1024\" height=\"391\" src=\"https:\/\/saintaubindesbois.fr\/wp-content\/uploads\/2022\/03\/rec1193-1024x391.jpg\" alt=\"\" class=\"wp-image-83696\" srcset=\"https:\/\/saintaubindesbois.fr\/wp-content\/uploads\/2022\/03\/rec1193-1024x391.jpg 1024w, https:\/\/saintaubindesbois.fr\/wp-content\/uploads\/2022\/03\/rec1193-300x115.jpg 300w, https:\/\/saintaubindesbois.fr\/wp-content\/uploads\/2022\/03\/rec1193-768x294.jpg 768w, https:\/\/saintaubindesbois.fr\/wp-content\/uploads\/2022\/03\/rec1193.jpg 1303w\" sizes=\"auto, (max-width: 706px) 89vw, (max-width: 767px) 82vw, 740px\" \/><\/figure>\n\n\n\n<figure class=\"wp-block-image size-large\"><img loading=\"lazy\" decoding=\"async\" width=\"1024\" height=\"714\" src=\"https:\/\/saintaubindesbois.fr\/wp-content\/uploads\/2022\/03\/rec2194-1024x714.jpg\" alt=\"\" class=\"wp-image-83699\" srcset=\"https:\/\/saintaubindesbois.fr\/wp-content\/uploads\/2022\/03\/rec2194-1024x714.jpg 1024w, https:\/\/saintaubindesbois.fr\/wp-content\/uploads\/2022\/03\/rec2194-300x209.jpg 300w, https:\/\/saintaubindesbois.fr\/wp-content\/uploads\/2022\/03\/rec2194-768x536.jpg 768w, https:\/\/saintaubindesbois.fr\/wp-content\/uploads\/2022\/03\/rec2194.jpg 1144w\" sizes=\"auto, (max-width: 706px) 89vw, (max-width: 767px) 82vw, 740px\" \/><\/figure>\n\n\n\n<figure class=\"wp-block-image size-large\"><img loading=\"lazy\" decoding=\"async\" width=\"1024\" height=\"581\" src=\"https:\/\/saintaubindesbois.fr\/wp-content\/uploads\/2022\/03\/rec4196-1024x581.jpg\" alt=\"\" class=\"wp-image-83705\" srcset=\"https:\/\/saintaubindesbois.fr\/wp-content\/uploads\/2022\/03\/rec4196-1024x581.jpg 1024w, https:\/\/saintaubindesbois.fr\/wp-content\/uploads\/2022\/03\/rec4196-300x170.jpg 300w, https:\/\/saintaubindesbois.fr\/wp-content\/uploads\/2022\/03\/rec4196-768x436.jpg 768w, https:\/\/saintaubindesbois.fr\/wp-content\/uploads\/2022\/03\/rec4196.jpg 1279w\" sizes=\"auto, (max-width: 706px) 89vw, (max-width: 767px) 82vw, 740px\" \/><\/figure>\n\n\n\n<p class=\"has-medium-font-size\"><strong>Le prochain recensement aura lieu d\u00e9but 2024<\/strong><\/p>\n\n\n\n<p><\/p>\n\n\n\n<hr class=\"wp-block-separator has-css-opacity is-style-default\"\/>\n\n\n\n<h6 class=\"wp-block-heading\">&#8211; 2. Les employ\u00e9s communaux :<\/h6>\n\n\n\n<figure class=\"wp-block-image size-large is-resized\"><a href=\"http:\/\/saintaubindesbois.fr\/wp-content\/uploads\/2020\/06\/employescommunaux.jpg\" target=\"_blank\" rel=\"noopener noreferrer\"><img loading=\"lazy\" decoding=\"async\" width=\"300\" height=\"286\" src=\"http:\/\/saintaubindesbois.fr\/wp-content\/uploads\/2020\/06\/employescommunaux.jpg\" alt=\"\" class=\"wp-image-1568\" style=\"width:161px;height:153px\"\/><\/a><\/figure>\n\n\n\n<p>D\u00e9but ao\u00fbt 2017, Thibaut FOUANON a quitt\u00e9 son emploi \u00e0 la commune ; il avait assur\u00e9 les t\u00e2ches d\u2019employ\u00e9 communal avec Patrice COURROUX au service entretien. Parmi les gros travaux, il avait particip\u00e9 \u00e0 la r\u00e9fection int\u00e9rieure compl\u00e8te de la biblioth\u00e8que, \u00e0 l\u2019abattage des quelques tilleuls avant cr\u00e9ation de la place devant la mairie, aux diff\u00e9rents travaux de raccords souterrains entre mairie et salle communale.<\/p>\n\n\n\n<p>Le maire lui a souhait\u00e9 une bonne adaptation dans son nouvel emploi. Olivier MAUPERTUIS l\u2019a remplac\u00e9.<\/p>\n\n\n\n<hr class=\"wp-block-separator has-css-opacity is-style-default\"\/>\n\n\n\n<h6 class=\"wp-block-heading\">&#8211; 3. La machine \u00e0 pain :<\/h6>\n\n\n\n<figure class=\"wp-block-image size-large is-resized\"><a href=\"http:\/\/saintaubindesbois.fr\/wp-content\/uploads\/2020\/06\/pictogrammepain.png\" target=\"_blank\" rel=\"noopener noreferrer\"><img loading=\"lazy\" decoding=\"async\" width=\"225\" height=\"225\" src=\"http:\/\/saintaubindesbois.fr\/wp-content\/uploads\/2020\/06\/pictogrammepain.png\" alt=\"\" class=\"wp-image-1577\" style=\"width:103px;height:103px\" srcset=\"https:\/\/saintaubindesbois.fr\/wp-content\/uploads\/2020\/06\/pictogrammepain.png 225w, https:\/\/saintaubindesbois.fr\/wp-content\/uploads\/2020\/06\/pictogrammepain-150x150.png 150w, https:\/\/saintaubindesbois.fr\/wp-content\/uploads\/2020\/06\/pictogrammepain-100x100.png 100w\" sizes=\"auto, (max-width: 225px) 100vw, 225px\" \/><\/a><\/figure>\n\n\n\n<p>Une \u00ab machine \u00e0 pain \u00bb a \u00e9t\u00e9 install\u00e9e sur la place de Saint-Aubin des Bois et elle est entr\u00e9e en service le 21 septembre 2018 ; gageons qu\u2019elle va apporter un service certain aux habitants et aux personnes de passage sur la D24.<\/p>\n\n\n\n<hr class=\"wp-block-separator has-css-opacity is-style-default\"\/>\n\n\n\n<h6 class=\"wp-block-heading\">&#8211; 4. Les ruches :<\/h6>\n\n\n\n<figure class=\"wp-block-image size-large is-resized\"><a href=\"http:\/\/saintaubindesbois.fr\/wp-content\/uploads\/2020\/06\/pictogrammeruche.png\" target=\"_blank\" rel=\"noopener noreferrer\"><img loading=\"lazy\" decoding=\"async\" width=\"225\" height=\"225\" src=\"http:\/\/saintaubindesbois.fr\/wp-content\/uploads\/2020\/06\/pictogrammeruche.png\" alt=\"\" class=\"wp-image-1581\" style=\"width:120px;height:120px\" srcset=\"https:\/\/saintaubindesbois.fr\/wp-content\/uploads\/2020\/06\/pictogrammeruche.png 225w, https:\/\/saintaubindesbois.fr\/wp-content\/uploads\/2020\/06\/pictogrammeruche-150x150.png 150w, https:\/\/saintaubindesbois.fr\/wp-content\/uploads\/2020\/06\/pictogrammeruche-100x100.png 100w\" sizes=\"auto, (max-width: 225px) 100vw, 225px\" \/><\/a><\/figure>\n\n\n\n<p>Si vous disposez d\u2019une ou plusieurs ruches, il est obligatoire de la\/les d\u00e9clarer chaque ann\u00e9e ainsi que son\/leurs emplacement(s). Vous pouvez faire votre d\u00e9claration en ligne sur <a rel=\"noreferrer noopener\" href=\"http:\/\/www.mesdemarches.agriculture.gouv.fr\/\" target=\"_blank\">www.mesdemarches.agriculture.gouv.fr<\/a>. La d\u00e9claration doit se faire au moins une fois entre le 1er septembre et le 31 d\u00e9cembre de l\u2019ann\u00e9e.<\/p>\n\n\n\n<hr class=\"wp-block-separator has-css-opacity is-style-default\"\/>\n\n\n\n<h6 class=\"wp-block-heading\">&#8211; 5. Les chenilles processionnaires : mode d&#8217;emploi <\/h6>\n\n\n\n<p>De novembre \u00e0 f\u00e9vrier, collecter les nids d\u2019hiver en sectionnant les rameaux porteurs \u00e0 l\u2019aide d\u2019un \u00e9chenilloir. A cette \u00e9poque les chenilles sont urticantes, il convient de bien se prot\u00e9ger ; une fois les nids r\u00e9cup\u00e9r\u00e9s ils doivent \u00eatre incin\u00e9r\u00e9s imm\u00e9diatement.<\/p>\n\n\n\n<p>De d\u00e9cembre \u00e0 mai, installer un \u00e9co-pi\u00e8ge sur le tronc des arbres pour recueillir les processions de chenilles. Ne pas s\u2019approcher lorsque les chenilles sont dans la collerette. Elles peuvent y tourner un moment mais elles finiront par descendre dans le sac. Lors du retrait du pi\u00e8ge, humidifier celui-ci pour \u00e9viter la dispersion des poils laiss\u00e9s l\u00e0 par les chenilles et bien se prot\u00e9ger lors de la manipulation du pi\u00e8ge et de l\u2019incin\u00e9ration des cocons.<\/p>\n\n\n\n<p>La lutte biologique consiste \u00e0 installer des pi\u00e8ges \u00e0 ph\u00e9romones en direction des adultes en vol de fin mai \u00e0 fin ao\u00fbt. Les m\u00e9sanges sont aussi tr\u00e8s utiles.<\/p>\n\n\n\n<p>Il est aussi possible de r\u00e9guler les populations de chenilles \u00e0 l\u2019aide d\u2019une bact\u00e9rie : le Bacillus Thuringiensis (Bt) en septembre octobre ; c\u2019est sans risque pour l\u2019environnement et pour la sant\u00e9 humaine.<\/p>\n\n\n\n<hr class=\"wp-block-separator has-css-opacity is-style-default\"\/>\n","protected":false},"excerpt":{"rendered":"<p>1-Le recensement de 2024 : s&rsquo;est d\u00e9roul\u00e9 du 18 janvier au 17 f\u00e9vrier sur l&rsquo;ensemble de la commune. &#8211; 2. Le recensement de 2018 : Au d\u00e9but de l\u2019ann\u00e9e 2018, &hellip; <\/p>\n<p class=\"link-more\"><a href=\"https:\/\/saintaubindesbois.fr\/index.php\/historique-informatif\/\" class=\"more-link\">Continuer la lecture<span class=\"screen-reader-text\"> de &laquo;&nbsp;Historique informatif de la commune&nbsp;&raquo;<\/span><\/a><\/p>\n","protected":false},"author":1,"featured_media":0,"parent":0,"menu_order":0,"comment_status":"closed","ping_status":"closed","template":"","meta":{"footnotes":""},"class_list":["post-1433","page","type-page","status-publish","hentry"],"yoast_head":"<!-- This site is optimized with the Yoast SEO plugin v26.6 - https:\/\/yoast.com\/wordpress\/plugins\/seo\/ -->\n<title>Historique informatif de la commune &#8211; Saint Aubin des Bois<\/title>\n<meta name=\"robots\" content=\"index, follow, max-snippet:-1, max-image-preview:large, max-video-preview:-1\" \/>\n<link rel=\"canonical\" href=\"https:\/\/saintaubindesbois.fr\/index.php\/historique-informatif\/\" \/>\n<meta property=\"og:locale\" content=\"fr_FR\" \/>\n<meta property=\"og:type\" content=\"article\" \/>\n<meta property=\"og:title\" content=\"Historique informatif de la commune &#8211; Saint Aubin des Bois\" \/>\n<meta property=\"og:description\" content=\"1-Le recensement de 2024 : s&rsquo;est d\u00e9roul\u00e9 du 18 janvier au 17 f\u00e9vrier sur l&rsquo;ensemble de la commune. &#8211; 2. Le recensement de 2018 : Au d\u00e9but de l\u2019ann\u00e9e 2018, &hellip; Continuer la lecture de &laquo;&nbsp;Historique informatif de la commune&nbsp;&raquo;\" \/>\n<meta property=\"og:url\" content=\"https:\/\/saintaubindesbois.fr\/index.php\/historique-informatif\/\" \/>\n<meta property=\"og:site_name\" content=\"Saint Aubin des Bois\" \/>\n<meta property=\"article:modified_time\" content=\"2024-02-13T16:19:49+00:00\" \/>\n<meta property=\"og:image\" content=\"http:\/\/saintaubindesbois.fr\/wp-content\/uploads\/2020\/06\/imagerecensement2017.jpg\" \/>\n<meta name=\"twitter:card\" content=\"summary_large_image\" \/>\n<meta name=\"twitter:label1\" content=\"Dur\u00e9e de lecture estim\u00e9e\" \/>\n\t<meta name=\"twitter:data1\" content=\"6 minutes\" \/>\n<script type=\"application\/ld+json\" class=\"yoast-schema-graph\">{\"@context\":\"https:\/\/schema.org\",\"@graph\":[{\"@type\":\"WebPage\",\"@id\":\"https:\/\/saintaubindesbois.fr\/index.php\/historique-informatif\/\",\"url\":\"https:\/\/saintaubindesbois.fr\/index.php\/historique-informatif\/\",\"name\":\"Historique informatif de la commune &#8211; Saint Aubin des Bois\",\"isPartOf\":{\"@id\":\"https:\/\/saintaubindesbois.fr\/#website\"},\"primaryImageOfPage\":{\"@id\":\"https:\/\/saintaubindesbois.fr\/index.php\/historique-informatif\/#primaryimage\"},\"image\":{\"@id\":\"https:\/\/saintaubindesbois.fr\/index.php\/historique-informatif\/#primaryimage\"},\"thumbnailUrl\":\"http:\/\/saintaubindesbois.fr\/wp-content\/uploads\/2020\/06\/imagerecensement2017.jpg\",\"datePublished\":\"2020-06-08T15:14:50+00:00\",\"dateModified\":\"2024-02-13T16:19:49+00:00\",\"breadcrumb\":{\"@id\":\"https:\/\/saintaubindesbois.fr\/index.php\/historique-informatif\/#breadcrumb\"},\"inLanguage\":\"fr-FR\",\"potentialAction\":[{\"@type\":\"ReadAction\",\"target\":[\"https:\/\/saintaubindesbois.fr\/index.php\/historique-informatif\/\"]}]},{\"@type\":\"ImageObject\",\"inLanguage\":\"fr-FR\",\"@id\":\"https:\/\/saintaubindesbois.fr\/index.php\/historique-informatif\/#primaryimage\",\"url\":\"https:\/\/saintaubindesbois.fr\/wp-content\/uploads\/2020\/06\/imagerecensement2017.jpg\",\"contentUrl\":\"https:\/\/saintaubindesbois.fr\/wp-content\/uploads\/2020\/06\/imagerecensement2017.jpg\",\"width\":410,\"height\":123},{\"@type\":\"BreadcrumbList\",\"@id\":\"https:\/\/saintaubindesbois.fr\/index.php\/historique-informatif\/#breadcrumb\",\"itemListElement\":[{\"@type\":\"ListItem\",\"position\":1,\"name\":\"Accueil\",\"item\":\"https:\/\/saintaubindesbois.fr\/\"},{\"@type\":\"ListItem\",\"position\":2,\"name\":\"Historique informatif de la commune\"}]},{\"@type\":\"WebSite\",\"@id\":\"https:\/\/saintaubindesbois.fr\/#website\",\"url\":\"https:\/\/saintaubindesbois.fr\/\",\"name\":\"Saint Aubin des Bois\",\"description\":\"28300\",\"publisher\":{\"@id\":\"https:\/\/saintaubindesbois.fr\/#organization\"},\"potentialAction\":[{\"@type\":\"SearchAction\",\"target\":{\"@type\":\"EntryPoint\",\"urlTemplate\":\"https:\/\/saintaubindesbois.fr\/?s={search_term_string}\"},\"query-input\":{\"@type\":\"PropertyValueSpecification\",\"valueRequired\":true,\"valueName\":\"search_term_string\"}}],\"inLanguage\":\"fr-FR\"},{\"@type\":\"Organization\",\"@id\":\"https:\/\/saintaubindesbois.fr\/#organization\",\"name\":\"Saint Aubin des Bois\",\"url\":\"https:\/\/saintaubindesbois.fr\/\",\"logo\":{\"@type\":\"ImageObject\",\"inLanguage\":\"fr-FR\",\"@id\":\"https:\/\/saintaubindesbois.fr\/#\/schema\/logo\/image\/\",\"url\":\"https:\/\/saintaubindesbois.fr\/wp-content\/uploads\/2020\/05\/LogoMairie.jpg\",\"contentUrl\":\"https:\/\/saintaubindesbois.fr\/wp-content\/uploads\/2020\/05\/LogoMairie.jpg\",\"width\":128,\"height\":90,\"caption\":\"Saint Aubin des Bois\"},\"image\":{\"@id\":\"https:\/\/saintaubindesbois.fr\/#\/schema\/logo\/image\/\"}}]}<\/script>\n<!-- \/ Yoast SEO plugin. -->","yoast_head_json":{"title":"Historique informatif de la commune &#8211; Saint Aubin des Bois","robots":{"index":"index","follow":"follow","max-snippet":"max-snippet:-1","max-image-preview":"max-image-preview:large","max-video-preview":"max-video-preview:-1"},"canonical":"https:\/\/saintaubindesbois.fr\/index.php\/historique-informatif\/","og_locale":"fr_FR","og_type":"article","og_title":"Historique informatif de la commune &#8211; Saint Aubin des Bois","og_description":"1-Le recensement de 2024 : s&rsquo;est d\u00e9roul\u00e9 du 18 janvier au 17 f\u00e9vrier sur l&rsquo;ensemble de la commune. &#8211; 2. Le recensement de 2018 : Au d\u00e9but de l\u2019ann\u00e9e 2018, &hellip; Continuer la lecture de &laquo;&nbsp;Historique informatif de la commune&nbsp;&raquo;","og_url":"https:\/\/saintaubindesbois.fr\/index.php\/historique-informatif\/","og_site_name":"Saint Aubin des Bois","article_modified_time":"2024-02-13T16:19:49+00:00","og_image":[{"url":"http:\/\/saintaubindesbois.fr\/wp-content\/uploads\/2020\/06\/imagerecensement2017.jpg","type":"","width":"","height":""}],"twitter_card":"summary_large_image","twitter_misc":{"Dur\u00e9e de lecture estim\u00e9e":"6 minutes"},"schema":{"@context":"https:\/\/schema.org","@graph":[{"@type":"WebPage","@id":"https:\/\/saintaubindesbois.fr\/index.php\/historique-informatif\/","url":"https:\/\/saintaubindesbois.fr\/index.php\/historique-informatif\/","name":"Historique informatif de la commune &#8211; Saint Aubin des Bois","isPartOf":{"@id":"https:\/\/saintaubindesbois.fr\/#website"},"primaryImageOfPage":{"@id":"https:\/\/saintaubindesbois.fr\/index.php\/historique-informatif\/#primaryimage"},"image":{"@id":"https:\/\/saintaubindesbois.fr\/index.php\/historique-informatif\/#primaryimage"},"thumbnailUrl":"http:\/\/saintaubindesbois.fr\/wp-content\/uploads\/2020\/06\/imagerecensement2017.jpg","datePublished":"2020-06-08T15:14:50+00:00","dateModified":"2024-02-13T16:19:49+00:00","breadcrumb":{"@id":"https:\/\/saintaubindesbois.fr\/index.php\/historique-informatif\/#breadcrumb"},"inLanguage":"fr-FR","potentialAction":[{"@type":"ReadAction","target":["https:\/\/saintaubindesbois.fr\/index.php\/historique-informatif\/"]}]},{"@type":"ImageObject","inLanguage":"fr-FR","@id":"https:\/\/saintaubindesbois.fr\/index.php\/historique-informatif\/#primaryimage","url":"https:\/\/saintaubindesbois.fr\/wp-content\/uploads\/2020\/06\/imagerecensement2017.jpg","contentUrl":"https:\/\/saintaubindesbois.fr\/wp-content\/uploads\/2020\/06\/imagerecensement2017.jpg","width":410,"height":123},{"@type":"BreadcrumbList","@id":"https:\/\/saintaubindesbois.fr\/index.php\/historique-informatif\/#breadcrumb","itemListElement":[{"@type":"ListItem","position":1,"name":"Accueil","item":"https:\/\/saintaubindesbois.fr\/"},{"@type":"ListItem","position":2,"name":"Historique informatif de la commune"}]},{"@type":"WebSite","@id":"https:\/\/saintaubindesbois.fr\/#website","url":"https:\/\/saintaubindesbois.fr\/","name":"Saint Aubin des Bois","description":"28300","publisher":{"@id":"https:\/\/saintaubindesbois.fr\/#organization"},"potentialAction":[{"@type":"SearchAction","target":{"@type":"EntryPoint","urlTemplate":"https:\/\/saintaubindesbois.fr\/?s={search_term_string}"},"query-input":{"@type":"PropertyValueSpecification","valueRequired":true,"valueName":"search_term_string"}}],"inLanguage":"fr-FR"},{"@type":"Organization","@id":"https:\/\/saintaubindesbois.fr\/#organization","name":"Saint Aubin des Bois","url":"https:\/\/saintaubindesbois.fr\/","logo":{"@type":"ImageObject","inLanguage":"fr-FR","@id":"https:\/\/saintaubindesbois.fr\/#\/schema\/logo\/image\/","url":"https:\/\/saintaubindesbois.fr\/wp-content\/uploads\/2020\/05\/LogoMairie.jpg","contentUrl":"https:\/\/saintaubindesbois.fr\/wp-content\/uploads\/2020\/05\/LogoMairie.jpg","width":128,"height":90,"caption":"Saint Aubin des Bois"},"image":{"@id":"https:\/\/saintaubindesbois.fr\/#\/schema\/logo\/image\/"}}]}},"_links":{"self":[{"href":"https:\/\/saintaubindesbois.fr\/index.php\/wp-json\/wp\/v2\/pages\/1433","targetHints":{"allow":["GET"]}}],"collection":[{"href":"https:\/\/saintaubindesbois.fr\/index.php\/wp-json\/wp\/v2\/pages"}],"about":[{"href":"https:\/\/saintaubindesbois.fr\/index.php\/wp-json\/wp\/v2\/types\/page"}],"author":[{"embeddable":true,"href":"https:\/\/saintaubindesbois.fr\/index.php\/wp-json\/wp\/v2\/users\/1"}],"replies":[{"embeddable":true,"href":"https:\/\/saintaubindesbois.fr\/index.php\/wp-json\/wp\/v2\/comments?post=1433"}],"version-history":[{"count":71,"href":"https:\/\/saintaubindesbois.fr\/index.php\/wp-json\/wp\/v2\/pages\/1433\/revisions"}],"predecessor-version":[{"id":85438,"href":"https:\/\/saintaubindesbois.fr\/index.php\/wp-json\/wp\/v2\/pages\/1433\/revisions\/85438"}],"wp:attachment":[{"href":"https:\/\/saintaubindesbois.fr\/index.php\/wp-json\/wp\/v2\/media?parent=1433"}],"curies":[{"name":"wp","href":"https:\/\/api.w.org\/{rel}","templated":true}]}}