{"id":1425,"date":"2020-06-08T17:09:11","date_gmt":"2020-06-08T15:09:11","guid":{"rendered":"http:\/\/saintaubindesbois.fr\/?page_id=1425"},"modified":"2022-04-12T16:36:27","modified_gmt":"2022-04-12T14:36:27","slug":"plu","status":"publish","type":"page","link":"https:\/\/saintaubindesbois.fr\/index.php\/plu\/","title":{"rendered":"Le P.L.U. de la commune"},"content":{"rendered":"\n<figure class=\"wp-block-image size-large is-resized\"><a href=\"http:\/\/saintaubindesbois.fr\/wp-content\/uploads\/2020\/06\/imagePLU.jpg\" target=\"_blank\" rel=\"noopener noreferrer\"><img loading=\"lazy\" decoding=\"async\" src=\"http:\/\/saintaubindesbois.fr\/wp-content\/uploads\/2020\/06\/imagePLU.jpg\" alt=\"\" class=\"wp-image-1472\" width=\"122\" height=\"77\"\/><\/a><\/figure>\n\n\n\n<hr class=\"wp-block-separator is-style-default\"\/>\n\n\n\n<h6 class=\"wp-block-heading\">&#8211; <strong>Informations g\u00e9n\u00e9rales et incidences sur le territoire de la commune<\/strong> :<\/h6>\n\n\n\n<p>Le territoire de la commune de Saint Aubin des Bois est divis\u00e9 en quatre zones&nbsp;:<\/p>\n\n\n\n<p>1-<strong><u>Les zones urbanis\u00e9es<\/u><\/strong>&nbsp;: ce sont des zones dans lesquelles les capacit\u00e9s des \u00e9quipements publics existants ou en cours de r\u00e9alisation permettent d\u2019admettre imm\u00e9diatement des constructions.<\/p>\n\n\n\n<p>Elles comprennent une zone <strong>UH<\/strong> (zone \u00e0 vocation d\u2019habitat et activit\u00e9s compatibles avec l\u2019habitat tout en respectant les c\u00f4nes de vue sur la cath\u00e9drale d\u00e9finis dans le cadre de la directive paysag\u00e8re) et une zone <strong>UE<\/strong> (zone \u00e0 vocation \u00e9conomique, de service, industrielle et artisanale).<\/p>\n\n\n\n<p>Zone UH de 67,38 ha et zone UE de 4,32 ha soit au total 71,70 ha<\/p>\n\n\n\n<p>2-<strong><u>Les zones \u00e0 urbaniser<\/u><\/strong>&nbsp;: les voies publiques et les r\u00e9seaux existants \u00e0 la p\u00e9riph\u00e9rie de la zone n\u2019ont pas la capacit\u00e9 suffisante pour desservir les constructions.<\/p>\n\n\n\n<p>Elles comprennent la zone <strong>AUE<\/strong> (zone d\u2019urbanisation future \u00e0 vocation Economique) et la zone <strong>AUH<\/strong> (zone d\u2019urbanisation future \u00e0 vocation d\u2019Habitat).<\/p>\n\n\n\n<p>Cette zone <strong>AUH<\/strong> est scind\u00e9e en deux secteurs en fonction des priorit\u00e9s, <strong>AUH<\/strong> pour les secteurs pouvant \u00eatre ouverts \u00e0 l\u2019urbanisation prioritairement et <strong>AUHlt<\/strong> (lt pour long terme) pour les secteurs qui seront ouverts \u00e0 l\u2019urbanisation dans un second temps, leur ouverture \u00e9tant soumise \u00e0 une proc\u00e9dure de modification du document d\u2019urbanisme.<\/p>\n\n\n\n<p>Zone AUE de 26,53 ha, zone AUH de 8,14 ha, zone AUHlt de 3,10 ha soit un total de&nbsp;&nbsp;&nbsp;&nbsp;&nbsp;&nbsp; 37,77 ha.<\/p>\n\n\n\n<p>3-<strong><u>La zone agricole<\/u> <\/strong>(<strong>A<\/strong>): zone destin\u00e9e \u00e0 l\u2019agriculture et \u00e0 l\u2019exploitation des richesses naturelles.<\/p>\n\n\n\n<p>Total&nbsp;: 1178,02 ha<\/p>\n\n\n\n<p>4-<strong><u>La zone naturelle<\/u><\/strong> (<strong>N<\/strong>)&nbsp;: territoires \u00e0 prot\u00e9ger de par la qualit\u00e9 des sites, des milieux naturels, des paysages et de leur int\u00e9r\u00eat, notamment au point de vue esth\u00e9tique, historique, \u00e9cologiques ou pour les loisirs.<\/p>\n\n\n\n<p>Total&nbsp;: 512,31 ha<\/p>\n\n\n\n<p>Le PLU comporte aussi&nbsp;:<\/p>\n\n\n\n<p>&nbsp;&nbsp;&nbsp;&nbsp;&nbsp;&nbsp;&nbsp;&nbsp;&nbsp;&nbsp;&nbsp; -les limites de recul li\u00e9es aux installations class\u00e9es<\/p>\n\n\n\n<p>&nbsp;&nbsp;&nbsp;&nbsp;&nbsp;&nbsp;&nbsp;&nbsp;&nbsp;&nbsp;&nbsp; -Le p\u00e9rim\u00e8tre int\u00e9grant des \u00e9l\u00e9ments b\u00e2tis dans le secteur agricole pouvant faire l\u2019objet d\u2019un changement d\u2019affectation.<\/p>\n\n\n\n<p>&nbsp;&nbsp;&nbsp;&nbsp;&nbsp;&nbsp;&nbsp;&nbsp;&nbsp;&nbsp;&nbsp; -les terrains class\u00e9s comme Espaces Bois\u00e9s Class\u00e9s \u00e0 conserver (E B C), \u00e0 prot\u00e9ger ou \u00e0 cr\u00e9er.<\/p>\n\n\n\n<p>&nbsp;&nbsp;&nbsp;&nbsp;&nbsp;&nbsp;&nbsp;&nbsp;&nbsp;&nbsp;&nbsp; -les emplacements r\u00e9serv\u00e9s aux voies et ouvrages publics, aux installations d\u2019int\u00e9r\u00eat g\u00e9n\u00e9ral et aux espaces verts \u00e9num\u00e9r\u00e9s en annexe.<\/p>\n\n\n\n<p>Les r\u00e8gles et servitudes d\u00e9finies par le PLU ne peuvent faire l\u2019objet d\u2019aucune d\u00e9rogation \u00e0 l\u2019exception des adaptations mineures rendues n\u00e9cessaires par la nature du sol, la configuration des parcelles ou le caract\u00e8re des constructions avoisinantes.<\/p>\n\n\n\n<h6 class=\"wp-block-heading\">&#8211; Plans du P.L.U. par zones :<\/h6>\n\n\n\n<p>Plan du PLU pour Saint Aubin des Bois (1), cliquez<a href=\"https:\/\/saintaubindesbois.fr\/wp-content\/uploads\/2020\/10\/BOURG1.pdf\" target=\"_blank\" rel=\"noreferrer noopener\"> ICI<\/a><\/p>\n\n\n\n<p>Plan du PLU pour Saint Aubin des Bois (2), cliquez<a href=\"https:\/\/saintaubindesbois.fr\/wp-content\/uploads\/2020\/10\/BOURG2.pdf\" target=\"_blank\" rel=\"noreferrer noopener\"> ICI<\/a><\/p>\n\n\n\n<p>Plan du PLU pour Chazay (1), cliquez <a href=\"https:\/\/saintaubindesbois.fr\/wp-content\/uploads\/2020\/10\/CHAZAY1.pdf\" target=\"_blank\" rel=\"noreferrer noopener\">ICI<\/a><\/p>\n\n\n\n<p>Plan du PLU pour Chazay (2), cliquez <a href=\"https:\/\/saintaubindesbois.fr\/wp-content\/uploads\/2020\/10\/CHAZAY2.pdf\" target=\"_blank\" rel=\"noreferrer noopener\">ICI<\/a><\/p>\n\n\n\n<p>Plan du PLU pour Le Petit Ch\u00eane, cliquez <a href=\"https:\/\/saintaubindesbois.fr\/wp-content\/uploads\/2020\/10\/LEPETITCHENE1.pdf\" target=\"_blank\" rel=\"noreferrer noopener\">ICI<\/a><\/p>\n\n\n\n<p>Plan du PLU pour Grognault, cliquez<a href=\"https:\/\/saintaubindesbois.fr\/wp-content\/uploads\/2020\/10\/GROGNAULT1.pdf\" target=\"_blank\" rel=\"noreferrer noopener\"> ICI<\/a><\/p>\n\n\n\n<div class=\"wp-block-file aligncenter\"><a href=\"https:\/\/saintaubindesbois.fr\/wp-content\/uploads\/2022\/04\/St-Aub-Plu-reglt.doc\"><strong>St-Aubin-Plu-reglement<\/strong><\/a><a href=\"https:\/\/saintaubindesbois.fr\/wp-content\/uploads\/2022\/04\/St-Aub-Plu-reglt.doc\" class=\"wp-block-file__button\" download>T\u00e9l\u00e9charger<\/a><\/div>\n\n\n\n<div class=\"wp-block-file aligncenter\"><a href=\"https:\/\/saintaubindesbois.fr\/wp-content\/uploads\/2022\/04\/LEGENDE-PLU.pdf\"><strong>LEGENDE-PLU<\/strong><\/a><a href=\"https:\/\/saintaubindesbois.fr\/wp-content\/uploads\/2022\/04\/LEGENDE-PLU.pdf\" class=\"wp-block-file__button\" download>T\u00e9l\u00e9charger<\/a><\/div>\n","protected":false},"excerpt":{"rendered":"<p>&#8211; Informations g\u00e9n\u00e9rales et incidences sur le territoire de la commune : Le territoire de la commune de Saint Aubin des Bois est divis\u00e9 en quatre zones&nbsp;: 1-Les zones urbanis\u00e9es&nbsp;: &hellip; <\/p>\n<p class=\"link-more\"><a href=\"https:\/\/saintaubindesbois.fr\/index.php\/plu\/\" class=\"more-link\">Continuer la lecture<span class=\"screen-reader-text\"> de &laquo;&nbsp;Le P.L.U. de la commune&nbsp;&raquo;<\/span><\/a><\/p>\n","protected":false},"author":1,"featured_media":0,"parent":0,"menu_order":0,"comment_status":"closed","ping_status":"closed","template":"","meta":{"footnotes":""},"class_list":["post-1425","page","type-page","status-publish","hentry"],"yoast_head":"<!-- This site is optimized with the Yoast SEO plugin v26.6 - https:\/\/yoast.com\/wordpress\/plugins\/seo\/ -->\n<title>Le P.L.U. de la commune &#8211; Saint Aubin des Bois<\/title>\n<meta name=\"robots\" content=\"index, follow, max-snippet:-1, max-image-preview:large, max-video-preview:-1\" \/>\n<link rel=\"canonical\" href=\"https:\/\/saintaubindesbois.fr\/index.php\/plu\/\" \/>\n<meta property=\"og:locale\" content=\"fr_FR\" \/>\n<meta property=\"og:type\" content=\"article\" \/>\n<meta property=\"og:title\" content=\"Le P.L.U. de la commune &#8211; Saint Aubin des Bois\" \/>\n<meta property=\"og:description\" content=\"&#8211; Informations g\u00e9n\u00e9rales et incidences sur le territoire de la commune : Le territoire de la commune de Saint Aubin des Bois est divis\u00e9 en quatre zones&nbsp;: 1-Les zones urbanis\u00e9es&nbsp;: &hellip; Continuer la lecture de &laquo;&nbsp;Le P.L.U. de la commune&nbsp;&raquo;\" \/>\n<meta property=\"og:url\" content=\"https:\/\/saintaubindesbois.fr\/index.php\/plu\/\" \/>\n<meta property=\"og:site_name\" content=\"Saint Aubin des Bois\" \/>\n<meta property=\"article:modified_time\" content=\"2022-04-12T14:36:27+00:00\" \/>\n<meta property=\"og:image\" content=\"http:\/\/saintaubindesbois.fr\/wp-content\/uploads\/2020\/06\/imagePLU.jpg\" \/>\n<meta name=\"twitter:card\" content=\"summary_large_image\" \/>\n<meta name=\"twitter:label1\" content=\"Dur\u00e9e de lecture estim\u00e9e\" \/>\n\t<meta name=\"twitter:data1\" content=\"3 minutes\" \/>\n<script type=\"application\/ld+json\" class=\"yoast-schema-graph\">{\"@context\":\"https:\/\/schema.org\",\"@graph\":[{\"@type\":\"WebPage\",\"@id\":\"https:\/\/saintaubindesbois.fr\/index.php\/plu\/\",\"url\":\"https:\/\/saintaubindesbois.fr\/index.php\/plu\/\",\"name\":\"Le P.L.U. de la commune &#8211; Saint Aubin des Bois\",\"isPartOf\":{\"@id\":\"https:\/\/saintaubindesbois.fr\/#website\"},\"primaryImageOfPage\":{\"@id\":\"https:\/\/saintaubindesbois.fr\/index.php\/plu\/#primaryimage\"},\"image\":{\"@id\":\"https:\/\/saintaubindesbois.fr\/index.php\/plu\/#primaryimage\"},\"thumbnailUrl\":\"http:\/\/saintaubindesbois.fr\/wp-content\/uploads\/2020\/06\/imagePLU.jpg\",\"datePublished\":\"2020-06-08T15:09:11+00:00\",\"dateModified\":\"2022-04-12T14:36:27+00:00\",\"breadcrumb\":{\"@id\":\"https:\/\/saintaubindesbois.fr\/index.php\/plu\/#breadcrumb\"},\"inLanguage\":\"fr-FR\",\"potentialAction\":[{\"@type\":\"ReadAction\",\"target\":[\"https:\/\/saintaubindesbois.fr\/index.php\/plu\/\"]}]},{\"@type\":\"ImageObject\",\"inLanguage\":\"fr-FR\",\"@id\":\"https:\/\/saintaubindesbois.fr\/index.php\/plu\/#primaryimage\",\"url\":\"https:\/\/saintaubindesbois.fr\/wp-content\/uploads\/2020\/06\/imagePLU.jpg\",\"contentUrl\":\"https:\/\/saintaubindesbois.fr\/wp-content\/uploads\/2020\/06\/imagePLU.jpg\",\"width\":282,\"height\":178},{\"@type\":\"BreadcrumbList\",\"@id\":\"https:\/\/saintaubindesbois.fr\/index.php\/plu\/#breadcrumb\",\"itemListElement\":[{\"@type\":\"ListItem\",\"position\":1,\"name\":\"Accueil\",\"item\":\"https:\/\/saintaubindesbois.fr\/\"},{\"@type\":\"ListItem\",\"position\":2,\"name\":\"Le P.L.U. de la commune\"}]},{\"@type\":\"WebSite\",\"@id\":\"https:\/\/saintaubindesbois.fr\/#website\",\"url\":\"https:\/\/saintaubindesbois.fr\/\",\"name\":\"Saint Aubin des Bois\",\"description\":\"28300\",\"publisher\":{\"@id\":\"https:\/\/saintaubindesbois.fr\/#organization\"},\"potentialAction\":[{\"@type\":\"SearchAction\",\"target\":{\"@type\":\"EntryPoint\",\"urlTemplate\":\"https:\/\/saintaubindesbois.fr\/?s={search_term_string}\"},\"query-input\":{\"@type\":\"PropertyValueSpecification\",\"valueRequired\":true,\"valueName\":\"search_term_string\"}}],\"inLanguage\":\"fr-FR\"},{\"@type\":\"Organization\",\"@id\":\"https:\/\/saintaubindesbois.fr\/#organization\",\"name\":\"Saint Aubin des Bois\",\"url\":\"https:\/\/saintaubindesbois.fr\/\",\"logo\":{\"@type\":\"ImageObject\",\"inLanguage\":\"fr-FR\",\"@id\":\"https:\/\/saintaubindesbois.fr\/#\/schema\/logo\/image\/\",\"url\":\"https:\/\/saintaubindesbois.fr\/wp-content\/uploads\/2020\/05\/LogoMairie.jpg\",\"contentUrl\":\"https:\/\/saintaubindesbois.fr\/wp-content\/uploads\/2020\/05\/LogoMairie.jpg\",\"width\":128,\"height\":90,\"caption\":\"Saint Aubin des Bois\"},\"image\":{\"@id\":\"https:\/\/saintaubindesbois.fr\/#\/schema\/logo\/image\/\"}}]}<\/script>\n<!-- \/ Yoast SEO plugin. -->","yoast_head_json":{"title":"Le P.L.U. de la commune &#8211; Saint Aubin des Bois","robots":{"index":"index","follow":"follow","max-snippet":"max-snippet:-1","max-image-preview":"max-image-preview:large","max-video-preview":"max-video-preview:-1"},"canonical":"https:\/\/saintaubindesbois.fr\/index.php\/plu\/","og_locale":"fr_FR","og_type":"article","og_title":"Le P.L.U. de la commune &#8211; Saint Aubin des Bois","og_description":"&#8211; Informations g\u00e9n\u00e9rales et incidences sur le territoire de la commune : Le territoire de la commune de Saint Aubin des Bois est divis\u00e9 en quatre zones&nbsp;: 1-Les zones urbanis\u00e9es&nbsp;: &hellip; Continuer la lecture de &laquo;&nbsp;Le P.L.U. de la commune&nbsp;&raquo;","og_url":"https:\/\/saintaubindesbois.fr\/index.php\/plu\/","og_site_name":"Saint Aubin des Bois","article_modified_time":"2022-04-12T14:36:27+00:00","og_image":[{"url":"http:\/\/saintaubindesbois.fr\/wp-content\/uploads\/2020\/06\/imagePLU.jpg","type":"","width":"","height":""}],"twitter_card":"summary_large_image","twitter_misc":{"Dur\u00e9e de lecture estim\u00e9e":"3 minutes"},"schema":{"@context":"https:\/\/schema.org","@graph":[{"@type":"WebPage","@id":"https:\/\/saintaubindesbois.fr\/index.php\/plu\/","url":"https:\/\/saintaubindesbois.fr\/index.php\/plu\/","name":"Le P.L.U. de la commune &#8211; Saint Aubin des Bois","isPartOf":{"@id":"https:\/\/saintaubindesbois.fr\/#website"},"primaryImageOfPage":{"@id":"https:\/\/saintaubindesbois.fr\/index.php\/plu\/#primaryimage"},"image":{"@id":"https:\/\/saintaubindesbois.fr\/index.php\/plu\/#primaryimage"},"thumbnailUrl":"http:\/\/saintaubindesbois.fr\/wp-content\/uploads\/2020\/06\/imagePLU.jpg","datePublished":"2020-06-08T15:09:11+00:00","dateModified":"2022-04-12T14:36:27+00:00","breadcrumb":{"@id":"https:\/\/saintaubindesbois.fr\/index.php\/plu\/#breadcrumb"},"inLanguage":"fr-FR","potentialAction":[{"@type":"ReadAction","target":["https:\/\/saintaubindesbois.fr\/index.php\/plu\/"]}]},{"@type":"ImageObject","inLanguage":"fr-FR","@id":"https:\/\/saintaubindesbois.fr\/index.php\/plu\/#primaryimage","url":"https:\/\/saintaubindesbois.fr\/wp-content\/uploads\/2020\/06\/imagePLU.jpg","contentUrl":"https:\/\/saintaubindesbois.fr\/wp-content\/uploads\/2020\/06\/imagePLU.jpg","width":282,"height":178},{"@type":"BreadcrumbList","@id":"https:\/\/saintaubindesbois.fr\/index.php\/plu\/#breadcrumb","itemListElement":[{"@type":"ListItem","position":1,"name":"Accueil","item":"https:\/\/saintaubindesbois.fr\/"},{"@type":"ListItem","position":2,"name":"Le P.L.U. de la commune"}]},{"@type":"WebSite","@id":"https:\/\/saintaubindesbois.fr\/#website","url":"https:\/\/saintaubindesbois.fr\/","name":"Saint Aubin des Bois","description":"28300","publisher":{"@id":"https:\/\/saintaubindesbois.fr\/#organization"},"potentialAction":[{"@type":"SearchAction","target":{"@type":"EntryPoint","urlTemplate":"https:\/\/saintaubindesbois.fr\/?s={search_term_string}"},"query-input":{"@type":"PropertyValueSpecification","valueRequired":true,"valueName":"search_term_string"}}],"inLanguage":"fr-FR"},{"@type":"Organization","@id":"https:\/\/saintaubindesbois.fr\/#organization","name":"Saint Aubin des Bois","url":"https:\/\/saintaubindesbois.fr\/","logo":{"@type":"ImageObject","inLanguage":"fr-FR","@id":"https:\/\/saintaubindesbois.fr\/#\/schema\/logo\/image\/","url":"https:\/\/saintaubindesbois.fr\/wp-content\/uploads\/2020\/05\/LogoMairie.jpg","contentUrl":"https:\/\/saintaubindesbois.fr\/wp-content\/uploads\/2020\/05\/LogoMairie.jpg","width":128,"height":90,"caption":"Saint Aubin des Bois"},"image":{"@id":"https:\/\/saintaubindesbois.fr\/#\/schema\/logo\/image\/"}}]}},"_links":{"self":[{"href":"https:\/\/saintaubindesbois.fr\/index.php\/wp-json\/wp\/v2\/pages\/1425","targetHints":{"allow":["GET"]}}],"collection":[{"href":"https:\/\/saintaubindesbois.fr\/index.php\/wp-json\/wp\/v2\/pages"}],"about":[{"href":"https:\/\/saintaubindesbois.fr\/index.php\/wp-json\/wp\/v2\/types\/page"}],"author":[{"embeddable":true,"href":"https:\/\/saintaubindesbois.fr\/index.php\/wp-json\/wp\/v2\/users\/1"}],"replies":[{"embeddable":true,"href":"https:\/\/saintaubindesbois.fr\/index.php\/wp-json\/wp\/v2\/comments?post=1425"}],"version-history":[{"count":17,"href":"https:\/\/saintaubindesbois.fr\/index.php\/wp-json\/wp\/v2\/pages\/1425\/revisions"}],"predecessor-version":[{"id":83793,"href":"https:\/\/saintaubindesbois.fr\/index.php\/wp-json\/wp\/v2\/pages\/1425\/revisions\/83793"}],"wp:attachment":[{"href":"https:\/\/saintaubindesbois.fr\/index.php\/wp-json\/wp\/v2\/media?parent=1425"}],"curies":[{"name":"wp","href":"https:\/\/api.w.org\/{rel}","templated":true}]}}