{"id":117,"date":"2020-05-26T14:59:01","date_gmt":"2020-05-26T12:59:01","guid":{"rendered":"http:\/\/saintaubindesbois.fr\/?page_id=117"},"modified":"2020-06-15T17:38:15","modified_gmt":"2020-06-15T15:38:15","slug":"securite","status":"publish","type":"page","link":"https:\/\/saintaubindesbois.fr\/index.php\/securite\/","title":{"rendered":"La s\u00e9curit\u00e9 avant tout<!-- wp:image {\"id\":2152,\"width\":143,\"height\":151,\"sizeSlug\":\"large\"} --> <figure class=\"wp-block-image size-large is-resized\"><img src=\"http:\/\/saintaubindesbois.fr\/wp-content\/uploads\/2020\/06\/lasecurite.jpg\" alt=\"\" class=\"wp-image-2152\" width=\"143\" height=\"151\"\/><\/figure> <!-- \/wp:image -->"},"content":{"rendered":"\n<hr class=\"wp-block-separator is-style-dots\"\/>\n\n\n\n<figure class=\"wp-block-image size-large is-resized\"><a href=\"http:\/\/saintaubindesbois.fr\/wp-content\/uploads\/2020\/06\/securiteroutierelogo.png\" target=\"_blank\" rel=\"noopener noreferrer\"><img loading=\"lazy\" decoding=\"async\" src=\"http:\/\/saintaubindesbois.fr\/wp-content\/uploads\/2020\/06\/securiteroutierelogo.png\" alt=\"\" class=\"wp-image-1357\" width=\"272\" height=\"108\" srcset=\"https:\/\/saintaubindesbois.fr\/wp-content\/uploads\/2020\/06\/securiteroutierelogo.png 356w, https:\/\/saintaubindesbois.fr\/wp-content\/uploads\/2020\/06\/securiteroutierelogo-300x119.png 300w\" sizes=\"auto, (max-width: 272px) 100vw, 272px\" \/><\/a><\/figure>\n\n\n\n<p>Rappelons la d\u00e9finition de la S\u00e9curit\u00e9 routi\u00e8re : c\u2019est l\u2019ensemble des r\u00e8gles et services qui ont pour but d\u2019assurer la s\u00e9curit\u00e9 des usagers de la route. C\u2019est aussi un organisme fran\u00e7ais d\u2019\u00c9tat appel\u00e9 DSCR (D\u00e9l\u00e9gation \u00e0 la S\u00e9curit\u00e9 et \u00e0 la Circulation Routi\u00e8res), cr\u00e9\u00e9 en 1982. La s\u00e9curit\u00e9 routi\u00e8re, c\u2019est encore vous et moi, c\u2019est la responsabilit\u00e9 de chacun, c\u2019est celle des maires et des conseillers.<\/p>\n\n\n\n<p>\u00c0 Saint-Aubin des Bois, afin d\u2019assurer cette s\u00e9curit\u00e9, le Conseil Municipal a d\u00fb mettre en place un certain nombre de dispositifs sur le territoire de la commune, notamment des STOPS. A ce sujet, nous aimerions attirer votre attention : \u00eatre prioritaire \u00e0 un croisement ne dispense pas de ralentir et d\u2019\u00eatre vigilant ; en effet, un STOP grill\u00e9 n\u2019est pas un fait si rare que \u00e7a.<\/p>\n\n\n\n<p>Si le probl\u00e8me est abord\u00e9 dans ce bulletin, c\u2019est que, malheureusement, certains automobilistes n\u2019ont pas r\u00e9alis\u00e9 l\u2019importance d\u2019\u00eatre prudents aux intersections pourvues d\u2019un STOP (quand bien m\u00eame ils auraient la priorit\u00e9 !). Nous esp\u00e9rons que cet article les encouragera \u00e0 conduire autrement, pour leur propre s\u00e9curit\u00e9 d\u00e9j\u00e0, ensuite pour celle des autres. N\u2019oublions pas, entre autres, que de nombreux enfants roulent \u00e0 bicyclette dans le bourg et peuvent subir les cons\u00e9quences d\u2019une vitesse excessive.<\/p>\n\n\n\n<figure class=\"wp-block-image size-large is-resized\"><a href=\"http:\/\/saintaubindesbois.fr\/wp-content\/uploads\/2020\/06\/securiteroutierepanneaux.jpg\" target=\"_blank\" rel=\"noopener noreferrer\"><img loading=\"lazy\" decoding=\"async\" src=\"http:\/\/saintaubindesbois.fr\/wp-content\/uploads\/2020\/06\/securiteroutierepanneaux.jpg\" alt=\"\" class=\"wp-image-1356\" width=\"308\" height=\"143\" srcset=\"https:\/\/saintaubindesbois.fr\/wp-content\/uploads\/2020\/06\/securiteroutierepanneaux.jpg 330w, https:\/\/saintaubindesbois.fr\/wp-content\/uploads\/2020\/06\/securiteroutierepanneaux-300x139.jpg 300w\" sizes=\"auto, (max-width: 308px) 100vw, 308px\" \/><\/a><\/figure>\n\n\n\n<p>Concernant le stationnement sur les trottoirs, il faut aussi rappeler que c\u2019est seulement une tol\u00e9rance admise par le Maire. Les trottoirs \u00e9tant r\u00e9serv\u00e9s logiquement aux pi\u00e9tons, il est imp\u00e9ratif, pour des raisons de s\u00e9curit\u00e9, de laisser au minimum le passage d\u2019un landau ou d\u2019une poussette. En cas d\u2019accident, dont un pi\u00e9ton en serait malheureusement la victime, la responsabilit\u00e9 du v\u00e9hicule mal stationn\u00e9 serait engag\u00e9e.<\/p>\n\n\n\n<p>Alors merci \u00e0 chacune et \u00e0 chacun de contribuer \u00e0 la s\u00e9curit\u00e9 de notre village !<\/p>\n\n\n\n<p>Finalement, et pour r\u00e9sumer, ne pourrait-on pas dire que la S\u00e9curit\u00e9 routi\u00e8re c\u2019est avant tout le proverbe :<\/p>\n\n\n\n<blockquote class=\"wp-block-quote is-layout-flow wp-block-quote-is-layout-flow\"><p><strong>Ne fais pas aux autres ce que tu n&rsquo;aimerais pas que l&rsquo;on te fasse !<\/strong><\/p><\/blockquote>\n\n\n\n<p>Apprenons-le \u00e0 nos enfants !<\/p>\n\n\n\n<hr class=\"wp-block-separator is-style-dots\"\/>\n\n\n\n<p>Guy L\u00e9beron,<br>Correspondant S\u00e9curit\u00e9 routi\u00e8re<\/p>\n","protected":false},"excerpt":{"rendered":"<p>Rappelons la d\u00e9finition de la S\u00e9curit\u00e9 routi\u00e8re : c\u2019est l\u2019ensemble des r\u00e8gles et services qui ont pour but d\u2019assurer la s\u00e9curit\u00e9 des usagers de la route. C\u2019est aussi un organisme &hellip; <\/p>\n<p class=\"link-more\"><a href=\"https:\/\/saintaubindesbois.fr\/index.php\/securite\/\" class=\"more-link\">Continuer la lecture<span class=\"screen-reader-text\"> de &laquo;&nbsp;La s\u00e9curit\u00e9 avant tout<!-- wp:image {\"id\":2152,\"width\":143,\"height\":151,\"sizeSlug\":\"large\"} --> <\/p>\n<figure class=\"wp-block-image size-large is-resized\"><img loading=\"lazy\" decoding=\"async\" src=\"http:\/\/saintaubindesbois.fr\/wp-content\/uploads\/2020\/06\/lasecurite.jpg\" alt=\"\" class=\"wp-image-2152\" width=\"143\" height=\"151\"\/><\/figure>\n<p> <!-- \/wp:image -->&nbsp;&raquo;<\/span><\/a><\/p>\n","protected":false},"author":1,"featured_media":0,"parent":0,"menu_order":0,"comment_status":"closed","ping_status":"closed","template":"","meta":{"footnotes":""},"class_list":["post-117","page","type-page","status-publish","hentry"],"yoast_head":"<!-- This site is optimized with the Yoast SEO plugin v26.6 - https:\/\/yoast.com\/wordpress\/plugins\/seo\/ -->\n<title>La s\u00e9curit\u00e9 avant tout   &#8211; Saint Aubin des Bois<\/title>\n<meta name=\"robots\" content=\"index, follow, max-snippet:-1, max-image-preview:large, max-video-preview:-1\" \/>\n<link rel=\"canonical\" href=\"https:\/\/saintaubindesbois.fr\/index.php\/securite\/\" \/>\n<meta property=\"og:locale\" content=\"fr_FR\" \/>\n<meta property=\"og:type\" content=\"article\" \/>\n<meta property=\"og:title\" content=\"La s\u00e9curit\u00e9 avant tout   &#8211; Saint Aubin des Bois\" \/>\n<meta property=\"og:description\" content=\"Rappelons la d\u00e9finition de la S\u00e9curit\u00e9 routi\u00e8re : c\u2019est l\u2019ensemble des r\u00e8gles et services qui ont pour but d\u2019assurer la s\u00e9curit\u00e9 des usagers de la route. C\u2019est aussi un organisme &hellip; Continuer la lecture de &laquo;&nbsp;La s\u00e9curit\u00e9 avant tout &nbsp;&raquo;\" \/>\n<meta property=\"og:url\" content=\"https:\/\/saintaubindesbois.fr\/index.php\/securite\/\" \/>\n<meta property=\"og:site_name\" content=\"Saint Aubin des Bois\" \/>\n<meta property=\"article:modified_time\" content=\"2020-06-15T15:38:15+00:00\" \/>\n<meta property=\"og:image\" content=\"http:\/\/saintaubindesbois.fr\/wp-content\/uploads\/2020\/06\/securiteroutierelogo.png\" \/>\n<meta name=\"twitter:card\" content=\"summary_large_image\" \/>\n<meta name=\"twitter:label1\" content=\"Dur\u00e9e de lecture estim\u00e9e\" \/>\n\t<meta name=\"twitter:data1\" content=\"2 minutes\" \/>\n<script type=\"application\/ld+json\" class=\"yoast-schema-graph\">{\"@context\":\"https:\/\/schema.org\",\"@graph\":[{\"@type\":\"WebPage\",\"@id\":\"https:\/\/saintaubindesbois.fr\/index.php\/securite\/\",\"url\":\"https:\/\/saintaubindesbois.fr\/index.php\/securite\/\",\"name\":\"La s\u00e9curit\u00e9 avant tout &#8211; Saint Aubin des Bois\",\"isPartOf\":{\"@id\":\"https:\/\/saintaubindesbois.fr\/#website\"},\"primaryImageOfPage\":{\"@id\":\"https:\/\/saintaubindesbois.fr\/index.php\/securite\/#primaryimage\"},\"image\":{\"@id\":\"https:\/\/saintaubindesbois.fr\/index.php\/securite\/#primaryimage\"},\"thumbnailUrl\":\"http:\/\/saintaubindesbois.fr\/wp-content\/uploads\/2020\/06\/securiteroutierelogo.png\",\"datePublished\":\"2020-05-26T12:59:01+00:00\",\"dateModified\":\"2020-06-15T15:38:15+00:00\",\"breadcrumb\":{\"@id\":\"https:\/\/saintaubindesbois.fr\/index.php\/securite\/#breadcrumb\"},\"inLanguage\":\"fr-FR\",\"potentialAction\":[{\"@type\":\"ReadAction\",\"target\":[\"https:\/\/saintaubindesbois.fr\/index.php\/securite\/\"]}]},{\"@type\":\"ImageObject\",\"inLanguage\":\"fr-FR\",\"@id\":\"https:\/\/saintaubindesbois.fr\/index.php\/securite\/#primaryimage\",\"url\":\"https:\/\/saintaubindesbois.fr\/wp-content\/uploads\/2020\/06\/securiteroutierelogo.png\",\"contentUrl\":\"https:\/\/saintaubindesbois.fr\/wp-content\/uploads\/2020\/06\/securiteroutierelogo.png\",\"width\":356,\"height\":141},{\"@type\":\"BreadcrumbList\",\"@id\":\"https:\/\/saintaubindesbois.fr\/index.php\/securite\/#breadcrumb\",\"itemListElement\":[{\"@type\":\"ListItem\",\"position\":1,\"name\":\"Accueil\",\"item\":\"https:\/\/saintaubindesbois.fr\/\"},{\"@type\":\"ListItem\",\"position\":2,\"name\":\"La s\u00e9curit\u00e9 avant tout\"}]},{\"@type\":\"WebSite\",\"@id\":\"https:\/\/saintaubindesbois.fr\/#website\",\"url\":\"https:\/\/saintaubindesbois.fr\/\",\"name\":\"Saint Aubin des Bois\",\"description\":\"28300\",\"publisher\":{\"@id\":\"https:\/\/saintaubindesbois.fr\/#organization\"},\"potentialAction\":[{\"@type\":\"SearchAction\",\"target\":{\"@type\":\"EntryPoint\",\"urlTemplate\":\"https:\/\/saintaubindesbois.fr\/?s={search_term_string}\"},\"query-input\":{\"@type\":\"PropertyValueSpecification\",\"valueRequired\":true,\"valueName\":\"search_term_string\"}}],\"inLanguage\":\"fr-FR\"},{\"@type\":\"Organization\",\"@id\":\"https:\/\/saintaubindesbois.fr\/#organization\",\"name\":\"Saint Aubin des Bois\",\"url\":\"https:\/\/saintaubindesbois.fr\/\",\"logo\":{\"@type\":\"ImageObject\",\"inLanguage\":\"fr-FR\",\"@id\":\"https:\/\/saintaubindesbois.fr\/#\/schema\/logo\/image\/\",\"url\":\"https:\/\/saintaubindesbois.fr\/wp-content\/uploads\/2020\/05\/LogoMairie.jpg\",\"contentUrl\":\"https:\/\/saintaubindesbois.fr\/wp-content\/uploads\/2020\/05\/LogoMairie.jpg\",\"width\":128,\"height\":90,\"caption\":\"Saint Aubin des Bois\"},\"image\":{\"@id\":\"https:\/\/saintaubindesbois.fr\/#\/schema\/logo\/image\/\"}}]}<\/script>\n<!-- \/ Yoast SEO plugin. -->","yoast_head_json":{"title":"La s\u00e9curit\u00e9 avant tout   &#8211; Saint Aubin des Bois","robots":{"index":"index","follow":"follow","max-snippet":"max-snippet:-1","max-image-preview":"max-image-preview:large","max-video-preview":"max-video-preview:-1"},"canonical":"https:\/\/saintaubindesbois.fr\/index.php\/securite\/","og_locale":"fr_FR","og_type":"article","og_title":"La s\u00e9curit\u00e9 avant tout   &#8211; Saint Aubin des Bois","og_description":"Rappelons la d\u00e9finition de la S\u00e9curit\u00e9 routi\u00e8re : c\u2019est l\u2019ensemble des r\u00e8gles et services qui ont pour but d\u2019assurer la s\u00e9curit\u00e9 des usagers de la route. C\u2019est aussi un organisme &hellip; Continuer la lecture de &laquo;&nbsp;La s\u00e9curit\u00e9 avant tout &nbsp;&raquo;","og_url":"https:\/\/saintaubindesbois.fr\/index.php\/securite\/","og_site_name":"Saint Aubin des Bois","article_modified_time":"2020-06-15T15:38:15+00:00","og_image":[{"url":"http:\/\/saintaubindesbois.fr\/wp-content\/uploads\/2020\/06\/securiteroutierelogo.png","type":"","width":"","height":""}],"twitter_card":"summary_large_image","twitter_misc":{"Dur\u00e9e de lecture estim\u00e9e":"2 minutes"},"schema":{"@context":"https:\/\/schema.org","@graph":[{"@type":"WebPage","@id":"https:\/\/saintaubindesbois.fr\/index.php\/securite\/","url":"https:\/\/saintaubindesbois.fr\/index.php\/securite\/","name":"La s\u00e9curit\u00e9 avant tout &#8211; Saint Aubin des Bois","isPartOf":{"@id":"https:\/\/saintaubindesbois.fr\/#website"},"primaryImageOfPage":{"@id":"https:\/\/saintaubindesbois.fr\/index.php\/securite\/#primaryimage"},"image":{"@id":"https:\/\/saintaubindesbois.fr\/index.php\/securite\/#primaryimage"},"thumbnailUrl":"http:\/\/saintaubindesbois.fr\/wp-content\/uploads\/2020\/06\/securiteroutierelogo.png","datePublished":"2020-05-26T12:59:01+00:00","dateModified":"2020-06-15T15:38:15+00:00","breadcrumb":{"@id":"https:\/\/saintaubindesbois.fr\/index.php\/securite\/#breadcrumb"},"inLanguage":"fr-FR","potentialAction":[{"@type":"ReadAction","target":["https:\/\/saintaubindesbois.fr\/index.php\/securite\/"]}]},{"@type":"ImageObject","inLanguage":"fr-FR","@id":"https:\/\/saintaubindesbois.fr\/index.php\/securite\/#primaryimage","url":"https:\/\/saintaubindesbois.fr\/wp-content\/uploads\/2020\/06\/securiteroutierelogo.png","contentUrl":"https:\/\/saintaubindesbois.fr\/wp-content\/uploads\/2020\/06\/securiteroutierelogo.png","width":356,"height":141},{"@type":"BreadcrumbList","@id":"https:\/\/saintaubindesbois.fr\/index.php\/securite\/#breadcrumb","itemListElement":[{"@type":"ListItem","position":1,"name":"Accueil","item":"https:\/\/saintaubindesbois.fr\/"},{"@type":"ListItem","position":2,"name":"La s\u00e9curit\u00e9 avant tout"}]},{"@type":"WebSite","@id":"https:\/\/saintaubindesbois.fr\/#website","url":"https:\/\/saintaubindesbois.fr\/","name":"Saint Aubin des Bois","description":"28300","publisher":{"@id":"https:\/\/saintaubindesbois.fr\/#organization"},"potentialAction":[{"@type":"SearchAction","target":{"@type":"EntryPoint","urlTemplate":"https:\/\/saintaubindesbois.fr\/?s={search_term_string}"},"query-input":{"@type":"PropertyValueSpecification","valueRequired":true,"valueName":"search_term_string"}}],"inLanguage":"fr-FR"},{"@type":"Organization","@id":"https:\/\/saintaubindesbois.fr\/#organization","name":"Saint Aubin des Bois","url":"https:\/\/saintaubindesbois.fr\/","logo":{"@type":"ImageObject","inLanguage":"fr-FR","@id":"https:\/\/saintaubindesbois.fr\/#\/schema\/logo\/image\/","url":"https:\/\/saintaubindesbois.fr\/wp-content\/uploads\/2020\/05\/LogoMairie.jpg","contentUrl":"https:\/\/saintaubindesbois.fr\/wp-content\/uploads\/2020\/05\/LogoMairie.jpg","width":128,"height":90,"caption":"Saint Aubin des Bois"},"image":{"@id":"https:\/\/saintaubindesbois.fr\/#\/schema\/logo\/image\/"}}]}},"_links":{"self":[{"href":"https:\/\/saintaubindesbois.fr\/index.php\/wp-json\/wp\/v2\/pages\/117","targetHints":{"allow":["GET"]}}],"collection":[{"href":"https:\/\/saintaubindesbois.fr\/index.php\/wp-json\/wp\/v2\/pages"}],"about":[{"href":"https:\/\/saintaubindesbois.fr\/index.php\/wp-json\/wp\/v2\/types\/page"}],"author":[{"embeddable":true,"href":"https:\/\/saintaubindesbois.fr\/index.php\/wp-json\/wp\/v2\/users\/1"}],"replies":[{"embeddable":true,"href":"https:\/\/saintaubindesbois.fr\/index.php\/wp-json\/wp\/v2\/comments?post=117"}],"version-history":[{"count":30,"href":"https:\/\/saintaubindesbois.fr\/index.php\/wp-json\/wp\/v2\/pages\/117\/revisions"}],"predecessor-version":[{"id":23016,"href":"https:\/\/saintaubindesbois.fr\/index.php\/wp-json\/wp\/v2\/pages\/117\/revisions\/23016"}],"wp:attachment":[{"href":"https:\/\/saintaubindesbois.fr\/index.php\/wp-json\/wp\/v2\/media?parent=117"}],"curies":[{"name":"wp","href":"https:\/\/api.w.org\/{rel}","templated":true}]}}