{"id":101,"date":"2020-05-26T14:43:02","date_gmt":"2020-05-26T12:43:02","guid":{"rendered":"http:\/\/saintaubindesbois.fr\/?page_id=101"},"modified":"2024-02-08T11:29:35","modified_gmt":"2024-02-08T10:29:35","slug":"bibliotheque","status":"publish","type":"page","link":"https:\/\/saintaubindesbois.fr\/index.php\/bibliotheque\/","title":{"rendered":"La biblioth\u00e8que municipale<!-- wp:image {\"id\":507,\"width\":264,\"height\":197,\"sizeSlug\":\"large\"} --> <figure class=\"wp-block-image size-large is-resized\"><img src=\"http:\/\/saintaubindesbois.fr\/wp-content\/uploads\/2020\/05\/015-1024x768.jpg\" alt=\"\" class=\"wp-image-507\" width=\"264\" height=\"197\"\/><\/figure> <!-- \/wp:image -->"},"content":{"rendered":"\n<h6 class=\"wp-block-heading\">&#8211; Horaires : \u231a<\/h6>\n\n\n\n<ul class=\"wp-block-list\">\n<li>Le Mercredi de 17h \u00e0 18h<\/li>\n\n\n\n<li>Le Vendredi de 12h00 \u00e0 13h30h<\/li>\n<\/ul>\n\n\n\n<hr class=\"wp-block-separator has-css-opacity is-style-default\"\/>\n\n\n\n<h6 class=\"wp-block-heading\">&#8211; Contacts :<\/h6>\n\n\n\n<ul class=\"wp-block-list\">\n<li>Fran\u00e7oise :\n<ul class=\"wp-block-list\">\n<li>T\u00e9l : \ud83d\udcde 02 37 32 94 94<\/li>\n\n\n\n<li>Port : \ud83d\udcf1 06 11 75 65 24<\/li>\n<\/ul>\n<\/li>\n\n\n\n<li>Anne-Marie :\n<ul class=\"wp-block-list\">\n<li>T\u00e9l : \ud83d\udcde 02 37 22 50 24<\/li>\n\n\n\n<li>Port : \ud83d\udcf1 06 64 94 56 74<\/li>\n<\/ul>\n<\/li>\n<\/ul>\n\n\n\n<figure class=\"wp-block-image size-large is-resized\"><a href=\"http:\/\/saintaubindesbois.fr\/wp-content\/uploads\/2020\/05\/2018_bibliotheque_1.jpg\" target=\"_blank\" rel=\"noopener noreferrer\"><img loading=\"lazy\" decoding=\"async\" width=\"600\" height=\"337\" src=\"http:\/\/saintaubindesbois.fr\/wp-content\/uploads\/2020\/05\/2018_bibliotheque_1.jpg\" alt=\"\" class=\"wp-image-513\" style=\"width:305px;height:171px\" srcset=\"https:\/\/saintaubindesbois.fr\/wp-content\/uploads\/2020\/05\/2018_bibliotheque_1.jpg 600w, https:\/\/saintaubindesbois.fr\/wp-content\/uploads\/2020\/05\/2018_bibliotheque_1-300x169.jpg 300w\" sizes=\"auto, (max-width: 600px) 100vw, 600px\" \/><\/a><\/figure>\n\n\n\n<hr class=\"wp-block-separator has-css-opacity is-style-default\"\/>\n\n\n\n<hr class=\"wp-block-separator has-css-opacity is-style-default\"\/>\n\n\n\n<h6 class=\"wp-block-heading\">&#8211; Nouveaut\u00e9s \/ changements :<\/h6>\n\n\n\n<p>Nous sommes heureuses de pouvoir accueillir nos lecteurs dans notre biblioth\u00e8que municipale qui se situe dans le parc de la salle communale.<\/p>\n\n\n\n<p>Nous avons un grand choix de livres, romans, documentaires, policiers, biographies, bandes dessin\u00e9es et albums pour enfants.<\/p>\n\n\n\n<p>Nous accueillons 140 enfants du groupe scolaire le vendredi pendant la pause d\u00e9jeuner pour l&#8217;emprunt de romans, albums, bandes dessin\u00e9es, documentaires &#8230; Nous accueillons \u00e9galement une vingtaine d&rsquo;adultes.<\/p>\n\n\n\n<p>Une fois par mois un \u00e9change de livres est effectu\u00e9 aupr\u00e8s de la biblioth\u00e8que de Fontaine la Guyon par l\u2019interm\u00e9diaire de la BDP (Biblioth\u00e8que D\u00e9partementale de Pr\u00eat)<\/p>\n\n\n\n<p>Nous sommes \u00e0 l\u2019\u00e9coute de tous nos lecteurs, n\u2019h\u00e9sitez pas \u00e0 nous faire part de vos souhaits en ce qui concerne le choix de livres, par courrier, par t\u00e9l\u00e9phone ou aux heures d\u2019ouverture.<\/p>\n\n\n<div class=\"wp-block-image\">\n<figure class=\"aligncenter size-large is-resized\"><a href=\"http:\/\/saintaubindesbois.fr\/wp-content\/uploads\/2020\/05\/011-scaled.jpg\" target=\"_blank\" rel=\"noopener noreferrer\"><img loading=\"lazy\" decoding=\"async\" width=\"1024\" height=\"768\" src=\"http:\/\/saintaubindesbois.fr\/wp-content\/uploads\/2020\/05\/011-1024x768.jpg\" alt=\"\" class=\"wp-image-516\" style=\"width:306px;height:230px\" srcset=\"https:\/\/saintaubindesbois.fr\/wp-content\/uploads\/2020\/05\/011-1024x768.jpg 1024w, https:\/\/saintaubindesbois.fr\/wp-content\/uploads\/2020\/05\/011-300x225.jpg 300w, https:\/\/saintaubindesbois.fr\/wp-content\/uploads\/2020\/05\/011-768x576.jpg 768w, https:\/\/saintaubindesbois.fr\/wp-content\/uploads\/2020\/05\/011-1536x1152.jpg 1536w, https:\/\/saintaubindesbois.fr\/wp-content\/uploads\/2020\/05\/011-2048x1536.jpg 2048w\" sizes=\"auto, (max-width: 706px) 89vw, (max-width: 767px) 82vw, 740px\" \/><\/a><\/figure>\n<\/div>\n\n\n<figure class=\"wp-block-gallery has-nested-images columns-default is-cropped wp-block-gallery-1 is-layout-flex wp-block-gallery-is-layout-flex\">\n<figure class=\"wp-block-image size-large\"><img loading=\"lazy\" decoding=\"async\" width=\"1024\" height=\"768\" data-id=\"18579\" src=\"https:\/\/saintaubindesbois.fr\/wp-content\/uploads\/2020\/11\/044-1024x768.jpg\" alt=\"\" class=\"wp-image-18579\" srcset=\"https:\/\/saintaubindesbois.fr\/wp-content\/uploads\/2020\/11\/044-1024x768.jpg 1024w, https:\/\/saintaubindesbois.fr\/wp-content\/uploads\/2020\/11\/044-300x225.jpg 300w, https:\/\/saintaubindesbois.fr\/wp-content\/uploads\/2020\/11\/044-768x576.jpg 768w, https:\/\/saintaubindesbois.fr\/wp-content\/uploads\/2020\/11\/044-1536x1152.jpg 1536w, https:\/\/saintaubindesbois.fr\/wp-content\/uploads\/2020\/11\/044-2048x1536.jpg 2048w\" sizes=\"auto, (max-width: 706px) 89vw, (max-width: 767px) 82vw, 740px\" \/><\/figure>\n\n\n\n<figure class=\"wp-block-image size-large\"><img loading=\"lazy\" decoding=\"async\" width=\"1024\" height=\"768\" data-id=\"18578\" src=\"https:\/\/saintaubindesbois.fr\/wp-content\/uploads\/2020\/11\/043-1024x768.jpg\" alt=\"\" class=\"wp-image-18578\" srcset=\"https:\/\/saintaubindesbois.fr\/wp-content\/uploads\/2020\/11\/043-1024x768.jpg 1024w, https:\/\/saintaubindesbois.fr\/wp-content\/uploads\/2020\/11\/043-300x225.jpg 300w, https:\/\/saintaubindesbois.fr\/wp-content\/uploads\/2020\/11\/043-768x576.jpg 768w, https:\/\/saintaubindesbois.fr\/wp-content\/uploads\/2020\/11\/043-1536x1152.jpg 1536w, https:\/\/saintaubindesbois.fr\/wp-content\/uploads\/2020\/11\/043-2048x1536.jpg 2048w\" sizes=\"auto, (max-width: 706px) 89vw, (max-width: 767px) 82vw, 740px\" \/><\/figure>\n<\/figure>\n\n\n\n<hr class=\"wp-block-separator has-css-opacity is-style-default\"\/>\n\n\n\n<h6 class=\"wp-block-heading\">&#8211; Infos utiles :<\/h6>\n\n\n\n<p>Pas de permanence pendant les vacances scolaires.<\/p>\n\n\n\n<p>La Biblioth\u00e8que D\u00e9partementale de Pr\u00eat (BDP) nous pr\u00eate des livres r\u00e9cents et pour un titre bien pr\u00e9cis il suffit de nous en faire la demande.<\/p>\n","protected":false},"excerpt":{"rendered":"<p>&#8211; Horaires : \u231a &#8211; Contacts : &#8211; Nouveaut\u00e9s \/ changements : Nous sommes heureuses de pouvoir accueillir nos lecteurs dans notre biblioth\u00e8que municipale qui se situe dans le parc &hellip; <\/p>\n<p class=\"link-more\"><a href=\"https:\/\/saintaubindesbois.fr\/index.php\/bibliotheque\/\" class=\"more-link\">Continuer la lecture<span class=\"screen-reader-text\"> de &laquo;&nbsp;La biblioth\u00e8que municipale<!-- wp:image {\"id\":507,\"width\":264,\"height\":197,\"sizeSlug\":\"large\"} --> <\/p>\n<figure class=\"wp-block-image size-large is-resized\"><img loading=\"lazy\" decoding=\"async\" src=\"http:\/\/saintaubindesbois.fr\/wp-content\/uploads\/2020\/05\/015-1024x768.jpg\" alt=\"\" class=\"wp-image-507\" width=\"264\" height=\"197\" srcset=\"https:\/\/saintaubindesbois.fr\/wp-content\/uploads\/2020\/05\/015-1024x768.jpg 1024w, https:\/\/saintaubindesbois.fr\/wp-content\/uploads\/2020\/05\/015-300x225.jpg 300w, https:\/\/saintaubindesbois.fr\/wp-content\/uploads\/2020\/05\/015-768x576.jpg 768w, https:\/\/saintaubindesbois.fr\/wp-content\/uploads\/2020\/05\/015-1536x1152.jpg 1536w, https:\/\/saintaubindesbois.fr\/wp-content\/uploads\/2020\/05\/015-2048x1536.jpg 2048w\" sizes=\"auto, (max-width: 264px) 100vw, 264px\" \/><\/figure>\n<p> <!-- \/wp:image -->&nbsp;&raquo;<\/span><\/a><\/p>\n","protected":false},"author":1,"featured_media":0,"parent":0,"menu_order":0,"comment_status":"closed","ping_status":"closed","template":"","meta":{"footnotes":""},"class_list":["post-101","page","type-page","status-publish","hentry"],"yoast_head":"<!-- This site is optimized with the Yoast SEO plugin v26.6 - https:\/\/yoast.com\/wordpress\/plugins\/seo\/ -->\n<title>La biblioth\u00e8que municipale   &#8211; Saint Aubin des Bois<\/title>\n<meta name=\"robots\" content=\"index, follow, max-snippet:-1, max-image-preview:large, max-video-preview:-1\" \/>\n<link rel=\"canonical\" href=\"https:\/\/saintaubindesbois.fr\/index.php\/bibliotheque\/\" \/>\n<meta property=\"og:locale\" content=\"fr_FR\" \/>\n<meta property=\"og:type\" content=\"article\" \/>\n<meta property=\"og:title\" content=\"La biblioth\u00e8que municipale   &#8211; Saint Aubin des Bois\" \/>\n<meta property=\"og:description\" content=\"&#8211; Horaires : \u231a &#8211; Contacts : &#8211; Nouveaut\u00e9s \/ changements : Nous sommes heureuses de pouvoir accueillir nos lecteurs dans notre biblioth\u00e8que municipale qui se situe dans le parc &hellip; Continuer la lecture de &laquo;&nbsp;La biblioth\u00e8que municipale &nbsp;&raquo;\" \/>\n<meta property=\"og:url\" content=\"https:\/\/saintaubindesbois.fr\/index.php\/bibliotheque\/\" \/>\n<meta property=\"og:site_name\" content=\"Saint Aubin des Bois\" \/>\n<meta property=\"article:modified_time\" content=\"2024-02-08T10:29:35+00:00\" \/>\n<meta property=\"og:image\" content=\"http:\/\/saintaubindesbois.fr\/wp-content\/uploads\/2020\/05\/2018_bibliotheque_1.jpg\" \/>\n<meta name=\"twitter:card\" content=\"summary_large_image\" \/>\n<meta name=\"twitter:label1\" content=\"Dur\u00e9e de lecture estim\u00e9e\" \/>\n\t<meta name=\"twitter:data1\" content=\"2 minutes\" \/>\n<script type=\"application\/ld+json\" class=\"yoast-schema-graph\">{\"@context\":\"https:\/\/schema.org\",\"@graph\":[{\"@type\":\"WebPage\",\"@id\":\"https:\/\/saintaubindesbois.fr\/index.php\/bibliotheque\/\",\"url\":\"https:\/\/saintaubindesbois.fr\/index.php\/bibliotheque\/\",\"name\":\"La biblioth\u00e8que municipale &#8211; Saint Aubin des Bois\",\"isPartOf\":{\"@id\":\"https:\/\/saintaubindesbois.fr\/#website\"},\"primaryImageOfPage\":{\"@id\":\"https:\/\/saintaubindesbois.fr\/index.php\/bibliotheque\/#primaryimage\"},\"image\":{\"@id\":\"https:\/\/saintaubindesbois.fr\/index.php\/bibliotheque\/#primaryimage\"},\"thumbnailUrl\":\"http:\/\/saintaubindesbois.fr\/wp-content\/uploads\/2020\/05\/2018_bibliotheque_1.jpg\",\"datePublished\":\"2020-05-26T12:43:02+00:00\",\"dateModified\":\"2024-02-08T10:29:35+00:00\",\"breadcrumb\":{\"@id\":\"https:\/\/saintaubindesbois.fr\/index.php\/bibliotheque\/#breadcrumb\"},\"inLanguage\":\"fr-FR\",\"potentialAction\":[{\"@type\":\"ReadAction\",\"target\":[\"https:\/\/saintaubindesbois.fr\/index.php\/bibliotheque\/\"]}]},{\"@type\":\"ImageObject\",\"inLanguage\":\"fr-FR\",\"@id\":\"https:\/\/saintaubindesbois.fr\/index.php\/bibliotheque\/#primaryimage\",\"url\":\"https:\/\/saintaubindesbois.fr\/wp-content\/uploads\/2020\/05\/2018_bibliotheque_1.jpg\",\"contentUrl\":\"https:\/\/saintaubindesbois.fr\/wp-content\/uploads\/2020\/05\/2018_bibliotheque_1.jpg\",\"width\":600,\"height\":337},{\"@type\":\"BreadcrumbList\",\"@id\":\"https:\/\/saintaubindesbois.fr\/index.php\/bibliotheque\/#breadcrumb\",\"itemListElement\":[{\"@type\":\"ListItem\",\"position\":1,\"name\":\"Accueil\",\"item\":\"https:\/\/saintaubindesbois.fr\/\"},{\"@type\":\"ListItem\",\"position\":2,\"name\":\"La biblioth\u00e8que municipale\"}]},{\"@type\":\"WebSite\",\"@id\":\"https:\/\/saintaubindesbois.fr\/#website\",\"url\":\"https:\/\/saintaubindesbois.fr\/\",\"name\":\"Saint Aubin des Bois\",\"description\":\"28300\",\"publisher\":{\"@id\":\"https:\/\/saintaubindesbois.fr\/#organization\"},\"potentialAction\":[{\"@type\":\"SearchAction\",\"target\":{\"@type\":\"EntryPoint\",\"urlTemplate\":\"https:\/\/saintaubindesbois.fr\/?s={search_term_string}\"},\"query-input\":{\"@type\":\"PropertyValueSpecification\",\"valueRequired\":true,\"valueName\":\"search_term_string\"}}],\"inLanguage\":\"fr-FR\"},{\"@type\":\"Organization\",\"@id\":\"https:\/\/saintaubindesbois.fr\/#organization\",\"name\":\"Saint Aubin des Bois\",\"url\":\"https:\/\/saintaubindesbois.fr\/\",\"logo\":{\"@type\":\"ImageObject\",\"inLanguage\":\"fr-FR\",\"@id\":\"https:\/\/saintaubindesbois.fr\/#\/schema\/logo\/image\/\",\"url\":\"https:\/\/saintaubindesbois.fr\/wp-content\/uploads\/2020\/05\/LogoMairie.jpg\",\"contentUrl\":\"https:\/\/saintaubindesbois.fr\/wp-content\/uploads\/2020\/05\/LogoMairie.jpg\",\"width\":128,\"height\":90,\"caption\":\"Saint Aubin des Bois\"},\"image\":{\"@id\":\"https:\/\/saintaubindesbois.fr\/#\/schema\/logo\/image\/\"}}]}<\/script>\n<!-- \/ Yoast SEO plugin. -->","yoast_head_json":{"title":"La biblioth\u00e8que municipale   &#8211; Saint Aubin des Bois","robots":{"index":"index","follow":"follow","max-snippet":"max-snippet:-1","max-image-preview":"max-image-preview:large","max-video-preview":"max-video-preview:-1"},"canonical":"https:\/\/saintaubindesbois.fr\/index.php\/bibliotheque\/","og_locale":"fr_FR","og_type":"article","og_title":"La biblioth\u00e8que municipale   &#8211; Saint Aubin des Bois","og_description":"&#8211; Horaires : \u231a &#8211; Contacts : &#8211; Nouveaut\u00e9s \/ changements : Nous sommes heureuses de pouvoir accueillir nos lecteurs dans notre biblioth\u00e8que municipale qui se situe dans le parc &hellip; Continuer la lecture de &laquo;&nbsp;La biblioth\u00e8que municipale &nbsp;&raquo;","og_url":"https:\/\/saintaubindesbois.fr\/index.php\/bibliotheque\/","og_site_name":"Saint Aubin des Bois","article_modified_time":"2024-02-08T10:29:35+00:00","og_image":[{"url":"http:\/\/saintaubindesbois.fr\/wp-content\/uploads\/2020\/05\/2018_bibliotheque_1.jpg","type":"","width":"","height":""}],"twitter_card":"summary_large_image","twitter_misc":{"Dur\u00e9e de lecture estim\u00e9e":"2 minutes"},"schema":{"@context":"https:\/\/schema.org","@graph":[{"@type":"WebPage","@id":"https:\/\/saintaubindesbois.fr\/index.php\/bibliotheque\/","url":"https:\/\/saintaubindesbois.fr\/index.php\/bibliotheque\/","name":"La biblioth\u00e8que municipale &#8211; Saint Aubin des Bois","isPartOf":{"@id":"https:\/\/saintaubindesbois.fr\/#website"},"primaryImageOfPage":{"@id":"https:\/\/saintaubindesbois.fr\/index.php\/bibliotheque\/#primaryimage"},"image":{"@id":"https:\/\/saintaubindesbois.fr\/index.php\/bibliotheque\/#primaryimage"},"thumbnailUrl":"http:\/\/saintaubindesbois.fr\/wp-content\/uploads\/2020\/05\/2018_bibliotheque_1.jpg","datePublished":"2020-05-26T12:43:02+00:00","dateModified":"2024-02-08T10:29:35+00:00","breadcrumb":{"@id":"https:\/\/saintaubindesbois.fr\/index.php\/bibliotheque\/#breadcrumb"},"inLanguage":"fr-FR","potentialAction":[{"@type":"ReadAction","target":["https:\/\/saintaubindesbois.fr\/index.php\/bibliotheque\/"]}]},{"@type":"ImageObject","inLanguage":"fr-FR","@id":"https:\/\/saintaubindesbois.fr\/index.php\/bibliotheque\/#primaryimage","url":"https:\/\/saintaubindesbois.fr\/wp-content\/uploads\/2020\/05\/2018_bibliotheque_1.jpg","contentUrl":"https:\/\/saintaubindesbois.fr\/wp-content\/uploads\/2020\/05\/2018_bibliotheque_1.jpg","width":600,"height":337},{"@type":"BreadcrumbList","@id":"https:\/\/saintaubindesbois.fr\/index.php\/bibliotheque\/#breadcrumb","itemListElement":[{"@type":"ListItem","position":1,"name":"Accueil","item":"https:\/\/saintaubindesbois.fr\/"},{"@type":"ListItem","position":2,"name":"La biblioth\u00e8que municipale"}]},{"@type":"WebSite","@id":"https:\/\/saintaubindesbois.fr\/#website","url":"https:\/\/saintaubindesbois.fr\/","name":"Saint Aubin des Bois","description":"28300","publisher":{"@id":"https:\/\/saintaubindesbois.fr\/#organization"},"potentialAction":[{"@type":"SearchAction","target":{"@type":"EntryPoint","urlTemplate":"https:\/\/saintaubindesbois.fr\/?s={search_term_string}"},"query-input":{"@type":"PropertyValueSpecification","valueRequired":true,"valueName":"search_term_string"}}],"inLanguage":"fr-FR"},{"@type":"Organization","@id":"https:\/\/saintaubindesbois.fr\/#organization","name":"Saint Aubin des Bois","url":"https:\/\/saintaubindesbois.fr\/","logo":{"@type":"ImageObject","inLanguage":"fr-FR","@id":"https:\/\/saintaubindesbois.fr\/#\/schema\/logo\/image\/","url":"https:\/\/saintaubindesbois.fr\/wp-content\/uploads\/2020\/05\/LogoMairie.jpg","contentUrl":"https:\/\/saintaubindesbois.fr\/wp-content\/uploads\/2020\/05\/LogoMairie.jpg","width":128,"height":90,"caption":"Saint Aubin des Bois"},"image":{"@id":"https:\/\/saintaubindesbois.fr\/#\/schema\/logo\/image\/"}}]}},"_links":{"self":[{"href":"https:\/\/saintaubindesbois.fr\/index.php\/wp-json\/wp\/v2\/pages\/101","targetHints":{"allow":["GET"]}}],"collection":[{"href":"https:\/\/saintaubindesbois.fr\/index.php\/wp-json\/wp\/v2\/pages"}],"about":[{"href":"https:\/\/saintaubindesbois.fr\/index.php\/wp-json\/wp\/v2\/types\/page"}],"author":[{"embeddable":true,"href":"https:\/\/saintaubindesbois.fr\/index.php\/wp-json\/wp\/v2\/users\/1"}],"replies":[{"embeddable":true,"href":"https:\/\/saintaubindesbois.fr\/index.php\/wp-json\/wp\/v2\/comments?post=101"}],"version-history":[{"count":29,"href":"https:\/\/saintaubindesbois.fr\/index.php\/wp-json\/wp\/v2\/pages\/101\/revisions"}],"predecessor-version":[{"id":85416,"href":"https:\/\/saintaubindesbois.fr\/index.php\/wp-json\/wp\/v2\/pages\/101\/revisions\/85416"}],"wp:attachment":[{"href":"https:\/\/saintaubindesbois.fr\/index.php\/wp-json\/wp\/v2\/media?parent=101"}],"curies":[{"name":"wp","href":"https:\/\/api.w.org\/{rel}","templated":true}]}}